{"id":5993,"date":"2026-02-20T15:37:13","date_gmt":"2026-02-20T15:37:13","guid":{"rendered":"https:\/\/tapiocastudio.shop\/?post_type=product&#038;p=5993"},"modified":"2026-04-03T10:28:48","modified_gmt":"2026-04-03T10:28:48","slug":"azimutal-projektionsaffisch","status":"publish","type":"product","link":"https:\/\/tapiocastudio.shop\/sv\/product\/azimuthal-projection-poster\/","title":{"rendered":"Azimutal projektionsaffisch"},"content":{"rendered":"<p data-start=\"563\" data-end=\"697\">Denna poster f\u00f6rest\u00e4ller tv\u00e5 azimutala ekvidistanta projektioner av jorden.<br data-start=\"635\" data-end=\"638\" \/>En jordglob har sitt centrum vid 90\u00b0 nord. Den andra vid 90\u00b0 syd.<\/p>\n<p data-start=\"699\" data-end=\"718\">I denna projektion:<\/p>\n<p data-start=\"720\" data-end=\"875\">\u2022 Alla avst\u00e5nd m\u00e4tta fr\u00e5n mittpunkten \u00e4r skalenliga<br data-start=\"784\" data-end=\"787\" \/>\u2022 Riktningen fr\u00e5n mitten \u00e4r korrekt<br data-start=\"826\" data-end=\"829\" \/>\u2022 Distorsionen \u00f6kar mot ytterkanten<\/p>\n<p data-start=\"877\" data-end=\"1023\">N\u00e4r den yttre cirkeln \u00e4r centrerad p\u00e5 polerna representerar den ekvatorn. Longitudlinjerna str\u00e5lar ut\u00e5t och latituden visas som koncentriska ringar.<\/p>\n<p data-start=\"1025\" data-end=\"1131\">Resultatet \u00e4r en exakt och grafisk vy av v\u00e5r planet som utmanar den v\u00e4lbekanta rektangul\u00e4ra v\u00e4rldskartan.<\/p>\n<p data-start=\"1133\" data-end=\"1264\">Detta tryck \u00e4r designat f\u00f6r moderna interi\u00f6rer, studior, kontor och klassrum och kombinerar matematisk noggrannhet med dj\u00e4rv visuell effekt.<\/p>\n<h3 data-start=\"1266\" data-end=\"1273\">Detaljer<\/h3>\n<p data-start=\"1275\" data-end=\"1465\">\u2022 Projektion: Azimutal ekvidistant<br data-start=\"1310\" data-end=\"1313\" \/>\u2022 Nordpolen centrerad vid 90\u00b0 N<br data-start=\"1343\" data-end=\"1346\" \/>\u2022 Sydpolen centrerad vid 90\u00b0 S<br data-start=\"1376\" data-end=\"1379\" \/>\u2022 Datum: WGS84<br data-start=\"1421\" data-end=\"1424\" \/>\u2022 Tryckt p\u00e5 matt papper av museikvalitet<\/p>\n<h3 data-start=\"1467\" data-end=\"1480\">Vem \u00e4r det f\u00f6r<\/h3>\n<p data-start=\"1482\" data-end=\"1610\">\u2022 Designers och arkitekter<br data-start=\"1508\" data-end=\"1511\" \/>\u2022 Geografientusiaster<br data-start=\"1534\" data-end=\"1537\" \/>\u2022 L\u00e4rare och elever<br data-start=\"1560\" data-end=\"1563\" \/>\u2022 Alla som uppskattar datadriven v\u00e4ggkonst<\/p>\n<p data-start=\"1612\" data-end=\"1634\">","protected":false},"excerpt":{"rendered":"<p>Se v\u00e4rlden ovanifr\u00e5n. Denna poster med dubbla glober visar jorden genom den azimutala ekvidistantprojektionen, centrerad kring Nordpolen och Sydpolen. Avst\u00e5nden fr\u00e5n centrum visas i verklig skala, vilket avsl\u00f6jar ett helt annat s\u00e4tt att f\u00f6rst\u00e5 global geografi.<\/p>","protected":false},"featured_media":7516,"comment_status":"open","ping_status":"closed","template":"","meta":{"_acf_changed":false},"product_brand":[],"product_cat":[16,55],"product_tag":[],"class_list":{"0":"post-5993","1":"product","2":"type-product","3":"status-publish","4":"has-post-thumbnail","6":"product_cat-all-posters","7":"product_cat-world-maps","9":"first","10":"instock","11":"shipping-taxable","12":"purchasable","13":"product-type-variable"},"acf":[],"tiered_pricing_type":"fixed","tiered_pricing_fixed_rules":[],"tiered_pricing_product_settings":{"layout":"default","base_unit_name":{"singular":null,"plural":null},"default_variation":null},"tiered_pricing_minimum_quantity":null,"tiered_pricing_roles_data":[],"tiered_pricing_percentage_rules":[],"tiered_pricing_maximum_quantity":null,"tiered_pricing_quantity_step":null,"_links":{"self":[{"href":"https:\/\/tapiocastudio.shop\/sv\/wp-json\/wp\/v2\/product\/5993","targetHints":{"allow":["GET"]}}],"collection":[{"href":"https:\/\/tapiocastudio.shop\/sv\/wp-json\/wp\/v2\/product"}],"about":[{"href":"https:\/\/tapiocastudio.shop\/sv\/wp-json\/wp\/v2\/types\/product"}],"replies":[{"embeddable":true,"href":"https:\/\/tapiocastudio.shop\/sv\/wp-json\/wp\/v2\/comments?post=5993"}],"version-history":[{"count":4,"href":"https:\/\/tapiocastudio.shop\/sv\/wp-json\/wp\/v2\/product\/5993\/revisions"}],"predecessor-version":[{"id":6534,"href":"https:\/\/tapiocastudio.shop\/sv\/wp-json\/wp\/v2\/product\/5993\/revisions\/6534"}],"wp:featuredmedia":[{"embeddable":true,"href":"https:\/\/tapiocastudio.shop\/sv\/wp-json\/wp\/v2\/media\/7516"}],"wp:attachment":[{"href":"https:\/\/tapiocastudio.shop\/sv\/wp-json\/wp\/v2\/media?parent=5993"}],"wp:term":[{"taxonomy":"product_brand","embeddable":true,"href":"https:\/\/tapiocastudio.shop\/sv\/wp-json\/wp\/v2\/product_brand?post=5993"},{"taxonomy":"product_cat","embeddable":true,"href":"https:\/\/tapiocastudio.shop\/sv\/wp-json\/wp\/v2\/product_cat?post=5993"},{"taxonomy":"product_tag","embeddable":true,"href":"https:\/\/tapiocastudio.shop\/sv\/wp-json\/wp\/v2\/product_tag?post=5993"}],"curies":[{"name":"wp","href":"https:\/\/api.w.org\/{rel}","templated":true}]}}