{"id":5894,"date":"2026-02-18T05:12:08","date_gmt":"2026-02-18T05:12:08","guid":{"rendered":"https:\/\/tapiocastudio.shop\/?post_type=product&#038;p=5894"},"modified":"2026-04-09T11:32:02","modified_gmt":"2026-04-09T11:32:02","slug":"madrid-stadskarta-affisch","status":"publish","type":"product","link":"https:\/\/tapiocastudio.shop\/sv\/product\/madrid-city-map-poster\/","title":{"rendered":"Madrid stadskarta poster"},"content":{"rendered":"<p data-start=\"27\" data-end=\"114\">F\u00e5 in en klassisk v\u00e4rldskarta i ditt utrymme med detta detaljerade Mercator-projektionstryck.<\/p>\n<p data-start=\"116\" data-end=\"382\">Denna v\u00e4rldskartaffisch visar tydligt markerade l\u00e4nder och st\u00f6rre st\u00e4der, vilket ger dig en strukturerad och informativ bild av planeten. Mercatorprojektionen bevarar riktning och lokal form, vilket g\u00f6r den anv\u00e4ndbar f\u00f6r att f\u00f6rst\u00e5 navigering och globala rutter.<\/p>\n<p data-start=\"384\" data-end=\"426\">Vad inneh\u00e5ller denna Mercator-v\u00e4rldskarta?<\/p>\n<p data-start=\"428\" data-end=\"556\">\u2022 Alla l\u00e4nder m\u00e4rkta<br data-start=\"451\" data-end=\"454\" \/>\u2022 St\u00f6rre st\u00e4der markerade<br data-start=\"475\" data-end=\"478\" \/>\u2022 Tydligt rutn\u00e4t f\u00f6r latitud och longitud<br data-start=\"513\" data-end=\"516\" \/>\u2022 Traditionell rektangul\u00e4r v\u00e4rldslayout<\/p>\n<p data-start=\"558\" data-end=\"749\">Eftersom Mercatorprojektionen bevarar riktningen har den l\u00e4nge anv\u00e4nts f\u00f6r navigering och sj\u00f6kartor. Detta g\u00f6r den till en praktisk referens f\u00f6r klassrum, hemmastudierum och kontor.<\/p>\n<p data-start=\"751\" data-end=\"928\">Den monokromatiska bl\u00e5 designen skapar ett rent och modernt utseende som enkelt passar in i olika inredningar. Den fungerar bra b\u00e5de som pedagogisk v\u00e4ggkonst och som ett visuellt i\u00f6gonfallande f\u00f6rem\u00e5l.<\/p>\n<p data-start=\"930\" data-end=\"1112\">Tryckt med h\u00f6g uppl\u00f6sning p\u00e5 matt premiumpapper f\u00f6rblir varje kant, kustlinje och etikett skarp och l\u00e4ttl\u00e4st. Den icke-reflekterande ytan g\u00f6r att detaljerna syns i alla ljusf\u00f6rh\u00e5llanden.<\/p>\n<p data-start=\"1114\" data-end=\"1274\" data-is-last-node=\"\" data-is-only-node=\"\">Om du letar efter en detaljerad Mercator-v\u00e4rldskartaffisch med landsnamn och st\u00f6rre st\u00e4der, kombinerar detta tryck geografisk noggrannhet med en tidl\u00f6s design.<\/p>","protected":false},"excerpt":{"rendered":"<p data-start=\"1622\" data-end=\"1724\">A detailed map of Madrid designed to capture the city\u2019s unique form and flow. Printed on premium 250gsm matte paper with a smooth, uncoated surface. Fits standard frame sizes. Ships worldwide in 1\u20133 business days.<\/p>","protected":false},"featured_media":7740,"comment_status":"open","ping_status":"closed","template":"","meta":{"_acf_changed":false},"product_brand":[],"product_cat":[151],"product_tag":[176],"class_list":{"0":"post-5894","1":"product","2":"type-product","3":"status-publish","4":"has-post-thumbnail","6":"product_cat-city-maps","7":"product_tag-street-map","9":"first","10":"instock","11":"shipping-taxable","12":"purchasable","13":"product-type-variable"},"acf":[],"tiered_pricing_type":"fixed","tiered_pricing_fixed_rules":[],"tiered_pricing_product_settings":{"layout":"default","base_unit_name":{"singular":null,"plural":null},"default_variation":null},"tiered_pricing_minimum_quantity":null,"tiered_pricing_roles_data":[],"tiered_pricing_percentage_rules":[],"tiered_pricing_maximum_quantity":null,"tiered_pricing_quantity_step":null,"_links":{"self":[{"href":"https:\/\/tapiocastudio.shop\/sv\/wp-json\/wp\/v2\/product\/5894","targetHints":{"allow":["GET"]}}],"collection":[{"href":"https:\/\/tapiocastudio.shop\/sv\/wp-json\/wp\/v2\/product"}],"about":[{"href":"https:\/\/tapiocastudio.shop\/sv\/wp-json\/wp\/v2\/types\/product"}],"replies":[{"embeddable":true,"href":"https:\/\/tapiocastudio.shop\/sv\/wp-json\/wp\/v2\/comments?post=5894"}],"version-history":[{"count":13,"href":"https:\/\/tapiocastudio.shop\/sv\/wp-json\/wp\/v2\/product\/5894\/revisions"}],"predecessor-version":[{"id":7755,"href":"https:\/\/tapiocastudio.shop\/sv\/wp-json\/wp\/v2\/product\/5894\/revisions\/7755"}],"wp:featuredmedia":[{"embeddable":true,"href":"https:\/\/tapiocastudio.shop\/sv\/wp-json\/wp\/v2\/media\/7740"}],"wp:attachment":[{"href":"https:\/\/tapiocastudio.shop\/sv\/wp-json\/wp\/v2\/media?parent=5894"}],"wp:term":[{"taxonomy":"product_brand","embeddable":true,"href":"https:\/\/tapiocastudio.shop\/sv\/wp-json\/wp\/v2\/product_brand?post=5894"},{"taxonomy":"product_cat","embeddable":true,"href":"https:\/\/tapiocastudio.shop\/sv\/wp-json\/wp\/v2\/product_cat?post=5894"},{"taxonomy":"product_tag","embeddable":true,"href":"https:\/\/tapiocastudio.shop\/sv\/wp-json\/wp\/v2\/product_tag?post=5894"}],"curies":[{"name":"wp","href":"https:\/\/api.w.org\/{rel}","templated":true}]}}