{"id":4985,"date":"2025-12-17T23:49:26","date_gmt":"2025-12-17T23:49:26","guid":{"rendered":"https:\/\/tapiocastudio.shop\/?post_type=product&#038;p=4985"},"modified":"2026-04-06T14:44:44","modified_gmt":"2026-04-06T14:44:44","slug":"tokyos-tunnelbana-tryck","status":"publish","type":"product","link":"https:\/\/tapiocastudio.shop\/sv\/product\/tokyo-subway-print\/","title":{"rendered":"Tokyos tunnelbana-tryck"},"content":{"rendered":"<p data-start=\"25\" data-end=\"120\">F\u00e5 in hela Tokyos tunnelbanen\u00e4tverk i ditt utrymme med en ren, strukturerad kartutskrift \u00f6ver kollektivtrafiken.<\/p>\n<p data-start=\"122\" data-end=\"353\">Denna affisch med karta \u00f6ver Tokyos tunnelbana visar alla st\u00f6rre tunnelbanelinjer och stationer i en tydlig layout. Designen f\u00f6renklar ett av v\u00e4rldens mest trafikerade transportsystem till en organiserad komposition som \u00e4r l\u00e4tt att f\u00f6lja och visuellt balanserad.<\/p>\n<p data-start=\"355\" data-end=\"398\"><strong>Vad inneh\u00e5ller den h\u00e4r affischerna f\u00f6r Tokyos tunnelbana?<\/strong><\/p>\n<p data-start=\"400\" data-end=\"567\">\u2022 Alla st\u00f6rre tunnelbanelinjer i Tokyo<br data-start=\"428\" data-end=\"431\" \/>\u2022 Tydligt markerade stationer och anslutningar<br data-start=\"472\" data-end=\"475\" \/>\u2022 Distinkta linjef\u00e4rger f\u00f6r snabb igenk\u00e4nning<br data-start=\"519\" data-end=\"522\" \/>\u2022 Strukturerad layout f\u00f6r enkel ruttsp\u00e5rning<\/p>\n<p data-start=\"569\" data-end=\"743\">Kartan visar t\u00e4theten och precisionen i Tokyos transportsystem. Du kan sp\u00e5ra din dagliga pendling, \u00e5terv\u00e4nda till tidigare resor eller utforska nya rutter direkt fr\u00e5n din v\u00e4gg.<\/p>\n<p data-start=\"745\" data-end=\"774\"><strong>Den h\u00e4r utskriften fungerar bra om du:<\/strong><\/p>\n<p data-start=\"776\" data-end=\"943\">\u2022 Bor i Tokyo eller brukade pendla dit<br data-start=\"816\" data-end=\"819\" \/>\u2022 \u00c4lskar japansk design och urbana system<br data-start=\"859\" data-end=\"862\" \/>\u2022 Samla affischer med tunnelbana eller kollektivtrafikkartor<br data-start=\"901\" data-end=\"904\" \/>\u2022 Vill du ha en meningsfull present med Tokyo-tema<\/p>\n<p data-start=\"945\" data-end=\"1143\">Postern \u00e4r tryckt p\u00e5 premium 250gsm matt papper och ger skarpa linjer och korrekt f\u00e4rg\u00e5tergivning. Den icke-reflekterande ytan g\u00f6r att stationsnamn och anslutningar \u00e4r l\u00e4sbara i alla ljusf\u00f6rh\u00e5llanden.<\/p>\n<p data-start=\"1145\" data-end=\"1301\" data-is-last-node=\"\" data-is-only-node=\"\">Om du letar efter en detaljerad poster med karta \u00f6ver Tokyos tunnelbana, ren struktur och precis layout, f\u00f6rvandlar den h\u00e4r postern hela n\u00e4tverket till modern v\u00e4ggkonst.<\/p>\n<p data-start=\"1145\" data-end=\"1345\">Friskrivning: Denna affisch \u00e4r en oberoende design skapad av Tapioca Studio. Den \u00e4r inte ansluten till, godk\u00e4nd av eller kopplad till Tokyo Metro, Toei Subway eller n\u00e5gon officiell transportmyndighet i Tokyo.<\/p>","protected":false},"excerpt":{"rendered":"<p data-start=\"2845\" data-end=\"2944\">Tokyos kollektivtrafikn\u00e4tverk \u00f6versatt till ett rent och modernt visuellt format.<\/p>","protected":false},"featured_media":7546,"comment_status":"open","ping_status":"closed","template":"","meta":{"_acf_changed":false},"product_brand":[],"product_cat":[16,150,52],"product_tag":[95,92,90,91,93,96,94],"class_list":{"0":"post-4985","1":"product","2":"type-product","3":"status-publish","4":"has-post-thumbnail","6":"product_cat-all-posters","7":"product_cat-bestsellers","8":"product_cat-transit-maps","9":"product_tag-japan-subway-print","10":"product_tag-tokyo-metro-map-art","11":"product_tag-tokyo-metro-poster","12":"product_tag-tokyo-subway-print","13":"product_tag-tokyo-train-map-poster","14":"product_tag-tokyo-travel-decor","15":"product_tag-tokyo-wall-art","17":"first","18":"instock","19":"shipping-taxable","20":"purchasable","21":"product-type-variable"},"acf":[],"tiered_pricing_type":"fixed","tiered_pricing_fixed_rules":[],"tiered_pricing_product_settings":{"layout":"default","base_unit_name":{"singular":null,"plural":null},"default_variation":null},"tiered_pricing_minimum_quantity":null,"tiered_pricing_roles_data":[],"tiered_pricing_percentage_rules":[],"tiered_pricing_maximum_quantity":null,"tiered_pricing_quantity_step":null,"_links":{"self":[{"href":"https:\/\/tapiocastudio.shop\/sv\/wp-json\/wp\/v2\/product\/4985","targetHints":{"allow":["GET"]}}],"collection":[{"href":"https:\/\/tapiocastudio.shop\/sv\/wp-json\/wp\/v2\/product"}],"about":[{"href":"https:\/\/tapiocastudio.shop\/sv\/wp-json\/wp\/v2\/types\/product"}],"replies":[{"embeddable":true,"href":"https:\/\/tapiocastudio.shop\/sv\/wp-json\/wp\/v2\/comments?post=4985"}],"version-history":[{"count":7,"href":"https:\/\/tapiocastudio.shop\/sv\/wp-json\/wp\/v2\/product\/4985\/revisions"}],"predecessor-version":[{"id":7700,"href":"https:\/\/tapiocastudio.shop\/sv\/wp-json\/wp\/v2\/product\/4985\/revisions\/7700"}],"wp:featuredmedia":[{"embeddable":true,"href":"https:\/\/tapiocastudio.shop\/sv\/wp-json\/wp\/v2\/media\/7546"}],"wp:attachment":[{"href":"https:\/\/tapiocastudio.shop\/sv\/wp-json\/wp\/v2\/media?parent=4985"}],"wp:term":[{"taxonomy":"product_brand","embeddable":true,"href":"https:\/\/tapiocastudio.shop\/sv\/wp-json\/wp\/v2\/product_brand?post=4985"},{"taxonomy":"product_cat","embeddable":true,"href":"https:\/\/tapiocastudio.shop\/sv\/wp-json\/wp\/v2\/product_cat?post=4985"},{"taxonomy":"product_tag","embeddable":true,"href":"https:\/\/tapiocastudio.shop\/sv\/wp-json\/wp\/v2\/product_tag?post=4985"}],"curies":[{"name":"wp","href":"https:\/\/api.w.org\/{rel}","templated":true}]}}