{"id":4684,"date":"2025-11-23T18:38:49","date_gmt":"2025-11-23T18:38:49","guid":{"rendered":"https:\/\/tapiocastudio.shop\/?post_type=product&#038;p=4684"},"modified":"2026-04-06T14:44:49","modified_gmt":"2026-04-06T14:44:49","slug":"new-york-citys-tunnelbanestations-namnaffisch","status":"publish","type":"product","link":"https:\/\/tapiocastudio.shop\/sv\/product\/new-york-city-subway-station-names-poster\/","title":{"rendered":"Affisch med namn p\u00e5 tunnelbanestationer i New York"},"content":{"rendered":"<p data-start=\"38\" data-end=\"119\">Se alla tunnelbanestationer i New York City organiserade i en tydlig, strukturerad layout.<\/p>\n<p data-start=\"121\" data-end=\"335\">Denna affisch listar stationsnamn p\u00e5 Manhattan, Brooklyn, Queens, Bronx och Staten Island. Varje station \u00e4r kopplad till sina tunnelbanelinjeanslutningar, markerade med officiella MTA-linjef\u00e4rger f\u00f6r snabb igenk\u00e4nning.<\/p>\n<p data-start=\"337\" data-end=\"523\">Ist\u00e4llet f\u00f6r en geografisk karta fokuserar denna design p\u00e5 data och struktur. Stationerna \u00e4r grupperade efter stadsdel och ordnade i ett tydligt rutn\u00e4t, vilket g\u00f6r det enkelt att skanna och utforska hela n\u00e4tverket.<\/p>\n<p data-start=\"525\" data-end=\"574\"><strong>Vad inneh\u00e5ller den h\u00e4r affischerna f\u00f6r en tunnelbanestation i New York?<\/strong><\/p>\n<p data-start=\"576\" data-end=\"737\">\u2022 Alla stationsnamn i de fem stadsdelarna<br data-start=\"620\" data-end=\"623\" \/>\u2022 Motsvarande tunnelbanelinjeanslutningar<br data-start=\"662\" data-end=\"665\" \/>\u2022 Officiella linjef\u00e4rger och symboler<br data-start=\"699\" data-end=\"702\" \/>\u2022 Organiserad, stadsbaserad layout<\/p>\n<p data-start=\"739\" data-end=\"898\">Den m\u00f6rka bakgrunden med h\u00f6gkontrasttypografi ger postern ett dj\u00e4rvt, modernt utseende. Den fungerar bra som ett i\u00f6gonfallande inslag i ett vardagsrum, kontor eller studio.<\/p>\n<p data-start=\"900\" data-end=\"1077\">Printed on premium 250gsm matte paper, the design keeps text sharp and line icons crisp. The non reflective surface ensures every station name remains readable in any lighting.<\/p>\n<p data-start=\"1079\" data-end=\"1184\">Denna affisch \u00e4r en oberoende design av Tapioca Studio och \u00e4r inte ansluten till eller godk\u00e4nd av MTA.<\/p>\n<p data-start=\"1186\" data-end=\"1395\" data-is-last-node=\"\" data-is-only-node=\"\">Om du letar efter en detaljerad poster med namnen p\u00e5 New Yorks tunnelbanestationer som f\u00f6rvandlar hela systemet till strukturerad v\u00e4ggkonst, ger den h\u00e4r tavlan klarhet och skala till ett av v\u00e4rldens st\u00f6rsta kollektivtrafikn\u00e4tverk.<\/p>","protected":false},"excerpt":{"rendered":"<p data-start=\"2175\" data-end=\"2298\">Alla tunnelbanestationer i New York arrangerade i en typografisk layout som hyllar systemet.<\/p>","protected":false},"featured_media":7540,"comment_status":"open","ping_status":"closed","template":"","meta":{"_acf_changed":false},"product_brand":[],"product_cat":[16,51],"product_tag":[],"class_list":{"0":"post-4684","1":"product","2":"type-product","3":"status-publish","4":"has-post-thumbnail","6":"product_cat-all-posters","7":"product_cat-data-art","9":"first","10":"instock","11":"shipping-taxable","12":"purchasable","13":"product-type-variable"},"acf":[],"tiered_pricing_type":"fixed","tiered_pricing_fixed_rules":[],"tiered_pricing_product_settings":{"layout":"default","base_unit_name":{"singular":null,"plural":null},"default_variation":null},"tiered_pricing_minimum_quantity":null,"tiered_pricing_roles_data":[],"tiered_pricing_percentage_rules":[],"tiered_pricing_maximum_quantity":null,"tiered_pricing_quantity_step":null,"_links":{"self":[{"href":"https:\/\/tapiocastudio.shop\/sv\/wp-json\/wp\/v2\/product\/4684","targetHints":{"allow":["GET"]}}],"collection":[{"href":"https:\/\/tapiocastudio.shop\/sv\/wp-json\/wp\/v2\/product"}],"about":[{"href":"https:\/\/tapiocastudio.shop\/sv\/wp-json\/wp\/v2\/types\/product"}],"replies":[{"embeddable":true,"href":"https:\/\/tapiocastudio.shop\/sv\/wp-json\/wp\/v2\/comments?post=4684"}],"version-history":[{"count":12,"href":"https:\/\/tapiocastudio.shop\/sv\/wp-json\/wp\/v2\/product\/4684\/revisions"}],"predecessor-version":[{"id":7701,"href":"https:\/\/tapiocastudio.shop\/sv\/wp-json\/wp\/v2\/product\/4684\/revisions\/7701"}],"wp:featuredmedia":[{"embeddable":true,"href":"https:\/\/tapiocastudio.shop\/sv\/wp-json\/wp\/v2\/media\/7540"}],"wp:attachment":[{"href":"https:\/\/tapiocastudio.shop\/sv\/wp-json\/wp\/v2\/media?parent=4684"}],"wp:term":[{"taxonomy":"product_brand","embeddable":true,"href":"https:\/\/tapiocastudio.shop\/sv\/wp-json\/wp\/v2\/product_brand?post=4684"},{"taxonomy":"product_cat","embeddable":true,"href":"https:\/\/tapiocastudio.shop\/sv\/wp-json\/wp\/v2\/product_cat?post=4684"},{"taxonomy":"product_tag","embeddable":true,"href":"https:\/\/tapiocastudio.shop\/sv\/wp-json\/wp\/v2\/product_tag?post=4684"}],"curies":[{"name":"wp","href":"https:\/\/api.w.org\/{rel}","templated":true}]}}