{"id":4649,"date":"2025-11-16T12:54:30","date_gmt":"2025-11-16T12:54:30","guid":{"rendered":"https:\/\/tapiocastudio.shop\/?post_type=product&#038;p=4649"},"modified":"2026-04-03T10:29:51","modified_gmt":"2026-04-03T10:29:51","slug":"fargglad-vaggkonstposter-for-varldskartor","status":"publish","type":"product","link":"https:\/\/tapiocastudio.shop\/sv\/product\/colorful-world-map-wall-art-poster\/","title":{"rendered":"F\u00e4rgglad v\u00e4rldskartaffisch"},"content":{"rendered":"<p data-start=\"36\" data-end=\"131\">L\u00e4gg till en dj\u00e4rv och informativ v\u00e4rldskarta p\u00e5 din v\u00e4gg med denna f\u00e4rgglada Mercator-projektionstavla.<\/p>\n<p data-start=\"133\" data-end=\"329\">Denna v\u00e4rldskartaffisch anv\u00e4nder den klassiska Mercatorprojektionen, vilket bevarar riktning och lokal form. L\u00e4nderna \u00e4r tydligt \u00e5tskilda med distinkta f\u00e4rger, vilket g\u00f6r gr\u00e4nserna l\u00e4tta att identifiera och j\u00e4mf\u00f6ra.<\/p>\n<p data-start=\"331\" data-end=\"373\"><strong>Vad inneh\u00e5ller denna Mercator-v\u00e4rldskarta?<\/strong><\/p>\n<p data-start=\"375\" data-end=\"518\">\u2022 Alla l\u00e4nder m\u00e4rkta<br data-start=\"398\" data-end=\"401\" \/>\u2022 St\u00f6rre st\u00e4der markerade<br data-start=\"422\" data-end=\"425\" \/>\u2022 Tydliga landsgr\u00e4nser<br data-start=\"448\" data-end=\"451\" \/>\u2022 Rutn\u00e4t f\u00f6r latitud och longitud<br data-start=\"480\" data-end=\"483\" \/>\u2022 Ljusa, distinkta lantliga f\u00e4rger<\/p>\n<p data-start=\"520\" data-end=\"720\">Den f\u00e4rgglada layouten hj\u00e4lper dig att snabbt skilja regioner och kontinenter. Den fungerar bra f\u00f6r klassrum, hemmakontor, studierum eller alla utrymmen d\u00e4r du vill ha b\u00e5de dekoration och geografisk referens.<\/p>\n<p data-start=\"722\" data-end=\"899\">Eftersom Mercatorprojektionen bevarar riktningen har den l\u00e4nge anv\u00e4nts f\u00f6r navigering. Detta g\u00f6r kartan praktisk f\u00f6r att f\u00f6rst\u00e5 globala rutter och relativ positionering.<\/p>\n<p data-start=\"901\" data-end=\"1084\">Tryckt i h\u00f6g uppl\u00f6sning p\u00e5 matt premiumpapper ger affischen skarpa etiketter, skarpa kanter och stabil f\u00e4rg. Den icke-reflekterande ytan g\u00f6r detaljerna l\u00e4sbara i alla ljusf\u00f6rh\u00e5llanden.<\/p>\n<p data-start=\"1086\" data-end=\"1250\" data-is-last-node=\"\" data-is-only-node=\"\">Om du letar efter en f\u00e4rgglad Mercator-v\u00e4rldskartaffisch med landsnamn och tydliga ramar, kombinerar detta tryck klassisk kartografi med stark visuell effekt.<\/p>","protected":false},"excerpt":{"rendered":"<p data-start=\"621\" data-end=\"731\">En livfull v\u00e4rldskarta designad f\u00f6r att ge energi och ett globalt perspektiv till dina v\u00e4ggar.<\/p>","protected":false},"featured_media":7520,"comment_status":"open","ping_status":"closed","template":"","meta":{"_acf_changed":false},"product_brand":[],"product_cat":[16,55],"product_tag":[],"class_list":{"0":"post-4649","1":"product","2":"type-product","3":"status-publish","4":"has-post-thumbnail","6":"product_cat-all-posters","7":"product_cat-world-maps","9":"first","10":"instock","11":"shipping-taxable","12":"purchasable","13":"product-type-variable"},"acf":[],"tiered_pricing_type":"fixed","tiered_pricing_fixed_rules":[],"tiered_pricing_product_settings":{"layout":"default","base_unit_name":{"singular":null,"plural":null},"default_variation":null},"tiered_pricing_minimum_quantity":null,"tiered_pricing_roles_data":[],"tiered_pricing_percentage_rules":[],"tiered_pricing_maximum_quantity":null,"tiered_pricing_quantity_step":null,"_links":{"self":[{"href":"https:\/\/tapiocastudio.shop\/sv\/wp-json\/wp\/v2\/product\/4649","targetHints":{"allow":["GET"]}}],"collection":[{"href":"https:\/\/tapiocastudio.shop\/sv\/wp-json\/wp\/v2\/product"}],"about":[{"href":"https:\/\/tapiocastudio.shop\/sv\/wp-json\/wp\/v2\/types\/product"}],"replies":[{"embeddable":true,"href":"https:\/\/tapiocastudio.shop\/sv\/wp-json\/wp\/v2\/comments?post=4649"}],"version-history":[{"count":4,"href":"https:\/\/tapiocastudio.shop\/sv\/wp-json\/wp\/v2\/product\/4649\/revisions"}],"predecessor-version":[{"id":6564,"href":"https:\/\/tapiocastudio.shop\/sv\/wp-json\/wp\/v2\/product\/4649\/revisions\/6564"}],"wp:featuredmedia":[{"embeddable":true,"href":"https:\/\/tapiocastudio.shop\/sv\/wp-json\/wp\/v2\/media\/7520"}],"wp:attachment":[{"href":"https:\/\/tapiocastudio.shop\/sv\/wp-json\/wp\/v2\/media?parent=4649"}],"wp:term":[{"taxonomy":"product_brand","embeddable":true,"href":"https:\/\/tapiocastudio.shop\/sv\/wp-json\/wp\/v2\/product_brand?post=4649"},{"taxonomy":"product_cat","embeddable":true,"href":"https:\/\/tapiocastudio.shop\/sv\/wp-json\/wp\/v2\/product_cat?post=4649"},{"taxonomy":"product_tag","embeddable":true,"href":"https:\/\/tapiocastudio.shop\/sv\/wp-json\/wp\/v2\/product_tag?post=4649"}],"curies":[{"name":"wp","href":"https:\/\/api.w.org\/{rel}","templated":true}]}}