{"id":4539,"date":"2025-11-14T23:19:48","date_gmt":"2025-11-14T23:19:48","guid":{"rendered":"https:\/\/tapiocastudio.shop\/?post_type=product&#038;p=4539"},"modified":"2026-04-07T05:14:45","modified_gmt":"2026-04-07T05:14:45","slug":"new-york-city-karta-affisch-konsttryck","status":"publish","type":"product","link":"https:\/\/tapiocastudio.shop\/sv\/product\/new-york-city-map-poster-art-print\/","title":{"rendered":"New York City karta poster"},"content":{"rendered":"<p data-start=\"26\" data-end=\"138\">F\u00e5 New York City att synas p\u00e5 dina v\u00e4ggar med ett rent, modernt karttryck som framh\u00e4ver strukturen i Big Apple.<\/p>\n<p data-start=\"140\" data-end=\"342\">Denna minimalistiska karta \u00f6ver New York visar Manhattan, Brooklyn, Queens och omgivande omr\u00e5den i en exakt layout. Du kan tydligt se det ikoniska gatun\u00e4tet, st\u00f6rre avenyer och stora gr\u00f6nomr\u00e5den som Central Park.<\/p>\n<p data-start=\"344\" data-end=\"385\"><strong>Vad inneh\u00e5ller den h\u00e4r kartan \u00f6ver New York City?<\/strong><\/p>\n<p data-start=\"387\" data-end=\"512\">\u2022 Manhattans gatun\u00e4t<br data-start=\"410\" data-end=\"413\" \/>\u2022 Brooklyn och Queens layout<br data-start=\"441\" data-end=\"444\" \/>\u2022 Stora parker inklusive Central Park<br data-start=\"480\" data-end=\"483\" \/>\u2022 Viktiga broar och vattenv\u00e4gar<\/p>\n<p data-start=\"514\" data-end=\"679\">Varje detalj \u00e4r tryckt med skarp sk\u00e4rpa p\u00e5 premium matt papper. Fina linjer f\u00f6rblir skarpa och den icke-reflekterande ytan g\u00f6r kartan l\u00e4ttl\u00e4st i alla ljusf\u00f6rh\u00e5llanden.<\/p>\n<p data-start=\"764\" data-end=\"808\"><strong>Den h\u00e4r New York City-affischen fungerar bra om du:<\/strong><\/p>\n<p data-start=\"810\" data-end=\"961\">\u2022 Bor i New York eller har bott d\u00e4r tidigare<br data-start=\"845\" data-end=\"848\" \/>\u2022 Studerade eller arbetade i staden<br data-start=\"879\" data-end=\"882\" \/>\u2022 Vill du ha en p\u00e5minnelse om din resa<br data-start=\"912\" data-end=\"915\" \/>\u2022 Letar du efter en meningsfull present fr\u00e5n New York<\/p>\n<p data-start=\"963\" data-end=\"1154\" data-is-last-node=\"\" data-is-only-node=\"\">Om du letar efter en modern New York City-kartaposter med tydliga gatudetaljer och en tidl\u00f6s design, f\u00f6rvandlar den h\u00e4r postern en av v\u00e4rldens mest k\u00e4nda st\u00e4der till strukturerad v\u00e4ggkonst.<\/p>","protected":false},"excerpt":{"rendered":"<p data-start=\"1847\" data-end=\"1949\">En skarp och modern karta \u00f6ver New York City, strukturerad med tydlighet och djup.<\/p>","protected":false},"featured_media":7536,"comment_status":"open","ping_status":"closed","template":"","meta":{"_acf_changed":false},"product_brand":[],"product_cat":[151],"product_tag":[176],"class_list":{"0":"post-4539","1":"product","2":"type-product","3":"status-publish","4":"has-post-thumbnail","6":"product_cat-city-maps","7":"product_tag-street-map","9":"first","10":"instock","11":"shipping-taxable","12":"purchasable","13":"product-type-variable"},"acf":[],"tiered_pricing_type":"fixed","tiered_pricing_fixed_rules":[],"tiered_pricing_product_settings":{"layout":"default","base_unit_name":{"singular":null,"plural":null},"default_variation":null},"tiered_pricing_minimum_quantity":null,"tiered_pricing_roles_data":[],"tiered_pricing_percentage_rules":[],"tiered_pricing_maximum_quantity":null,"tiered_pricing_quantity_step":null,"_links":{"self":[{"href":"https:\/\/tapiocastudio.shop\/sv\/wp-json\/wp\/v2\/product\/4539","targetHints":{"allow":["GET"]}}],"collection":[{"href":"https:\/\/tapiocastudio.shop\/sv\/wp-json\/wp\/v2\/product"}],"about":[{"href":"https:\/\/tapiocastudio.shop\/sv\/wp-json\/wp\/v2\/types\/product"}],"replies":[{"embeddable":true,"href":"https:\/\/tapiocastudio.shop\/sv\/wp-json\/wp\/v2\/comments?post=4539"}],"version-history":[{"count":13,"href":"https:\/\/tapiocastudio.shop\/sv\/wp-json\/wp\/v2\/product\/4539\/revisions"}],"predecessor-version":[{"id":6566,"href":"https:\/\/tapiocastudio.shop\/sv\/wp-json\/wp\/v2\/product\/4539\/revisions\/6566"}],"wp:featuredmedia":[{"embeddable":true,"href":"https:\/\/tapiocastudio.shop\/sv\/wp-json\/wp\/v2\/media\/7536"}],"wp:attachment":[{"href":"https:\/\/tapiocastudio.shop\/sv\/wp-json\/wp\/v2\/media?parent=4539"}],"wp:term":[{"taxonomy":"product_brand","embeddable":true,"href":"https:\/\/tapiocastudio.shop\/sv\/wp-json\/wp\/v2\/product_brand?post=4539"},{"taxonomy":"product_cat","embeddable":true,"href":"https:\/\/tapiocastudio.shop\/sv\/wp-json\/wp\/v2\/product_cat?post=4539"},{"taxonomy":"product_tag","embeddable":true,"href":"https:\/\/tapiocastudio.shop\/sv\/wp-json\/wp\/v2\/product_tag?post=4539"}],"curies":[{"name":"wp","href":"https:\/\/api.w.org\/{rel}","templated":true}]}}