{"id":3074,"date":"2025-11-06T16:16:02","date_gmt":"2025-11-06T16:16:02","guid":{"rendered":"https:\/\/tapiocastudio.shop\/?post_type=product&#038;p=3074"},"modified":"2026-04-06T14:44:58","modified_gmt":"2026-04-06T14:44:58","slug":"latinamerika-karta-poster-modern-fargglad-vaggkonst","status":"publish","type":"product","link":"https:\/\/tapiocastudio.shop\/sv\/product\/latin-america-map-poster-modern-colorful-wall-art\/","title":{"rendered":"Latinamerika karta poster"},"content":{"rendered":"<p data-start=\"27\" data-end=\"131\">Fira Latinamerika med ett dj\u00e4rvt, modernt karttryck som framh\u00e4ver hela regionen i en tydlig vy.<\/p>\n<p data-start=\"133\" data-end=\"345\">Denna kartposter \u00f6ver Latinamerika visar alla landsgr\u00e4nser. Layouten kombinerar stark typografi med en ren struktur, s\u00e5 att du f\u00e5r b\u00e5de geografiska detaljer och modern design i ett och samma stycke.<\/p>\n<p data-start=\"347\" data-end=\"388\"><strong>Vad inneh\u00e5ller den h\u00e4r kartan \u00f6ver Latinamerika?<\/strong><\/p>\n<p data-start=\"390\" data-end=\"518\">\u2022 Alla latinamerikanska l\u00e4nder<br data-start=\"420\" data-end=\"423\" \/>\u2022 Tydligt definierade nationella gr\u00e4nser<br data-start=\"483\" data-end=\"486\" \/>\u2022 Balanserad, modern komposition<\/p>\n<p data-start=\"520\" data-end=\"549\"><strong>Den h\u00e4r utskriften fungerar bra om du:<\/strong><\/p>\n<p data-start=\"551\" data-end=\"740\">\u2022 Vill du fira dina latinamerikanska r\u00f6tter<br data-start=\"587\" data-end=\"590\" \/>\u2022 \u00c4lskar latinamerikansk kultur och resor<br data-start=\"630\" data-end=\"633\" \/>\u2022 Beh\u00f6ver du en meningsfull m\u00f6bel till ditt vardagsrum eller arbetsyta<br data-start=\"692\" data-end=\"695\" \/>\u2022 Letar du efter en presentid\u00e9 till Latinamerika<\/p>\n<p data-start=\"742\" data-end=\"930\">Varje affisch \u00e4r tryckt med museikvalitet p\u00e5 tjockt 250gsm matt papper. Du f\u00e5r djupa f\u00e4rger, skarp text och en icke-reflekterande yta som h\u00e5ller detaljerna tydliga i alla ljusf\u00f6rh\u00e5llanden.<\/p>\n<p data-start=\"932\" data-end=\"1077\">Flera f\u00e4rgvariationer finns tillg\u00e4ngliga f\u00f6r att matcha din inredning. Du kan ocks\u00e5 beg\u00e4ra anpassning om du f\u00f6redrar ett mer subtilt eller mer livfullt utseende.<\/p>\n<p data-start=\"1079\" data-end=\"1245\" data-is-last-node=\"\" data-is-only-node=\"\">Om du letar efter en detaljerad kartposter \u00f6ver Latinamerika med landsgr\u00e4nser och huvudst\u00e4der, ger den h\u00e4r designen dig en tydlig och modern representation av regionen.<\/p>","protected":false},"excerpt":{"rendered":"<p data-start=\"1410\" data-end=\"1516\">En modern karta \u00f6ver Latinamerika, f\u00f6renklad f\u00f6r tydlighetens skull och ett starkt visuellt intryck. Levereras \u00f6ver hela v\u00e4rlden inom 1\u20133 arbetsdagar.<\/p>","protected":false},"featured_media":7514,"comment_status":"open","ping_status":"closed","template":"","meta":{"_acf_changed":false},"product_brand":[],"product_cat":[16,150,55],"product_tag":[],"class_list":{"0":"post-3074","1":"product","2":"type-product","3":"status-publish","4":"has-post-thumbnail","6":"product_cat-all-posters","7":"product_cat-bestsellers","8":"product_cat-world-maps","10":"first","11":"instock","12":"shipping-taxable","13":"purchasable","14":"product-type-variable"},"acf":[],"tiered_pricing_type":"fixed","tiered_pricing_fixed_rules":[],"tiered_pricing_product_settings":{"layout":"default","base_unit_name":{"singular":null,"plural":null},"default_variation":null},"tiered_pricing_minimum_quantity":null,"tiered_pricing_roles_data":[],"tiered_pricing_percentage_rules":[],"tiered_pricing_maximum_quantity":null,"tiered_pricing_quantity_step":null,"_links":{"self":[{"href":"https:\/\/tapiocastudio.shop\/sv\/wp-json\/wp\/v2\/product\/3074","targetHints":{"allow":["GET"]}}],"collection":[{"href":"https:\/\/tapiocastudio.shop\/sv\/wp-json\/wp\/v2\/product"}],"about":[{"href":"https:\/\/tapiocastudio.shop\/sv\/wp-json\/wp\/v2\/types\/product"}],"replies":[{"embeddable":true,"href":"https:\/\/tapiocastudio.shop\/sv\/wp-json\/wp\/v2\/comments?post=3074"}],"version-history":[{"count":6,"href":"https:\/\/tapiocastudio.shop\/sv\/wp-json\/wp\/v2\/product\/3074\/revisions"}],"predecessor-version":[{"id":7703,"href":"https:\/\/tapiocastudio.shop\/sv\/wp-json\/wp\/v2\/product\/3074\/revisions\/7703"}],"wp:featuredmedia":[{"embeddable":true,"href":"https:\/\/tapiocastudio.shop\/sv\/wp-json\/wp\/v2\/media\/7514"}],"wp:attachment":[{"href":"https:\/\/tapiocastudio.shop\/sv\/wp-json\/wp\/v2\/media?parent=3074"}],"wp:term":[{"taxonomy":"product_brand","embeddable":true,"href":"https:\/\/tapiocastudio.shop\/sv\/wp-json\/wp\/v2\/product_brand?post=3074"},{"taxonomy":"product_cat","embeddable":true,"href":"https:\/\/tapiocastudio.shop\/sv\/wp-json\/wp\/v2\/product_cat?post=3074"},{"taxonomy":"product_tag","embeddable":true,"href":"https:\/\/tapiocastudio.shop\/sv\/wp-json\/wp\/v2\/product_tag?post=3074"}],"curies":[{"name":"wp","href":"https:\/\/api.w.org\/{rel}","templated":true}]}}