{"id":2947,"date":"2025-11-04T00:19:33","date_gmt":"2025-11-04T00:19:33","guid":{"rendered":"https:\/\/tapiocastudio.shop\/?post_type=product&#038;p=2947"},"modified":"2026-04-03T10:44:10","modified_gmt":"2026-04-03T10:44:10","slug":"new-yorks-tunnelbanekarta","status":"publish","type":"product","link":"https:\/\/tapiocastudio.shop\/sv\/product\/new-york-city-subway-map\/","title":{"rendered":"New Yorks tunnelbanekarta monokrom poster"},"content":{"rendered":"<p data-start=\"189\" data-end=\"298\">L\u00e4gg till en ren och strukturerad vy av New Yorks tunnelbanesystem p\u00e5 din v\u00e4gg med denna monokroma kartutskrift \u00f6ver kollektivtrafiken.<\/p>\n<p data-start=\"300\" data-end=\"554\">Denna affisch med New Yorks tunnelbanekarta presenterar hela MTA-n\u00e4tverket i en monokromatisk palett, med fokus p\u00e5 linjestruktur och stationsanslutningar. Den f\u00f6renklade layouten g\u00f6r ett av v\u00e4rldens mest komplexa transportsystem l\u00e4ttare att l\u00e4sa och visuellt balanserat.<\/p>\n<p data-start=\"556\" data-end=\"594\"><strong>Vad inneh\u00e5ller den h\u00e4r tunnelbanekartan i New York?<\/strong><\/p>\n<p data-start=\"596\" data-end=\"746\">\u2022 Komplett tunnelbanen\u00e4tverk i New York City<br data-start=\"635\" data-end=\"638\" \/>\u2022 Tydligt definierade linjer och \u00f6verg\u00e5ngspunkter<br data-start=\"681\" data-end=\"684\" \/>\u2022 Viktiga stationsf\u00f6rbindelser<br data-start=\"711\" data-end=\"714\" \/>\u2022 Minimalistisk monokrom design<\/p>\n<p data-start=\"748\" data-end=\"867\">Den enf\u00e4rgade designen ger affischen ett modernt utseende som passar bra i kontor, atelj\u00e9er och moderna interi\u00f6rer.<\/p>\n<p data-start=\"869\" data-end=\"1039\">Tryckt p\u00e5 matt premiumpapper h\u00e5ller designen fina linjer skarpa och stationsnamnen tydliga. Den icke-reflekterande ytan s\u00e4kerst\u00e4ller l\u00e4sbarhet i olika ljusf\u00f6rh\u00e5llanden.<\/p>\n<p data-start=\"1041\" data-end=\"1258\">Friskrivning: Denna affisch \u00e4r en oberoende design skapad av Tapioca Studio. Den \u00e4r inte ansluten till, godk\u00e4nd av eller kopplad till Metropolitan Transportation Authority eller n\u00e5gon officiell transitmyndighet i New York.<\/p>\n<p data-start=\"1260\" data-end=\"1418\" data-is-last-node=\"\" data-is-only-node=\"\">Om du letar efter en monokrom poster med New Yorks tunnelbanekarta, ren struktur och precisa detaljer, f\u00f6rvandlar den h\u00e4r postern MTA-n\u00e4tverket till modern v\u00e4ggkonst.<\/p>","protected":false},"excerpt":{"rendered":"<p data-start=\"2056\" data-end=\"2173\">En grafisk tolkning av New Yorks tunnelbanesystem i en ren monokrom design.<\/p>","protected":false},"featured_media":7538,"comment_status":"open","ping_status":"closed","template":"","meta":{"_acf_changed":false},"product_brand":[],"product_cat":[16,150,52],"product_tag":[74,77,70,73,79,71,72,67,78,76,69,68,75],"class_list":{"0":"post-2947","1":"product","2":"type-product","3":"status-publish","4":"has-post-thumbnail","6":"product_cat-all-posters","7":"product_cat-bestsellers","8":"product_cat-transit-maps","9":"product_tag-blue-wall-decor","10":"product_tag-city-lover-gift","11":"product_tag-city-map-decor","12":"product_tag-minimalist-map","13":"product_tag-modern-city-print","14":"product_tag-modern-travel-print","15":"product_tag-new-york-art","16":"product_tag-new-york-city-poster","17":"product_tag-new-york-home-decor","18":"product_tag-nyc-subway-art","19":"product_tag-nyc-wall-art","20":"product_tag-subway-map-print","21":"product_tag-urban-design-poster","23":"first","24":"instock","25":"shipping-taxable","26":"purchasable","27":"product-type-variable"},"acf":[],"tiered_pricing_type":"fixed","tiered_pricing_fixed_rules":[],"tiered_pricing_product_settings":{"layout":"default","base_unit_name":{"singular":null,"plural":null},"default_variation":null},"tiered_pricing_minimum_quantity":null,"tiered_pricing_roles_data":[],"tiered_pricing_percentage_rules":[],"tiered_pricing_maximum_quantity":null,"tiered_pricing_quantity_step":null,"_links":{"self":[{"href":"https:\/\/tapiocastudio.shop\/sv\/wp-json\/wp\/v2\/product\/2947","targetHints":{"allow":["GET"]}}],"collection":[{"href":"https:\/\/tapiocastudio.shop\/sv\/wp-json\/wp\/v2\/product"}],"about":[{"href":"https:\/\/tapiocastudio.shop\/sv\/wp-json\/wp\/v2\/types\/product"}],"replies":[{"embeddable":true,"href":"https:\/\/tapiocastudio.shop\/sv\/wp-json\/wp\/v2\/comments?post=2947"}],"version-history":[{"count":13,"href":"https:\/\/tapiocastudio.shop\/sv\/wp-json\/wp\/v2\/product\/2947\/revisions"}],"predecessor-version":[{"id":6651,"href":"https:\/\/tapiocastudio.shop\/sv\/wp-json\/wp\/v2\/product\/2947\/revisions\/6651"}],"wp:featuredmedia":[{"embeddable":true,"href":"https:\/\/tapiocastudio.shop\/sv\/wp-json\/wp\/v2\/media\/7538"}],"wp:attachment":[{"href":"https:\/\/tapiocastudio.shop\/sv\/wp-json\/wp\/v2\/media?parent=2947"}],"wp:term":[{"taxonomy":"product_brand","embeddable":true,"href":"https:\/\/tapiocastudio.shop\/sv\/wp-json\/wp\/v2\/product_brand?post=2947"},{"taxonomy":"product_cat","embeddable":true,"href":"https:\/\/tapiocastudio.shop\/sv\/wp-json\/wp\/v2\/product_cat?post=2947"},{"taxonomy":"product_tag","embeddable":true,"href":"https:\/\/tapiocastudio.shop\/sv\/wp-json\/wp\/v2\/product_tag?post=2947"}],"curies":[{"name":"wp","href":"https:\/\/api.w.org\/{rel}","templated":true}]}}