{"id":260,"date":"2025-10-27T23:17:33","date_gmt":"2025-10-27T23:17:33","guid":{"rendered":"http:\/\/tapiocastudio.shop:8080\/?post_type=product&#038;p=260"},"modified":"2026-04-03T10:40:01","modified_gmt":"2026-04-03T10:40:01","slug":"varldens-flaggor-affisch","status":"publish","type":"product","link":"https:\/\/tapiocastudio.shop\/sv\/product\/flags-of-the-world-poster\/","title":{"rendered":"V\u00e4rldens flaggor-affisch"},"content":{"rendered":"<p data-start=\"51\" data-end=\"242\">Denna poster f\u00f6rvandlar 246 nationella och territoriella flaggor till exakta cirkeldiagram. Varje cirkel representerar ett land. Varje segment \u00e5terspeglar de exakta f\u00e4rgproportionerna i den ursprungliga flaggan.<\/p>\n<p data-start=\"244\" data-end=\"386\">Resultatet \u00e4r en tydlig, strukturerad visuell bild av global identitet byggd enbart av f\u00e4rg och proportioner. Inga symboler. Ingen text. Bara m\u00e4tbar komposition.<\/p>\n<p data-start=\"388\" data-end=\"429\"><strong>Vad g\u00f6r den h\u00e4r affisch med v\u00e4rldsflaggan unik?<\/strong><\/p>\n<p data-start=\"431\" data-end=\"628\">\u2022 246 nationella och territoriella flaggor ing\u00e5r<br data-start=\"476\" data-end=\"479\" \/>\u2022 Varje flagga konverterades till ett korrekt cirkeldiagram<br data-start=\"527\" data-end=\"530\" \/>\u2022 F\u00e4rgsegment baserade p\u00e5 verklig proportionell analys<br data-start=\"582\" data-end=\"585\" \/>\u2022 Ren rutn\u00e4tslayout f\u00f6r visuell j\u00e4mf\u00f6relse<\/p>\n<p data-start=\"630\" data-end=\"656\"><strong>Du kan anv\u00e4nda den h\u00e4r utskriften f\u00f6r att:<\/strong><\/p>\n<p data-start=\"658\" data-end=\"881\">\u2022 J\u00e4mf\u00f6r hur ofta vissa f\u00e4rger f\u00f6rekommer mellan l\u00e4nder<br data-start=\"716\" data-end=\"719\" \/>\u2022 Punktm\u00f6nster i r\u00f6tt, bl\u00e5tt, gr\u00f6nt och gult<br data-start=\"772\" data-end=\"775\" \/>\u2022 L\u00e4gg till databaserad konst p\u00e5 ditt kontor eller i din studio<br data-start=\"820\" data-end=\"823\" \/>\u2022 Starta samtal om design och nationell identitet<\/p>\n<p data-start=\"883\" data-end=\"1009\">Den h\u00e4r produkten fungerar bra f\u00f6r designers, geografifantaster, l\u00e4rare och frekventa resen\u00e4rer som v\u00e4rdes\u00e4tter struktur och visuell tydlighet.<\/p>\n<p data-start=\"1011\" data-end=\"1146\">Tryckt p\u00e5 matt premiumpapper med en sl\u00e4t, icke-reflekterande yta. Fina linjer och skarpa kanter f\u00f6rblir skarpa, s\u00e4rskilt i st\u00f6rre storlekar.<\/p>\n<p data-start=\"1148\" data-end=\"1323\" data-is-last-node=\"\" data-is-only-node=\"\">Om du letar efter en modern poster med v\u00e4rldsflaggor som blandar data, design och global kultur, ger den h\u00e4r postern dig ett strukturerat och visuellt s\u00e4tt att se alla 246 flaggor samtidigt.<\/p>","protected":false},"excerpt":{"rendered":"<p data-start=\"1316\" data-end=\"1408\">En dj\u00e4rv visuell samling av v\u00e4rldens flaggor, bearbetad f\u00e4rgdata.<\/p>","protected":false},"featured_media":7525,"comment_status":"open","ping_status":"closed","template":"","meta":{"_acf_changed":false},"product_brand":[],"product_cat":[16,51],"product_tag":[],"class_list":{"0":"post-260","1":"product","2":"type-product","3":"status-publish","4":"has-post-thumbnail","6":"product_cat-all-posters","7":"product_cat-data-art","9":"first","10":"instock","11":"shipping-taxable","12":"purchasable","13":"product-type-variable"},"acf":[],"tiered_pricing_type":"fixed","tiered_pricing_fixed_rules":[],"tiered_pricing_product_settings":{"layout":"default","base_unit_name":{"singular":null,"plural":null},"default_variation":null},"tiered_pricing_minimum_quantity":null,"tiered_pricing_roles_data":[],"tiered_pricing_percentage_rules":[],"tiered_pricing_maximum_quantity":null,"tiered_pricing_quantity_step":null,"_links":{"self":[{"href":"https:\/\/tapiocastudio.shop\/sv\/wp-json\/wp\/v2\/product\/260","targetHints":{"allow":["GET"]}}],"collection":[{"href":"https:\/\/tapiocastudio.shop\/sv\/wp-json\/wp\/v2\/product"}],"about":[{"href":"https:\/\/tapiocastudio.shop\/sv\/wp-json\/wp\/v2\/types\/product"}],"replies":[{"embeddable":true,"href":"https:\/\/tapiocastudio.shop\/sv\/wp-json\/wp\/v2\/comments?post=260"}],"version-history":[{"count":4,"href":"https:\/\/tapiocastudio.shop\/sv\/wp-json\/wp\/v2\/product\/260\/revisions"}],"predecessor-version":[{"id":6679,"href":"https:\/\/tapiocastudio.shop\/sv\/wp-json\/wp\/v2\/product\/260\/revisions\/6679"}],"wp:featuredmedia":[{"embeddable":true,"href":"https:\/\/tapiocastudio.shop\/sv\/wp-json\/wp\/v2\/media\/7525"}],"wp:attachment":[{"href":"https:\/\/tapiocastudio.shop\/sv\/wp-json\/wp\/v2\/media?parent=260"}],"wp:term":[{"taxonomy":"product_brand","embeddable":true,"href":"https:\/\/tapiocastudio.shop\/sv\/wp-json\/wp\/v2\/product_brand?post=260"},{"taxonomy":"product_cat","embeddable":true,"href":"https:\/\/tapiocastudio.shop\/sv\/wp-json\/wp\/v2\/product_cat?post=260"},{"taxonomy":"product_tag","embeddable":true,"href":"https:\/\/tapiocastudio.shop\/sv\/wp-json\/wp\/v2\/product_tag?post=260"}],"curies":[{"name":"wp","href":"https:\/\/api.w.org\/{rel}","templated":true}]}}