{"id":2876,"date":"2025-11-03T12:14:58","date_gmt":"2025-11-03T12:14:58","guid":{"rendered":"https:\/\/tapiocastudio.shop\/?page_id=2876"},"modified":"2026-01-27T15:00:44","modified_gmt":"2026-01-27T15:00:44","slug":"aterbetalnings-och-returpolicy","status":"publish","type":"page","link":"https:\/\/tapiocastudio.shop\/sv\/refund-and-returns-policy\/","title":{"rendered":"\u00c5terbetalnings- och returpolicy"},"content":{"rendered":"<div class=\"wp-block-stackable-columns alignfull stk-block-columns stk-block stk-dc595a3 stk-block-background\" data-block-id=\"dc595a3\"><style>.stk-dc595a3 {background-color:var(--theme-palette-color-6, #D9DADA) !important;padding-top:120px !important;padding-bottom:120px !important;margin-bottom:0px !important;}.stk-dc595a3:before{background-color:var(--theme-palette-color-6, #D9DADA) !important;}@media screen and (max-width:999px){.stk-dc595a3 {padding-top:80px !important;padding-bottom:80px !important;}}<\/style><div class=\"stk-row stk-inner-blocks stk-block-content stk-content-align stk-dc595a3-column\">\n<div class=\"wp-block-stackable-column stk-block-column stk-column stk-block stk-29e92bc\" data-v=\"4\" data-block-id=\"29e92bc\"><style>.stk-29e92bc-container{margin-top:0px !important;margin-right:0px !important;margin-bottom:0px !important;margin-left:0px !important;}<\/style><div class=\"stk-column-wrapper stk-block-column__content stk-container stk-29e92bc-container stk--no-background stk--no-padding\"><div class=\"stk-block-content stk-inner-blocks stk-29e92bc-inner-blocks\">\n<div class=\"wp-block-stackable-heading stk-block-heading stk-block-heading--v2 stk-block stk-2d08bbf\" id=\"refund-and-returns-policy\" data-block-id=\"2d08bbf\"><style>.stk-2d08bbf .stk-block-heading__text{font-size:80px !important;}@media screen and (max-width:999px){.stk-2d08bbf .stk-block-heading__text{font-size:45px !important;}}@media screen and (max-width:689px){.stk-2d08bbf .stk-block-heading__text{font-size:35px !important;}}<\/style><h2 class=\"stk-block-heading__text has-text-align-center\">\u00c5terbetalnings- och returpolicy<\/h2><\/div>\n<\/div><\/div><\/div>\n<\/div><\/div>\n\n\n\n<h3 class=\"wp-block-heading\">Returpolicy<\/h3>\n\n\n\n<p>Vi \u00e4r ett mycket litet f\u00f6retag och vi st\u00f6der f\u00f6r n\u00e4rvarande inte returer eller tillhandah\u00e5ller en returadress eftersom de produkter du best\u00e4ller \u00e4r personliga och specialtillverkade f\u00f6r varje best\u00e4llning. Om du vill g\u00f6ra en ny best\u00e4llning kommer du att vara ansvarig f\u00f6r kostnaderna f\u00f6r den nya best\u00e4llningen. Ingen returadress.<\/p>\n\n\n\n<p>Om det skulle uppst\u00e5 n\u00e5gra fel eller problem med din utskrift, v\u00e4nligen kontakta oss direkt s\u00e5 hanterar vi det fr\u00e5n fall till fall.<\/p>\n\n\n\n<h3 class=\"wp-block-heading\" id=\"h_028d07170c\">F\u00f6rlorade best\u00e4llningar<\/h3>\n\n\n\n<p>F\u00f6r paket som f\u00f6rlorats under transport, v\u00e4nligen <a href=\"https:\/\/tapiocastudio.shop\/sv\/kontakta\/\">kontakta oss<\/a> med oss <strong>inom 30 dagar<\/strong> fr\u00e5n det ber\u00e4knade leveransdatumet. Vi skickar g\u00e4rna en ers\u00e4ttningsorder \u00e5t dig.<\/p>\n\n\n\n<h3 class=\"wp-block-heading\" id=\"h_895dd0ed9e\">Returnerad till avs\u00e4ndaren<\/h3>\n\n\n\n<p>F\u00f6r best\u00e4llningar som returneras till avs\u00e4ndaren, v\u00e4nligen <a href=\"https:\/\/support.gelato.com\/en\/articles\/8996046\" target=\"_blank\" rel=\"noopener\">l\u00e4gg en ny best\u00e4llning<\/a> (senast 30 dagar fr\u00e5n ber\u00e4knat leveransdatum) och kontakta oss s\u00e5 att vi kan rapportera problemet och ordna \u00e5terbetalning av produktpriset f\u00f6r den nya best\u00e4llningen. P\u00e5 s\u00e5 s\u00e4tt betalar du bara igen f\u00f6r frakten av best\u00e4llningen.<\/p>\n\n\n\n<p>Best\u00e4llningar kan returneras till avs\u00e4ndaren av f\u00f6ljande sk\u00e4l:<\/p>\n\n\n\n<ul class=\"wp-block-list\">\n<li><strong>Fel adress<\/strong>Om du eller din slutkund anger en adress som budf\u00f6retaget anser vara otillr\u00e4cklig, kommer f\u00f6rs\u00e4ndelsen att returneras och kasseras p\u00e5 ett s\u00e4kert s\u00e4tt. Om du vill <a href=\"https:\/\/tapiocastudio.shop\/sv\/produkter\/\">skicka in en ny best\u00e4llning<\/a> Med en uppdaterad adress kommer du att vara ansvarig f\u00f6r kostnaderna f\u00f6r den nya best\u00e4llningen.<\/li>\n\n\n\n<li><strong>Avvisad av mottagaren<\/strong>Om din kund avvisar f\u00f6rs\u00e4ndelsen under leveransen kommer f\u00f6rs\u00e4ndelsen att returneras och kasseras p\u00e5 ett s\u00e4kert s\u00e4tt. Om du vill <a href=\"https:\/\/tapiocastudio.shop\/sv\/produkter\/\">skicka in en ny best\u00e4llning<\/a> Med en uppdaterad adress kommer du att vara ansvarig f\u00f6r kostnaderna f\u00f6r den nya best\u00e4llningen.<\/li>\n\n\n\n<li><strong>Ej h\u00e4mtad<\/strong>Om din kund inte kan ta emot sin best\u00e4llning p\u00e5 adressen kan f\u00f6rs\u00e4ndelserna vara tillg\u00e4ngliga f\u00f6r upph\u00e4mtning p\u00e5 deras lokala postkontor eller transport\u00f6rens upph\u00e4mtningsst\u00e4lle. F\u00f6rs\u00e4ndelser som inte uth\u00e4mtas kan returneras till avs\u00e4ndaren. I dessa fall, v\u00e4nligen <a href=\"https:\/\/tapiocastudio.shop\/sv\/produkter\/\">l\u00e4gg en ny best\u00e4llning<\/a> och kontakta oss s\u00e5 att vi kan rapportera problemet och ordna \u00e5terbetalning av produktpriset f\u00f6r den nya best\u00e4llningen (du m\u00e5ste fortfarande betala fraktkostnaderna).<\/li>\n<\/ul>\n\n\n\n<p>Kontakta oss p\u00e5 <a href=\"mailto:contact@tapiocastudio.shop\">contact@tapiocastudio.shop<\/a> f\u00f6r fr\u00e5gor g\u00e4llande \u00e5terbetalningar och returer.<\/p>\n\n\n\n<p><\/p>","protected":false},"excerpt":{"rendered":"<p>Refund and Returns Policy Return Policy We are a very small business and we currently do not support returns or provide a return address because the products you order are personalized and made specifically for each order. Should you want to submit a new order, you will be liable for the costs of the new [&hellip;]<\/p>\n","protected":false},"author":1,"featured_media":0,"parent":0,"menu_order":0,"comment_status":"closed","ping_status":"closed","template":"","meta":{"_acf_changed":false,"footnotes":""},"class_list":["post-2876","page","type-page","status-publish","hentry"],"blocksy_meta":{"has_hero_section":"disabled","styles_descriptor":{"styles":{"desktop":"","tablet":"","mobile":""},"google_fonts":[],"version":6}},"acf":[],"_links":{"self":[{"href":"https:\/\/tapiocastudio.shop\/sv\/wp-json\/wp\/v2\/pages\/2876","targetHints":{"allow":["GET"]}}],"collection":[{"href":"https:\/\/tapiocastudio.shop\/sv\/wp-json\/wp\/v2\/pages"}],"about":[{"href":"https:\/\/tapiocastudio.shop\/sv\/wp-json\/wp\/v2\/types\/page"}],"author":[{"embeddable":true,"href":"https:\/\/tapiocastudio.shop\/sv\/wp-json\/wp\/v2\/users\/1"}],"replies":[{"embeddable":true,"href":"https:\/\/tapiocastudio.shop\/sv\/wp-json\/wp\/v2\/comments?post=2876"}],"version-history":[{"count":7,"href":"https:\/\/tapiocastudio.shop\/sv\/wp-json\/wp\/v2\/pages\/2876\/revisions"}],"predecessor-version":[{"id":5104,"href":"https:\/\/tapiocastudio.shop\/sv\/wp-json\/wp\/v2\/pages\/2876\/revisions\/5104"}],"wp:attachment":[{"href":"https:\/\/tapiocastudio.shop\/sv\/wp-json\/wp\/v2\/media?parent=2876"}],"curies":[{"name":"wp","href":"https:\/\/api.w.org\/{rel}","templated":true}]}}