{"id":5993,"date":"2026-02-20T15:37:13","date_gmt":"2026-02-20T15:37:13","guid":{"rendered":"https:\/\/tapiocastudio.shop\/?post_type=product&#038;p=5993"},"modified":"2026-04-03T10:28:48","modified_gmt":"2026-04-03T10:28:48","slug":"poster-de-projecao-azimutal","status":"publish","type":"product","link":"https:\/\/tapiocastudio.shop\/pt-br\/product\/azimuthal-projection-poster\/","title":{"rendered":"P\u00f4ster de Proje\u00e7\u00e3o Azimutal"},"content":{"rendered":"<p data-start=\"563\" data-end=\"697\">Este p\u00f4ster apresenta duas proje\u00e7\u00f5es azimutais equidistantes da Terra.<br data-start=\"635\" data-end=\"638\" \/>Um globo est\u00e1 centrado a 90\u00b0 Norte. O outro, a 90\u00b0 Sul.<\/p>\n<p data-start=\"699\" data-end=\"718\">Nesta proje\u00e7\u00e3o:<\/p>\n<p data-start=\"720\" data-end=\"875\">\u2022 Todas as dist\u00e2ncias medidas a partir do ponto central est\u00e3o em escala real.<br data-start=\"784\" data-end=\"787\" \/>\u2022 A dire\u00e7\u00e3o a partir do centro \u00e9 precisa<br data-start=\"826\" data-end=\"829\" \/>\u2022 A distor\u00e7\u00e3o aumenta em dire\u00e7\u00e3o \u00e0 borda externa.<\/p>\n<p data-start=\"877\" data-end=\"1023\">Quando centrado nos polos, o c\u00edrculo externo representa o Equador. As linhas de longitude irradiam para fora, e a latitude aparece como an\u00e9is conc\u00eantricos.<\/p>\n<p data-start=\"1025\" data-end=\"1131\">O resultado \u00e9 uma vis\u00e3o precisa e gr\u00e1fica do nosso planeta que desafia o familiar mapa-m\u00fandi retangular.<\/p>\n<p data-start=\"1133\" data-end=\"1264\">Projetada para interiores modernos, est\u00fadios, escrit\u00f3rios e salas de aula, esta impress\u00e3o combina precis\u00e3o matem\u00e1tica com um forte impacto visual.<\/p>\n<h3 data-start=\"1266\" data-end=\"1273\">Detalhes<\/h3>\n<p data-start=\"1275\" data-end=\"1465\">\u2022 Proje\u00e7\u00e3o: Azimutal Equidistante<br data-start=\"1310\" data-end=\"1313\" \/>\u2022 Polo Norte centrado a 90\u00b0 N<br data-start=\"1343\" data-end=\"1346\" \/>\u2022 Polo Sul centrado a 90\u00b0 S<br data-start=\"1376\" data-end=\"1379\" \/>\u2022 Datum: WGS84<br data-start=\"1421\" data-end=\"1424\" \/>\u2022 Impresso em papel fosco de qualidade museol\u00f3gica<\/p>\n<h3 data-start=\"1467\" data-end=\"1480\">Para quem \u00e9?<\/h3>\n<p data-start=\"1482\" data-end=\"1610\">\u2022 Designers e arquitetos<br data-start=\"1508\" data-end=\"1511\" \/>\u2022 Entusiastas da geografia<br data-start=\"1534\" data-end=\"1537\" \/>\u2022 Professores e alunos<br data-start=\"1560\" data-end=\"1563\" \/>\u2022 Qualquer pessoa que aprecie arte de parede baseada em dados.<\/p>\n<p data-start=\"1612\" data-end=\"1634\">","protected":false},"excerpt":{"rendered":"<p>Veja o mundo de cima. Este p\u00f4ster com dois globos terrestres apresenta a Terra atrav\u00e9s da proje\u00e7\u00e3o azimutal equidistante, centrada no Polo Norte e no Polo Sul. As dist\u00e2ncias a partir do centro s\u00e3o mostradas em escala real, revelando uma maneira completamente diferente de compreender a geografia global.<\/p>","protected":false},"featured_media":7516,"comment_status":"open","ping_status":"closed","template":"","meta":{"_acf_changed":false},"product_brand":[],"product_cat":[16,55],"product_tag":[],"class_list":{"0":"post-5993","1":"product","2":"type-product","3":"status-publish","4":"has-post-thumbnail","6":"product_cat-all-posters","7":"product_cat-world-maps","9":"first","10":"instock","11":"shipping-taxable","12":"purchasable","13":"product-type-variable"},"acf":[],"tiered_pricing_type":"fixed","tiered_pricing_fixed_rules":[],"tiered_pricing_product_settings":{"layout":"default","base_unit_name":{"singular":null,"plural":null},"default_variation":null},"tiered_pricing_minimum_quantity":null,"tiered_pricing_roles_data":[],"tiered_pricing_percentage_rules":[],"tiered_pricing_maximum_quantity":null,"tiered_pricing_quantity_step":null,"_links":{"self":[{"href":"https:\/\/tapiocastudio.shop\/pt-br\/wp-json\/wp\/v2\/product\/5993","targetHints":{"allow":["GET"]}}],"collection":[{"href":"https:\/\/tapiocastudio.shop\/pt-br\/wp-json\/wp\/v2\/product"}],"about":[{"href":"https:\/\/tapiocastudio.shop\/pt-br\/wp-json\/wp\/v2\/types\/product"}],"replies":[{"embeddable":true,"href":"https:\/\/tapiocastudio.shop\/pt-br\/wp-json\/wp\/v2\/comments?post=5993"}],"version-history":[{"count":4,"href":"https:\/\/tapiocastudio.shop\/pt-br\/wp-json\/wp\/v2\/product\/5993\/revisions"}],"predecessor-version":[{"id":6534,"href":"https:\/\/tapiocastudio.shop\/pt-br\/wp-json\/wp\/v2\/product\/5993\/revisions\/6534"}],"wp:featuredmedia":[{"embeddable":true,"href":"https:\/\/tapiocastudio.shop\/pt-br\/wp-json\/wp\/v2\/media\/7516"}],"wp:attachment":[{"href":"https:\/\/tapiocastudio.shop\/pt-br\/wp-json\/wp\/v2\/media?parent=5993"}],"wp:term":[{"taxonomy":"product_brand","embeddable":true,"href":"https:\/\/tapiocastudio.shop\/pt-br\/wp-json\/wp\/v2\/product_brand?post=5993"},{"taxonomy":"product_cat","embeddable":true,"href":"https:\/\/tapiocastudio.shop\/pt-br\/wp-json\/wp\/v2\/product_cat?post=5993"},{"taxonomy":"product_tag","embeddable":true,"href":"https:\/\/tapiocastudio.shop\/pt-br\/wp-json\/wp\/v2\/product_tag?post=5993"}],"curies":[{"name":"wp","href":"https:\/\/api.w.org\/{rel}","templated":true}]}}