{"id":2947,"date":"2025-11-04T00:19:33","date_gmt":"2025-11-04T00:19:33","guid":{"rendered":"https:\/\/tapiocastudio.shop\/?post_type=product&#038;p=2947"},"modified":"2026-04-03T10:44:10","modified_gmt":"2026-04-03T10:44:10","slug":"mapa-do-metro-de-nova-york","status":"publish","type":"product","link":"https:\/\/tapiocastudio.shop\/pt-br\/product\/new-york-city-subway-map\/","title":{"rendered":"P\u00f4ster monocrom\u00e1tico do mapa do metr\u00f4 de Nova York"},"content":{"rendered":"<p data-start=\"189\" data-end=\"298\">Adicione uma vis\u00e3o clara e organizada do sistema de metr\u00f4 de Nova York \u00e0 sua parede com esta impress\u00e3o monocrom\u00e1tica do mapa do transporte p\u00fablico.<\/p>\n<p data-start=\"300\" data-end=\"554\">Este p\u00f4ster do mapa do metr\u00f4 de Nova York apresenta toda a rede MTA em uma paleta monocrom\u00e1tica, com foco na estrutura das linhas e nas conex\u00f5es entre as esta\u00e7\u00f5es. O layout simplificado torna um dos sistemas de transporte mais complexos do mundo mais f\u00e1cil de ler e visualmente equilibrado.<\/p>\n<p data-start=\"556\" data-end=\"594\"><strong>O que inclui este mapa do metr\u00f4 de Nova York?<\/strong><\/p>\n<p data-start=\"596\" data-end=\"746\">\u2022 Rede completa do metr\u00f4 da cidade de Nova York<br data-start=\"635\" data-end=\"638\" \/>\u2022 Linhas e pontos de transfer\u00eancia claramente definidos<br data-start=\"681\" data-end=\"684\" \/>\u2022 Conex\u00f5es entre esta\u00e7\u00f5es principais<br data-start=\"711\" data-end=\"714\" \/>\u2022 Design minimalista monocrom\u00e1tico<\/p>\n<p data-start=\"748\" data-end=\"867\">A abordagem monocrom\u00e1tica confere ao p\u00f4ster um visual moderno que se adapta bem a escrit\u00f3rios, est\u00fadios e interiores contempor\u00e2neos.<\/p>\n<p data-start=\"869\" data-end=\"1039\">Impresso em papel fosco de alta qualidade, o design mant\u00e9m as linhas finas n\u00edtidas e os nomes das esta\u00e7\u00f5es leg\u00edveis. O acabamento antirreflexo garante a legibilidade em diferentes condi\u00e7\u00f5es de ilumina\u00e7\u00e3o.<\/p>\n<p data-start=\"1041\" data-end=\"1258\">Aviso: Este p\u00f4ster \u00e9 um design independente criado pelo Tapioca Studio. N\u00e3o \u00e9 afiliado, endossado ou conectado \u00e0 Autoridade Metropolitana de Transportes (MTA) ou a qualquer autoridade oficial de transporte de Nova York.<\/p>\n<p data-start=\"1260\" data-end=\"1418\" data-is-last-node=\"\" data-is-only-node=\"\">Se voc\u00ea procura um p\u00f4ster monocrom\u00e1tico do mapa do metr\u00f4 de Nova York com estrutura limpa e detalhes precisos, esta impress\u00e3o transforma a rede MTA em arte de parede moderna.<\/p>","protected":false},"excerpt":{"rendered":"<p data-start=\"2056\" data-end=\"2173\">Uma representa\u00e7\u00e3o gr\u00e1fica do sistema de metr\u00f4 de Nova York em um design monocrom\u00e1tico e minimalista.<\/p>","protected":false},"featured_media":7538,"comment_status":"open","ping_status":"closed","template":"","meta":{"_acf_changed":false},"product_brand":[],"product_cat":[16,150,52],"product_tag":[74,77,70,73,79,71,72,67,78,76,69,68,75],"class_list":{"0":"post-2947","1":"product","2":"type-product","3":"status-publish","4":"has-post-thumbnail","6":"product_cat-all-posters","7":"product_cat-bestsellers","8":"product_cat-transit-maps","9":"product_tag-blue-wall-decor","10":"product_tag-city-lover-gift","11":"product_tag-city-map-decor","12":"product_tag-minimalist-map","13":"product_tag-modern-city-print","14":"product_tag-modern-travel-print","15":"product_tag-new-york-art","16":"product_tag-new-york-city-poster","17":"product_tag-new-york-home-decor","18":"product_tag-nyc-subway-art","19":"product_tag-nyc-wall-art","20":"product_tag-subway-map-print","21":"product_tag-urban-design-poster","23":"first","24":"instock","25":"shipping-taxable","26":"purchasable","27":"product-type-variable"},"acf":[],"tiered_pricing_type":"fixed","tiered_pricing_fixed_rules":[],"tiered_pricing_product_settings":{"layout":"default","base_unit_name":{"singular":null,"plural":null},"default_variation":null},"tiered_pricing_minimum_quantity":null,"tiered_pricing_roles_data":[],"tiered_pricing_percentage_rules":[],"tiered_pricing_maximum_quantity":null,"tiered_pricing_quantity_step":null,"_links":{"self":[{"href":"https:\/\/tapiocastudio.shop\/pt-br\/wp-json\/wp\/v2\/product\/2947","targetHints":{"allow":["GET"]}}],"collection":[{"href":"https:\/\/tapiocastudio.shop\/pt-br\/wp-json\/wp\/v2\/product"}],"about":[{"href":"https:\/\/tapiocastudio.shop\/pt-br\/wp-json\/wp\/v2\/types\/product"}],"replies":[{"embeddable":true,"href":"https:\/\/tapiocastudio.shop\/pt-br\/wp-json\/wp\/v2\/comments?post=2947"}],"version-history":[{"count":13,"href":"https:\/\/tapiocastudio.shop\/pt-br\/wp-json\/wp\/v2\/product\/2947\/revisions"}],"predecessor-version":[{"id":6651,"href":"https:\/\/tapiocastudio.shop\/pt-br\/wp-json\/wp\/v2\/product\/2947\/revisions\/6651"}],"wp:featuredmedia":[{"embeddable":true,"href":"https:\/\/tapiocastudio.shop\/pt-br\/wp-json\/wp\/v2\/media\/7538"}],"wp:attachment":[{"href":"https:\/\/tapiocastudio.shop\/pt-br\/wp-json\/wp\/v2\/media?parent=2947"}],"wp:term":[{"taxonomy":"product_brand","embeddable":true,"href":"https:\/\/tapiocastudio.shop\/pt-br\/wp-json\/wp\/v2\/product_brand?post=2947"},{"taxonomy":"product_cat","embeddable":true,"href":"https:\/\/tapiocastudio.shop\/pt-br\/wp-json\/wp\/v2\/product_cat?post=2947"},{"taxonomy":"product_tag","embeddable":true,"href":"https:\/\/tapiocastudio.shop\/pt-br\/wp-json\/wp\/v2\/product_tag?post=2947"}],"curies":[{"name":"wp","href":"https:\/\/api.w.org\/{rel}","templated":true}]}}