{"id":259,"date":"2025-10-27T23:17:33","date_gmt":"2025-10-27T23:17:33","guid":{"rendered":"http:\/\/tapiocastudio.shop:8080\/?post_type=product&#038;p=259"},"modified":"2026-04-09T12:00:04","modified_gmt":"2026-04-09T12:00:04","slug":"mapa-da-cidade-de-toquio-para-imprimir-mapa-de-toquio-japao","status":"publish","type":"product","link":"https:\/\/tapiocastudio.shop\/pt-br\/product\/tokyo-city-map-print-map-print-of-tokyo-japan\/","title":{"rendered":"Impress\u00e3o do mapa da cidade de T\u00f3quio"},"content":{"rendered":"<p>Este mapa impresso da cidade de T\u00f3quio mostra a rede vi\u00e1ria detalhada da capital japonesa em um design limpo e minimalista. O mapa exibe a complexa estrutura urbana de T\u00f3quio com tra\u00e7ados de ruas precisos, vias principais e bairros claramente demarcados. As coordenadas geogr\u00e1ficas est\u00e3o inclu\u00eddas para uma localiza\u00e7\u00e3o exata. O design em preto e branco mant\u00e9m o foco nos padr\u00f5es de grade caracter\u00edsticos e na densidade da cidade.<\/p>\n<p>Perfeito para quem j\u00e1 morou ou visitou T\u00f3quio, ou simplesmente aprecia design urbano e mapas da cidade. \u00c9 um presente atencioso para viajantes, expatriados ou qualquer pessoa com alguma liga\u00e7\u00e3o com a capital japonesa. O design minimalista combina bem com casas, escrit\u00f3rios ou espa\u00e7os de estudo onde voc\u00ea queira exibir lugares significativos.<\/p>\n<p>Dispon\u00edvel em quatro tamanhos: 70\u00d7100 cm \/ 28\u00d740\u2033, 60\u00d790 cm \/ 24\u00d736\u2033, 50\u00d770 cm \/ 20\u00d728\u2033 e 40\u00d760 cm \/ 16\u00d724\u2033. Impresso em papel fosco premium de 250 g\/m\u00b2 com certifica\u00e7\u00e3o FSC e acabamento antirreflexo que mant\u00e9m os detalhes n\u00edtidos e leg\u00edveis. O prazo de produ\u00e7\u00e3o \u00e9 de 2 a 5 dias \u00fateis, com envio para todo o mundo.<\/p>","protected":false},"excerpt":{"rendered":"<div class=\"flex flex-col text-sm pb-25\">\n<article class=\"text-token-text-primary w-full focus:outline-none [--shadow-height:45px] has-data-writing-block:pointer-events-none has-data-writing-block:-mt-(--shadow-height) has-data-writing-block:pt-(--shadow-height) [&amp;:has([data-writing-block])&gt;*]:pointer-events-auto scroll-mt-[calc(var(--header-height)+min(200px,max(70px,20svh)))]\" dir=\"auto\" data-turn-id=\"request-69a4603a-ab70-839e-b057-68ca92ae6c3f-45\" data-testid=\"conversation-turn-64\" data-scroll-anchor=\"true\" data-turn=\"assistant\">\n<div class=\"text-base my-auto mx-auto pb-10 [--thread-content-margin:--spacing(4)] @w-sm\/main:[--thread-content-margin:--spacing(6)] @w-lg\/main:[--thread-content-margin:--spacing(16)] px-(--thread-content-margin)\">\n<div class=\"[--thread-content-max-width:40rem] @w-lg\/main:[--thread-content-max-width:48rem] mx-auto max-w-(--thread-content-max-width) flex-1 group\/turn-messages focus-visible:outline-hidden relative flex w-full min-w-0 flex-col agent-turn\" tabindex=\"-1\">\n<div class=\"flex max-w-full flex-col grow\">\n<div class=\"min-h-8 text-message relative flex w-full flex-col items-end gap-2 text-start break-words whitespace-normal [.text-message+&amp;]:mt-1\" dir=\"auto\" data-message-author-role=\"assistant\" data-message-id=\"60923e16-a0dc-4626-bb61-f5bbfd239f9b\" data-message-model-slug=\"gpt-5-2\">\n<div class=\"flex w-full flex-col gap-1 empty:hidden first:pt-[1px]\">\n<div class=\"markdown prose dark:prose-invert w-full wrap-break-word dark markdown-new-styling\">\n<p data-start=\"0\" data-end=\"160\" data-is-last-node=\"\" data-is-only-node=\"\">A minimalist Tokyo city map print featuring detailed street layout and coordinates, printed on premium 250gsm matte paper for sharp lines and a refined finish.<\/p>\n<\/div>\n<\/div>\n<\/div>\n<\/div>\n<\/div>\n<\/div>\n<\/article>\n<\/div>\n","protected":false},"featured_media":7761,"comment_status":"open","ping_status":"closed","template":"","meta":{"_acf_changed":false},"product_brand":[],"product_cat":[150,151],"product_tag":[],"class_list":{"0":"post-259","1":"product","2":"type-product","3":"status-publish","4":"has-post-thumbnail","6":"product_cat-bestsellers","7":"product_cat-city-maps","9":"first","10":"instock","11":"featured","12":"shipping-taxable","13":"purchasable","14":"product-type-variable"},"acf":[],"tiered_pricing_type":"fixed","tiered_pricing_fixed_rules":[],"tiered_pricing_product_settings":{"layout":"default","base_unit_name":{"singular":null,"plural":null},"default_variation":null},"tiered_pricing_minimum_quantity":null,"tiered_pricing_roles_data":[],"tiered_pricing_percentage_rules":[],"tiered_pricing_maximum_quantity":null,"tiered_pricing_quantity_step":null,"_links":{"self":[{"href":"https:\/\/tapiocastudio.shop\/pt-br\/wp-json\/wp\/v2\/product\/259","targetHints":{"allow":["GET"]}}],"collection":[{"href":"https:\/\/tapiocastudio.shop\/pt-br\/wp-json\/wp\/v2\/product"}],"about":[{"href":"https:\/\/tapiocastudio.shop\/pt-br\/wp-json\/wp\/v2\/types\/product"}],"replies":[{"embeddable":true,"href":"https:\/\/tapiocastudio.shop\/pt-br\/wp-json\/wp\/v2\/comments?post=259"}],"version-history":[{"count":12,"href":"https:\/\/tapiocastudio.shop\/pt-br\/wp-json\/wp\/v2\/product\/259\/revisions"}],"predecessor-version":[{"id":3058,"href":"https:\/\/tapiocastudio.shop\/pt-br\/wp-json\/wp\/v2\/product\/259\/revisions\/3058"}],"wp:featuredmedia":[{"embeddable":true,"href":"https:\/\/tapiocastudio.shop\/pt-br\/wp-json\/wp\/v2\/media\/7761"}],"wp:attachment":[{"href":"https:\/\/tapiocastudio.shop\/pt-br\/wp-json\/wp\/v2\/media?parent=259"}],"wp:term":[{"taxonomy":"product_brand","embeddable":true,"href":"https:\/\/tapiocastudio.shop\/pt-br\/wp-json\/wp\/v2\/product_brand?post=259"},{"taxonomy":"product_cat","embeddable":true,"href":"https:\/\/tapiocastudio.shop\/pt-br\/wp-json\/wp\/v2\/product_cat?post=259"},{"taxonomy":"product_tag","embeddable":true,"href":"https:\/\/tapiocastudio.shop\/pt-br\/wp-json\/wp\/v2\/product_tag?post=259"}],"curies":[{"name":"wp","href":"https:\/\/api.w.org\/{rel}","templated":true}]}}