{"id":256,"date":"2025-10-27T23:17:33","date_gmt":"2025-10-27T23:17:33","guid":{"rendered":"http:\/\/tapiocastudio.shop:8080\/?post_type=product&#038;p=256"},"modified":"2026-04-06T14:45:30","modified_gmt":"2026-04-06T14:45:30","slug":"mapa-do-metro-de-paris-para-imprimir","status":"publish","type":"product","link":"https:\/\/tapiocastudio.shop\/pt-br\/product\/paris-metro-map-print\/","title":{"rendered":"Impress\u00e3o do mapa do metr\u00f4 de Paris"},"content":{"rendered":"<p data-start=\"23\" data-end=\"115\">Leve toda a rede do metr\u00f4 de Paris para a sua parede com uma impress\u00e3o de mapa de transporte n\u00edtido e detalhado.<\/p>\n<p data-start=\"117\" data-end=\"320\">Este p\u00f4ster com o mapa do metr\u00f4 de Paris mostra todas as linhas e esta\u00e7\u00f5es atuais em um layout claro e estruturado. O design simplifica a rede, mantendo os trajetos das linhas e as conex\u00f5es entre as esta\u00e7\u00f5es f\u00e1ceis de seguir.<\/p>\n<p data-start=\"322\" data-end=\"363\"><strong>O que inclui esta estampa do metr\u00f4 de Paris?<\/strong><\/p>\n<p data-start=\"365\" data-end=\"487\">\u2022 Todas as linhas oficiais do Metr\u00f4<br data-start=\"391\" data-end=\"394\" \/>\u2022 Todas as esta\u00e7\u00f5es atuais<br data-start=\"451\" data-end=\"454\" \/>\u2022 Layout equilibrado e de f\u00e1cil leitura<\/p>\n<p data-start=\"489\" data-end=\"663\">O mapa destaca a estrutura do transporte p\u00fablico de Paris, desde as esta\u00e7\u00f5es centrais at\u00e9 os bairros perif\u00e9ricos. Funciona bem tanto como obra de arte decorativa quanto como refer\u00eancia pr\u00e1tica.<\/p>\n<p data-start=\"665\" data-end=\"692\"><strong>Esta estampa \u00e9 ideal se voc\u00ea:<\/strong><\/p>\n<p data-start=\"694\" data-end=\"849\">\u2022 Morar em Paris ou estar acostumado a fazer o trajeto diariamente para o trabalho<br data-start=\"734\" data-end=\"737\" \/>\u2022 Estudou ou trabalhou na cidade<br data-start=\"768\" data-end=\"771\" \/>\u2022 Adoro mapas de transporte p\u00fablico e planejamento urbano<br data-start=\"807\" data-end=\"810\" \/>\u2022 Quer um presente especial com tema parisiense?<\/p>\n<p data-start=\"851\" data-end=\"1031\">Impresso em papel fosco de alta qualidade, o p\u00f4ster oferece detalhes n\u00edtidos e nomes de esta\u00e7\u00f5es claros. O acabamento antirreflexo mant\u00e9m tudo leg\u00edvel em diferentes condi\u00e7\u00f5es de ilumina\u00e7\u00e3o.<\/p>\n<p data-start=\"1033\" data-end=\"1212\">Aviso: Este p\u00f4ster \u00e9 um design independente criado pelo Tapioca Studio. N\u00e3o possui qualquer v\u00ednculo, endosso ou conex\u00e3o com a RATP ou qualquer autoridade oficial de transporte de Paris.<\/p>\n<p data-start=\"1214\" data-end=\"1371\" data-is-last-node=\"\" data-is-only-node=\"\">Se voc\u00ea procura um mapa detalhado do metr\u00f4 de Paris, com estrutura limpa e design moderno, esta pe\u00e7a traz a rede de transporte da cidade para o seu espa\u00e7o.<\/p>","protected":false},"excerpt":{"rendered":"<div class=\"flex flex-col text-sm pb-25\">\n<article class=\"text-token-text-primary w-full focus:outline-none [--shadow-height:45px] has-data-writing-block:pointer-events-none has-data-writing-block:-mt-(--shadow-height) has-data-writing-block:pt-(--shadow-height) [&amp;:has([data-writing-block])&gt;*]:pointer-events-auto scroll-mt-[calc(var(--header-height)+min(200px,max(70px,20svh)))]\" dir=\"auto\" data-turn-id=\"request-69a4603a-ab70-839e-b057-68ca92ae6c3f-42\" data-testid=\"conversation-turn-58\" data-scroll-anchor=\"true\" data-turn=\"assistant\">\n<div class=\"text-base my-auto mx-auto pb-10 [--thread-content-margin:--spacing(4)] @w-sm\/main:[--thread-content-margin:--spacing(6)] @w-lg\/main:[--thread-content-margin:--spacing(16)] px-(--thread-content-margin)\">\n<div class=\"[--thread-content-max-width:40rem] @w-lg\/main:[--thread-content-max-width:48rem] mx-auto max-w-(--thread-content-max-width) flex-1 group\/turn-messages focus-visible:outline-hidden relative flex w-full min-w-0 flex-col agent-turn\" tabindex=\"-1\">\n<div class=\"flex max-w-full flex-col grow\">\n<div class=\"min-h-8 text-message relative flex w-full flex-col items-end gap-2 text-start break-words whitespace-normal [.text-message+&amp;]:mt-1\" dir=\"auto\" data-message-author-role=\"assistant\" data-message-id=\"aec455e3-a787-4798-913c-1c090def6190\" data-message-model-slug=\"gpt-5-2\">\n<div class=\"flex w-full flex-col gap-1 empty:hidden first:pt-[1px]\">\n<div class=\"markdown prose dark:prose-invert w-full wrap-break-word dark markdown-new-styling\">\n<p data-start=\"292\" data-end=\"448\">A modern Paris M\u00e9tro map poster with all lines and stations clearly organized, printed on high quality 250gsm matte paper and shipped worldwide.<\/p>\n<\/div>\n<\/div>\n<\/div>\n<\/div>\n<div class=\"z-0 flex min-h-[46px] justify-start\"><\/div>\n<div class=\"mt-3 w-full empty:hidden\">\n<div class=\"text-center\"><\/div>\n<\/div>\n<\/div>\n<\/div>\n<\/article>\n<\/div>\n","protected":false},"featured_media":7543,"comment_status":"open","ping_status":"closed","template":"","meta":{"_acf_changed":false},"product_brand":[],"product_cat":[16,150,52],"product_tag":[70,73,80,83,81,82,68],"class_list":{"0":"post-256","1":"product","2":"type-product","3":"status-publish","4":"has-post-thumbnail","6":"product_cat-all-posters","7":"product_cat-bestsellers","8":"product_cat-transit-maps","9":"product_tag-city-map-decor","10":"product_tag-minimalist-map","11":"product_tag-paris-map-print","12":"product_tag-paris-metro-print","13":"product_tag-paris-poster","14":"product_tag-paris-subway","15":"product_tag-subway-map-print","17":"first","18":"instock","19":"shipping-taxable","20":"purchasable","21":"product-type-variable"},"acf":[],"tiered_pricing_type":"fixed","tiered_pricing_fixed_rules":[],"tiered_pricing_product_settings":{"layout":"default","base_unit_name":{"singular":null,"plural":null},"default_variation":null},"tiered_pricing_minimum_quantity":null,"tiered_pricing_roles_data":[],"tiered_pricing_percentage_rules":[],"tiered_pricing_maximum_quantity":null,"tiered_pricing_quantity_step":null,"_links":{"self":[{"href":"https:\/\/tapiocastudio.shop\/pt-br\/wp-json\/wp\/v2\/product\/256","targetHints":{"allow":["GET"]}}],"collection":[{"href":"https:\/\/tapiocastudio.shop\/pt-br\/wp-json\/wp\/v2\/product"}],"about":[{"href":"https:\/\/tapiocastudio.shop\/pt-br\/wp-json\/wp\/v2\/types\/product"}],"replies":[{"embeddable":true,"href":"https:\/\/tapiocastudio.shop\/pt-br\/wp-json\/wp\/v2\/comments?post=256"}],"version-history":[{"count":9,"href":"https:\/\/tapiocastudio.shop\/pt-br\/wp-json\/wp\/v2\/product\/256\/revisions"}],"predecessor-version":[{"id":7709,"href":"https:\/\/tapiocastudio.shop\/pt-br\/wp-json\/wp\/v2\/product\/256\/revisions\/7709"}],"wp:featuredmedia":[{"embeddable":true,"href":"https:\/\/tapiocastudio.shop\/pt-br\/wp-json\/wp\/v2\/media\/7543"}],"wp:attachment":[{"href":"https:\/\/tapiocastudio.shop\/pt-br\/wp-json\/wp\/v2\/media?parent=256"}],"wp:term":[{"taxonomy":"product_brand","embeddable":true,"href":"https:\/\/tapiocastudio.shop\/pt-br\/wp-json\/wp\/v2\/product_brand?post=256"},{"taxonomy":"product_cat","embeddable":true,"href":"https:\/\/tapiocastudio.shop\/pt-br\/wp-json\/wp\/v2\/product_cat?post=256"},{"taxonomy":"product_tag","embeddable":true,"href":"https:\/\/tapiocastudio.shop\/pt-br\/wp-json\/wp\/v2\/product_tag?post=256"}],"curies":[{"name":"wp","href":"https:\/\/api.w.org\/{rel}","templated":true}]}}