{"id":5095,"date":"2026-01-27T12:17:54","date_gmt":"2026-01-27T12:17:54","guid":{"rendered":"https:\/\/tapiocastudio.shop\/?page_id=5095"},"modified":"2026-01-27T12:17:58","modified_gmt":"2026-01-27T12:17:58","slug":"termos-e-condicoes","status":"publish","type":"page","link":"https:\/\/tapiocastudio.shop\/pt-br\/terms-and-conditions\/","title":{"rendered":"Termos e Condi\u00e7\u00f5es"},"content":{"rendered":"<div class=\"wp-block-stackable-columns alignfull stk-block-columns stk-block stk-dc595a3 stk-block-background\" data-block-id=\"dc595a3\"><style>.stk-dc595a3 {background-color:var(--theme-palette-color-6, #D9DADA) !important;padding-top:120px !important;padding-bottom:120px !important;margin-bottom:0px !important;}.stk-dc595a3:before{background-color:var(--theme-palette-color-6, #D9DADA) !important;}@media screen and (max-width:999px){.stk-dc595a3 {padding-top:80px !important;padding-bottom:80px !important;}}<\/style><div class=\"stk-row stk-inner-blocks stk-block-content stk-content-align stk-dc595a3-column\">\n<div class=\"wp-block-stackable-column stk-block-column stk-column stk-block stk-29e92bc\" data-v=\"4\" data-block-id=\"29e92bc\"><style>.stk-29e92bc-container{margin-top:0px !important;margin-right:0px !important;margin-bottom:0px !important;margin-left:0px !important;}<\/style><div class=\"stk-column-wrapper stk-block-column__content stk-container stk-29e92bc-container stk--no-background stk--no-padding\"><div class=\"stk-block-content stk-inner-blocks stk-29e92bc-inner-blocks\">\n<div class=\"wp-block-stackable-heading stk-block-heading stk-block-heading--v2 stk-block stk-2d08bbf\" id=\"terms-and-conditions\" data-block-id=\"2d08bbf\"><style>.stk-2d08bbf .stk-block-heading__text{font-size:80px !important;}@media screen and (max-width:999px){.stk-2d08bbf .stk-block-heading__text{font-size:45px !important;}}@media screen and (max-width:689px){.stk-2d08bbf .stk-block-heading__text{font-size:35px !important;}}<\/style><h2 class=\"stk-block-heading__text has-text-align-center\">Termos e Condi\u00e7\u00f5es<\/h2><\/div>\n<\/div><\/div><\/div>\n<\/div><\/div>\n\n\n\n<h2 class=\"wp-block-heading\"><\/h2>\n\n\n\n<p>Estes Termos e Condi\u00e7\u00f5es aplicam-se a todas as compras e \u00e0 utiliza\u00e7\u00e3o do site tapiocastudio.shop. Ao aceder a este site ou ao efetuar uma encomenda, concorda com os termos abaixo descritos.<br><\/p>\n\n\n\n<h3 class=\"wp-block-heading\">Sobre a loja<\/h3>\n\n\n\n<p>A Tapioca Studio \u00e9 um est\u00fadio de design independente que vende produtos personalizados impressos sob encomenda. Todos os produtos s\u00e3o produzidos ap\u00f3s a compra.<\/p>\n\n\n\n<h3 class=\"wp-block-heading\">Produtos<\/h3>\n\n\n\n<p>Todos os produtos s\u00e3o impressos sob encomenda, de acordo com as op\u00e7\u00f5es selecionadas pelo cliente. As imagens dos produtos s\u00e3o meramente ilustrativas. As cores finais podem variar ligeiramente devido \u00e0s configura\u00e7\u00f5es da tela e aos processos de impress\u00e3o.<\/p>\n\n\n\n<h3 class=\"wp-block-heading\">Pedidos e pagamento<\/h3>\n\n\n\n<p>Os pedidos s\u00e3o processados somente ap\u00f3s a confirma\u00e7\u00e3o do pagamento. Reservamo-nos o direito de cancelar ou recusar um pedido em caso de informa\u00e7\u00f5es incorretas, suspeita de fraude ou erros t\u00e9cnicos. Se um pedido for cancelado, o valor pago ser\u00e1 reembolsado.<\/p>\n\n\n\n<h3 class=\"wp-block-heading\">Pre\u00e7os<\/h3>\n\n\n\n<p>Todos os pre\u00e7os s\u00e3o apresentados em euros, salvo indica\u00e7\u00e3o em contr\u00e1rio. Os pre\u00e7os podem sofrer altera\u00e7\u00f5es a qualquer momento. As altera\u00e7\u00f5es de pre\u00e7o n\u00e3o afetam as encomendas j\u00e1 confirmadas.<\/p>\n\n\n\n<h3 class=\"wp-block-heading\">Envio<\/h3>\n\n\n\n<p>Os prazos de produ\u00e7\u00e3o, m\u00e9todos de envio, estimativas de entrega e custos de envio est\u00e3o descritos em nossa p\u00e1gina de Pol\u00edtica de Envio. Os prazos de entrega s\u00e3o estimados e n\u00e3o s\u00e3o garantidos.<\/p>\n\n\n\n<h3 class=\"wp-block-heading\">Devolu\u00e7\u00f5es e reembolsos<\/h3>\n\n\n\n<p>A elegibilidade para devolu\u00e7\u00e3o, as condi\u00e7\u00f5es e os procedimentos de reembolso est\u00e3o descritos na nossa p\u00e1gina de Pol\u00edtica de Reembolso e Devolu\u00e7\u00f5es. Produtos personalizados s\u00e3o feitos sob encomenda e s\u00f3 s\u00e3o eleg\u00edveis para reembolso em caso de danos ou defeitos.<\/p>\n\n\n\n<h3 class=\"wp-block-heading\">Propriedade intelectual<\/h3>\n\n\n\n<p>Todos os designs, ilustra\u00e7\u00f5es, imagens e conte\u00fado deste site s\u00e3o propriedade da Tapioca Studio. \u00c9 proibida a c\u00f3pia, reprodu\u00e7\u00e3o, distribui\u00e7\u00e3o ou revenda de qualquer conte\u00fado sem autoriza\u00e7\u00e3o pr\u00e9via por escrito.<\/p>\n\n\n\n<h3 class=\"wp-block-heading\">Uso do site<\/h3>\n\n\n\n<p>Voc\u00ea concorda em n\u00e3o fazer uso indevido deste site, tentar acesso n\u00e3o autorizado ou interferir em sua funcionalidade.<\/p>\n\n\n\n<h3 class=\"wp-block-heading\">Limita\u00e7\u00e3o de responsabilidade<\/h3>\n\n\n\n<p>A Tapioca Studio n\u00e3o se responsabiliza por atrasos ou problemas causados por transportadoras, processamento alfandeg\u00e1rio, informa\u00e7\u00f5es de entrega incorretas fornecidas pelo cliente ou eventos fora do nosso controle.<\/p>\n\n\n\n<h3 class=\"wp-block-heading\">Lei aplic\u00e1vel<\/h3>\n\n\n\n<p>Estes termos s\u00e3o regidos pelas leis da Uni\u00e3o Europeia e pelas regulamenta\u00e7\u00f5es locais aplic\u00e1veis.<\/p>\n\n\n\n<h3 class=\"wp-block-heading\">Contato<\/h3>\n\n\n\n<p>Para d\u00favidas sobre estes Termos e Condi\u00e7\u00f5es, entre em contato conosco atrav\u00e9s do endere\u00e7o: <a>contact@tapiocastudio.shop<\/a>.<\/p>","protected":false},"excerpt":{"rendered":"<p>Terms and Conditions These Terms and Conditions apply to all purchases and use of tapiocastudio.shop. By accessing this website or placing an order, you agree to the terms below. About the store Tapioca Studio is an independent design studio selling custom printed products made to order. All products are produced after purchase. Products All products [&hellip;]<\/p>\n","protected":false},"author":1,"featured_media":0,"parent":0,"menu_order":0,"comment_status":"closed","ping_status":"closed","template":"","meta":{"_acf_changed":false,"footnotes":""},"class_list":["post-5095","page","type-page","status-publish","hentry"],"blocksy_meta":{"has_hero_section":"disabled","styles_descriptor":{"styles":{"desktop":"","tablet":"","mobile":""},"google_fonts":[],"version":6}},"acf":[],"_links":{"self":[{"href":"https:\/\/tapiocastudio.shop\/pt-br\/wp-json\/wp\/v2\/pages\/5095","targetHints":{"allow":["GET"]}}],"collection":[{"href":"https:\/\/tapiocastudio.shop\/pt-br\/wp-json\/wp\/v2\/pages"}],"about":[{"href":"https:\/\/tapiocastudio.shop\/pt-br\/wp-json\/wp\/v2\/types\/page"}],"author":[{"embeddable":true,"href":"https:\/\/tapiocastudio.shop\/pt-br\/wp-json\/wp\/v2\/users\/1"}],"replies":[{"embeddable":true,"href":"https:\/\/tapiocastudio.shop\/pt-br\/wp-json\/wp\/v2\/comments?post=5095"}],"version-history":[{"count":2,"href":"https:\/\/tapiocastudio.shop\/pt-br\/wp-json\/wp\/v2\/pages\/5095\/revisions"}],"predecessor-version":[{"id":5097,"href":"https:\/\/tapiocastudio.shop\/pt-br\/wp-json\/wp\/v2\/pages\/5095\/revisions\/5097"}],"wp:attachment":[{"href":"https:\/\/tapiocastudio.shop\/pt-br\/wp-json\/wp\/v2\/media?parent=5095"}],"curies":[{"name":"wp","href":"https:\/\/api.w.org\/{rel}","templated":true}]}}