{"id":5993,"date":"2026-02-20T15:37:13","date_gmt":"2026-02-20T15:37:13","guid":{"rendered":"https:\/\/tapiocastudio.shop\/?post_type=product&#038;p=5993"},"modified":"2026-04-03T10:28:48","modified_gmt":"2026-04-03T10:28:48","slug":"affiche-de-projection-azimutale","status":"publish","type":"product","link":"https:\/\/tapiocastudio.shop\/fr\/product\/azimuthal-projection-poster\/","title":{"rendered":"Affiche de projection azimutale"},"content":{"rendered":"<p data-start=\"563\" data-end=\"697\">Cette affiche pr\u00e9sente deux projections azimutales \u00e9quidistantes de la Terre.<br data-start=\"635\" data-end=\"638\" \/>Un globe est centr\u00e9 \u00e0 90\u00b0 Nord, l&#039;autre \u00e0 90\u00b0 Sud.<\/p>\n<p data-start=\"699\" data-end=\"718\">Dans cette projection\u00a0:<\/p>\n<p data-start=\"720\" data-end=\"875\">\u2022 Toutes les distances mesur\u00e9es \u00e0 partir du point central sont \u00e0 l&#039;\u00e9chelle.<br data-start=\"784\" data-end=\"787\" \/>\u2022 La direction \u00e0 partir du centre est pr\u00e9cise<br data-start=\"826\" data-end=\"829\" \/>\u2022 La distorsion augmente vers le bord ext\u00e9rieur<\/p>\n<p data-start=\"877\" data-end=\"1023\">Centr\u00e9 sur les p\u00f4les, le cercle ext\u00e9rieur repr\u00e9sente l&#039;\u00e9quateur. Les lignes de longitude rayonnent vers l&#039;ext\u00e9rieur, et la latitude appara\u00eet sous forme d&#039;anneaux concentriques.<\/p>\n<p data-start=\"1025\" data-end=\"1131\">Il en r\u00e9sulte une repr\u00e9sentation pr\u00e9cise et graphique de notre plan\u00e8te qui remet en question la carte du monde rectangulaire que nous connaissons.<\/p>\n<p data-start=\"1133\" data-end=\"1264\">Con\u00e7ue pour les int\u00e9rieurs modernes, les studios, les bureaux et les salles de classe, cette affiche allie pr\u00e9cision math\u00e9matique et impact visuel saisissant.<\/p>\n<h3 data-start=\"1266\" data-end=\"1273\">D\u00e9tails<\/h3>\n<p data-start=\"1275\" data-end=\"1465\">\u2022 Projection\u00a0: \u00c9quidistante azimutale<br data-start=\"1310\" data-end=\"1313\" \/>\u2022 Le p\u00f4le Nord est centr\u00e9 \u00e0 90\u00b0 N<br data-start=\"1343\" data-end=\"1346\" \/>\u2022 Le p\u00f4le Sud est centr\u00e9 \u00e0 90\u00b0 S<br data-start=\"1376\" data-end=\"1379\" \/>\u2022 Syst\u00e8me de r\u00e9f\u00e9rence : WGS84<br data-start=\"1421\" data-end=\"1424\" \/>\u2022 Imprim\u00e9 sur papier mat de qualit\u00e9 mus\u00e9e<\/p>\n<h3 data-start=\"1467\" data-end=\"1480\">\u00c0 qui cela s&#039;adresse-t-il ?<\/h3>\n<p data-start=\"1482\" data-end=\"1610\">\u2022 Designers et architectes<br data-start=\"1508\" data-end=\"1511\" \/>\u2022 Les passionn\u00e9s de g\u00e9ographie<br data-start=\"1534\" data-end=\"1537\" \/>\u2022 Enseignants et \u00e9l\u00e8ves<br data-start=\"1560\" data-end=\"1563\" \/>\u2022 Pour tous ceux qui appr\u00e9cient l&#039;art mural bas\u00e9 sur les donn\u00e9es<\/p>\n<p data-start=\"1612\" data-end=\"1634\">","protected":false},"excerpt":{"rendered":"<p>D\u00e9couvrez la Terre vue du ciel. Cette affiche \u00e0 double globe pr\u00e9sente la Terre selon la projection azimutale \u00e9quidistante, centr\u00e9e sur les p\u00f4les Nord et Sud. Les distances par rapport au centre sont indiqu\u00e9es \u00e0 l&#039;\u00e9chelle r\u00e9elle, offrant une perspective in\u00e9dite sur la g\u00e9ographie mondiale.<\/p>","protected":false},"featured_media":7516,"comment_status":"open","ping_status":"closed","template":"","meta":{"_acf_changed":false},"product_brand":[],"product_cat":[16,55],"product_tag":[],"class_list":{"0":"post-5993","1":"product","2":"type-product","3":"status-publish","4":"has-post-thumbnail","6":"product_cat-all-posters","7":"product_cat-world-maps","9":"first","10":"instock","11":"shipping-taxable","12":"purchasable","13":"product-type-variable"},"acf":[],"tiered_pricing_type":"fixed","tiered_pricing_fixed_rules":[],"tiered_pricing_product_settings":{"layout":"default","base_unit_name":{"singular":null,"plural":null},"default_variation":null},"tiered_pricing_minimum_quantity":null,"tiered_pricing_roles_data":[],"tiered_pricing_percentage_rules":[],"tiered_pricing_maximum_quantity":null,"tiered_pricing_quantity_step":null,"_links":{"self":[{"href":"https:\/\/tapiocastudio.shop\/fr\/wp-json\/wp\/v2\/product\/5993","targetHints":{"allow":["GET"]}}],"collection":[{"href":"https:\/\/tapiocastudio.shop\/fr\/wp-json\/wp\/v2\/product"}],"about":[{"href":"https:\/\/tapiocastudio.shop\/fr\/wp-json\/wp\/v2\/types\/product"}],"replies":[{"embeddable":true,"href":"https:\/\/tapiocastudio.shop\/fr\/wp-json\/wp\/v2\/comments?post=5993"}],"version-history":[{"count":4,"href":"https:\/\/tapiocastudio.shop\/fr\/wp-json\/wp\/v2\/product\/5993\/revisions"}],"predecessor-version":[{"id":6534,"href":"https:\/\/tapiocastudio.shop\/fr\/wp-json\/wp\/v2\/product\/5993\/revisions\/6534"}],"wp:featuredmedia":[{"embeddable":true,"href":"https:\/\/tapiocastudio.shop\/fr\/wp-json\/wp\/v2\/media\/7516"}],"wp:attachment":[{"href":"https:\/\/tapiocastudio.shop\/fr\/wp-json\/wp\/v2\/media?parent=5993"}],"wp:term":[{"taxonomy":"product_brand","embeddable":true,"href":"https:\/\/tapiocastudio.shop\/fr\/wp-json\/wp\/v2\/product_brand?post=5993"},{"taxonomy":"product_cat","embeddable":true,"href":"https:\/\/tapiocastudio.shop\/fr\/wp-json\/wp\/v2\/product_cat?post=5993"},{"taxonomy":"product_tag","embeddable":true,"href":"https:\/\/tapiocastudio.shop\/fr\/wp-json\/wp\/v2\/product_tag?post=5993"}],"curies":[{"name":"wp","href":"https:\/\/api.w.org\/{rel}","templated":true}]}}