{"id":4597,"date":"2025-11-16T12:23:07","date_gmt":"2025-11-16T12:23:07","guid":{"rendered":"https:\/\/tapiocastudio.shop\/?post_type=product&#038;p=4597"},"modified":"2026-04-03T10:48:10","modified_gmt":"2026-04-03T10:48:10","slug":"affiche-murale-carte-du-monde","status":"publish","type":"product","link":"https:\/\/tapiocastudio.shop\/fr\/product\/world-map-wall-art-poster\/","title":{"rendered":"Carte du monde - Affiche monochrome bleue"},"content":{"rendered":"<p data-start=\"27\" data-end=\"114\">Apportez une carte du monde classique dans votre espace gr\u00e2ce \u00e0 cette impression d\u00e9taill\u00e9e en projection de Mercator.<\/p>\n<p data-start=\"116\" data-end=\"382\">Cette carte du monde pr\u00e9sente clairement les noms des pays et les principales villes, offrant ainsi une vue structur\u00e9e et informative de la plan\u00e8te. La projection de Mercator pr\u00e9serve les directions et les formes locales, ce qui la rend utile pour la navigation et les itin\u00e9raires internationaux.<\/p>\n<p data-start=\"384\" data-end=\"426\"><strong>Que comprend cette carte du monde de Mercator\u00a0?<\/strong><\/p>\n<p data-start=\"428\" data-end=\"556\">\u2022 Tous les pays \u00e9tiquet\u00e9s<br data-start=\"451\" data-end=\"454\" \/>\u2022 Grandes villes marqu\u00e9es<br data-start=\"475\" data-end=\"478\" \/>\u2022 Grille de latitude et de longitude claire<br data-start=\"513\" data-end=\"516\" \/>\u2022 Disposition rectangulaire traditionnelle du monde<\/p>\n<p data-start=\"558\" data-end=\"749\">La projection de Mercator, qui pr\u00e9serve les directions, est utilis\u00e9e depuis longtemps pour la navigation et les cartes maritimes. Elle constitue ainsi une r\u00e9f\u00e9rence pratique pour les salles de classe, les espaces d&#039;\u00e9tude \u00e0 domicile et les bureaux.<\/p>\n<p data-start=\"751\" data-end=\"928\">Son design monochrome bleu cr\u00e9e un style \u00e9pur\u00e9 et moderne qui s&#039;int\u00e8gre facilement \u00e0 diff\u00e9rents int\u00e9rieurs. Il convient aussi bien comme support p\u00e9dagogique que comme \u00e9l\u00e9ment d\u00e9coratif \u00e0 part enti\u00e8re.<\/p>\n<p data-start=\"930\" data-end=\"1112\">Imprim\u00e9e en haute r\u00e9solution sur papier mat de qualit\u00e9 sup\u00e9rieure, chaque bordure, chaque littoral et chaque \u00e9tiquette restent nets et parfaitement lisibles. La finition antireflet garantit la visibilit\u00e9 des d\u00e9tails quelle que soit la luminosit\u00e9.<\/p>\n<p data-start=\"1114\" data-end=\"1274\" data-is-last-node=\"\" data-is-only-node=\"\">Si vous recherchez une carte du monde d\u00e9taill\u00e9e de Mercator avec les noms des pays et les principales villes, cette affiche allie pr\u00e9cision g\u00e9ographique et design intemporel.<\/p>","protected":false},"excerpt":{"rendered":"<p data-start=\"2946\" data-end=\"3061\">Une carte du monde aux tons bleu profond, minimaliste et con\u00e7ue pour une forte pr\u00e9sence visuelle.<\/p>","protected":false},"featured_media":7547,"comment_status":"open","ping_status":"closed","template":"","meta":{"_acf_changed":false},"product_brand":[],"product_cat":[16,55],"product_tag":[],"class_list":{"0":"post-4597","1":"product","2":"type-product","3":"status-publish","4":"has-post-thumbnail","6":"product_cat-all-posters","7":"product_cat-world-maps","9":"first","10":"instock","11":"shipping-taxable","12":"purchasable","13":"product-type-variable"},"acf":[],"tiered_pricing_type":"fixed","tiered_pricing_fixed_rules":[],"tiered_pricing_product_settings":{"layout":"default","base_unit_name":{"singular":null,"plural":null},"default_variation":null},"tiered_pricing_minimum_quantity":null,"tiered_pricing_roles_data":[],"tiered_pricing_percentage_rules":[],"tiered_pricing_maximum_quantity":null,"tiered_pricing_quantity_step":null,"_links":{"self":[{"href":"https:\/\/tapiocastudio.shop\/fr\/wp-json\/wp\/v2\/product\/4597","targetHints":{"allow":["GET"]}}],"collection":[{"href":"https:\/\/tapiocastudio.shop\/fr\/wp-json\/wp\/v2\/product"}],"about":[{"href":"https:\/\/tapiocastudio.shop\/fr\/wp-json\/wp\/v2\/types\/product"}],"replies":[{"embeddable":true,"href":"https:\/\/tapiocastudio.shop\/fr\/wp-json\/wp\/v2\/comments?post=4597"}],"version-history":[{"count":5,"href":"https:\/\/tapiocastudio.shop\/fr\/wp-json\/wp\/v2\/product\/4597\/revisions"}],"predecessor-version":[{"id":6563,"href":"https:\/\/tapiocastudio.shop\/fr\/wp-json\/wp\/v2\/product\/4597\/revisions\/6563"}],"wp:featuredmedia":[{"embeddable":true,"href":"https:\/\/tapiocastudio.shop\/fr\/wp-json\/wp\/v2\/media\/7547"}],"wp:attachment":[{"href":"https:\/\/tapiocastudio.shop\/fr\/wp-json\/wp\/v2\/media?parent=4597"}],"wp:term":[{"taxonomy":"product_brand","embeddable":true,"href":"https:\/\/tapiocastudio.shop\/fr\/wp-json\/wp\/v2\/product_brand?post=4597"},{"taxonomy":"product_cat","embeddable":true,"href":"https:\/\/tapiocastudio.shop\/fr\/wp-json\/wp\/v2\/product_cat?post=4597"},{"taxonomy":"product_tag","embeddable":true,"href":"https:\/\/tapiocastudio.shop\/fr\/wp-json\/wp\/v2\/product_tag?post=4597"}],"curies":[{"name":"wp","href":"https:\/\/api.w.org\/{rel}","templated":true}]}}