{"id":2947,"date":"2025-11-04T00:19:33","date_gmt":"2025-11-04T00:19:33","guid":{"rendered":"https:\/\/tapiocastudio.shop\/?post_type=product&#038;p=2947"},"modified":"2026-04-03T10:44:10","modified_gmt":"2026-04-03T10:44:10","slug":"plan-du-metro-de-new-york","status":"publish","type":"product","link":"https:\/\/tapiocastudio.shop\/fr\/product\/new-york-city-subway-map\/","title":{"rendered":"Plan du m\u00e9tro de New York - Affiche monochrome"},"content":{"rendered":"<p data-start=\"189\" data-end=\"298\">Ajoutez une vue claire et structur\u00e9e du m\u00e9tro new-yorkais \u00e0 votre mur gr\u00e2ce \u00e0 cette carte monochrome des transports en commun.<\/p>\n<p data-start=\"300\" data-end=\"554\">Cette affiche du plan du m\u00e9tro de New York pr\u00e9sente l&#039;int\u00e9gralit\u00e9 du r\u00e9seau MTA dans une palette monochrome, mettant l&#039;accent sur la structure des lignes et les correspondances entre les stations. La simplification de sa pr\u00e9sentation rend l&#039;un des r\u00e9seaux de transport en commun les plus complexes au monde plus lisible et visuellement \u00e9quilibr\u00e9.<\/p>\n<p data-start=\"556\" data-end=\"594\"><strong>Que comprend ce plan du m\u00e9tro de New York\u00a0?<\/strong><\/p>\n<p data-start=\"596\" data-end=\"746\">\u2022 L&#039;int\u00e9gralit\u00e9 du r\u00e9seau de m\u00e9tro de New York<br data-start=\"635\" data-end=\"638\" \/>\u2022 Lignes et points de correspondance clairement d\u00e9finis<br data-start=\"681\" data-end=\"684\" \/>\u2022 Principales liaisons avec les gares<br data-start=\"711\" data-end=\"714\" \/>\u2022 Design monochrome minimaliste<\/p>\n<p data-start=\"748\" data-end=\"867\">Le choix d&#039;une seule teinte conf\u00e8re \u00e0 l&#039;affiche un aspect moderne qui s&#039;int\u00e8gre parfaitement dans les bureaux, les studios et les int\u00e9rieurs contemporains.<\/p>\n<p data-start=\"869\" data-end=\"1039\">Imprim\u00e9 sur un papier mat de qualit\u00e9 sup\u00e9rieure, le design garantit des lignes fines et une lisibilit\u00e9 optimale des noms de stations. La finition antireflet assure une lisibilit\u00e9 parfaite quelles que soient les conditions d&#039;\u00e9clairage.<\/p>\n<p data-start=\"1041\" data-end=\"1258\">Avertissement\u00a0: Cette affiche est une cr\u00e9ation ind\u00e9pendante de Tapioca Studio. Elle n\u2019est ni affili\u00e9e \u00e0, ni approuv\u00e9e par, ni li\u00e9e \u00e0 la Metropolitan Transportation Authority ou \u00e0 toute autre autorit\u00e9 de transport officielle de New York.<\/p>\n<p data-start=\"1260\" data-end=\"1418\" data-is-last-node=\"\" data-is-only-node=\"\">Si vous recherchez une affiche monochrome du plan du m\u00e9tro new-yorkais, \u00e0 la structure \u00e9pur\u00e9e et aux d\u00e9tails pr\u00e9cis, cette impression transforme le r\u00e9seau MTA en une \u0153uvre d&#039;art murale moderne.<\/p>","protected":false},"excerpt":{"rendered":"<p data-start=\"2056\" data-end=\"2173\">Une repr\u00e9sentation graphique du m\u00e9tro new-yorkais dans un design monochrome \u00e9pur\u00e9.<\/p>","protected":false},"featured_media":7538,"comment_status":"open","ping_status":"closed","template":"","meta":{"_acf_changed":false},"product_brand":[],"product_cat":[16,150,52],"product_tag":[74,77,70,73,79,71,72,67,78,76,69,68,75],"class_list":{"0":"post-2947","1":"product","2":"type-product","3":"status-publish","4":"has-post-thumbnail","6":"product_cat-all-posters","7":"product_cat-bestsellers","8":"product_cat-transit-maps","9":"product_tag-blue-wall-decor","10":"product_tag-city-lover-gift","11":"product_tag-city-map-decor","12":"product_tag-minimalist-map","13":"product_tag-modern-city-print","14":"product_tag-modern-travel-print","15":"product_tag-new-york-art","16":"product_tag-new-york-city-poster","17":"product_tag-new-york-home-decor","18":"product_tag-nyc-subway-art","19":"product_tag-nyc-wall-art","20":"product_tag-subway-map-print","21":"product_tag-urban-design-poster","23":"first","24":"instock","25":"shipping-taxable","26":"purchasable","27":"product-type-variable"},"acf":[],"tiered_pricing_type":"fixed","tiered_pricing_fixed_rules":[],"tiered_pricing_product_settings":{"layout":"default","base_unit_name":{"singular":null,"plural":null},"default_variation":null},"tiered_pricing_minimum_quantity":null,"tiered_pricing_roles_data":[],"tiered_pricing_percentage_rules":[],"tiered_pricing_maximum_quantity":null,"tiered_pricing_quantity_step":null,"_links":{"self":[{"href":"https:\/\/tapiocastudio.shop\/fr\/wp-json\/wp\/v2\/product\/2947","targetHints":{"allow":["GET"]}}],"collection":[{"href":"https:\/\/tapiocastudio.shop\/fr\/wp-json\/wp\/v2\/product"}],"about":[{"href":"https:\/\/tapiocastudio.shop\/fr\/wp-json\/wp\/v2\/types\/product"}],"replies":[{"embeddable":true,"href":"https:\/\/tapiocastudio.shop\/fr\/wp-json\/wp\/v2\/comments?post=2947"}],"version-history":[{"count":13,"href":"https:\/\/tapiocastudio.shop\/fr\/wp-json\/wp\/v2\/product\/2947\/revisions"}],"predecessor-version":[{"id":6651,"href":"https:\/\/tapiocastudio.shop\/fr\/wp-json\/wp\/v2\/product\/2947\/revisions\/6651"}],"wp:featuredmedia":[{"embeddable":true,"href":"https:\/\/tapiocastudio.shop\/fr\/wp-json\/wp\/v2\/media\/7538"}],"wp:attachment":[{"href":"https:\/\/tapiocastudio.shop\/fr\/wp-json\/wp\/v2\/media?parent=2947"}],"wp:term":[{"taxonomy":"product_brand","embeddable":true,"href":"https:\/\/tapiocastudio.shop\/fr\/wp-json\/wp\/v2\/product_brand?post=2947"},{"taxonomy":"product_cat","embeddable":true,"href":"https:\/\/tapiocastudio.shop\/fr\/wp-json\/wp\/v2\/product_cat?post=2947"},{"taxonomy":"product_tag","embeddable":true,"href":"https:\/\/tapiocastudio.shop\/fr\/wp-json\/wp\/v2\/product_tag?post=2947"}],"curies":[{"name":"wp","href":"https:\/\/api.w.org\/{rel}","templated":true}]}}