{"id":260,"date":"2025-10-27T23:17:33","date_gmt":"2025-10-27T23:17:33","guid":{"rendered":"http:\/\/tapiocastudio.shop:8080\/?post_type=product&#038;p=260"},"modified":"2026-04-03T10:40:01","modified_gmt":"2026-04-03T10:40:01","slug":"affiche-des-drapeaux-du-monde","status":"publish","type":"product","link":"https:\/\/tapiocastudio.shop\/fr\/product\/flags-of-the-world-poster\/","title":{"rendered":"Affiche des drapeaux du monde"},"content":{"rendered":"<p data-start=\"51\" data-end=\"242\">Cette affiche transforme 246 drapeaux nationaux et territoriaux en diagrammes circulaires pr\u00e9cis. Chaque cercle repr\u00e9sente un pays. Chaque segment refl\u00e8te les proportions exactes des couleurs du drapeau original.<\/p>\n<p data-start=\"244\" data-end=\"386\">Il en r\u00e9sulte une identit\u00e9 visuelle claire et structur\u00e9e, construite uniquement \u00e0 partir de couleurs et de proportions. Aucun symbole. Aucun texte. Juste une composition mesurable.<\/p>\n<p data-start=\"388\" data-end=\"429\"><strong>Qu&#039;est-ce qui rend cette affiche des drapeaux du monde unique ?<\/strong><\/p>\n<p data-start=\"431\" data-end=\"628\">\u2022 246 drapeaux nationaux et territoriaux inclus<br data-start=\"476\" data-end=\"479\" \/>\u2022 Chaque drapeau a \u00e9t\u00e9 converti en un diagramme circulaire pr\u00e9cis.<br data-start=\"527\" data-end=\"530\" \/>\u2022 Segments de couleur bas\u00e9s sur une analyse proportionnelle r\u00e9elle<br data-start=\"582\" data-end=\"585\" \/>\u2022 Mise en page claire en grille pour une comparaison visuelle<\/p>\n<p data-start=\"630\" data-end=\"656\"><strong>Vous pouvez utiliser cette impression pour\u00a0:<\/strong><\/p>\n<p data-start=\"658\" data-end=\"881\">\u2022 Comparer la fr\u00e9quence d&#039;apparition de certaines couleurs dans diff\u00e9rents pays<br data-start=\"716\" data-end=\"719\" \/>\u2022 Rep\u00e9rer les tendances d&#039;utilisation du rouge, du bleu, du vert et du jaune<br data-start=\"772\" data-end=\"775\" \/>\u2022 Int\u00e9grez des \u0153uvres d&#039;art bas\u00e9es sur les donn\u00e9es dans votre bureau ou votre studio.<br data-start=\"820\" data-end=\"823\" \/>\u2022 Lancer des conversations sur le design et l&#039;identit\u00e9 nationale<\/p>\n<p data-start=\"883\" data-end=\"1009\">Cet ouvrage convient parfaitement aux designers, aux passionn\u00e9s de g\u00e9ographie, aux enseignants et aux voyageurs fr\u00e9quents qui appr\u00e9cient la structure et la clart\u00e9 visuelle.<\/p>\n<p data-start=\"1011\" data-end=\"1146\">Imprim\u00e9 sur papier mat de qualit\u00e9 sup\u00e9rieure, avec une finition lisse et non r\u00e9fl\u00e9chissante. Les lignes fines et les contours nets restent pr\u00e9cis, notamment pour les grands formats.<\/p>\n<p data-start=\"1148\" data-end=\"1323\" data-is-last-node=\"\" data-is-only-node=\"\">Si vous recherchez une affiche moderne des drapeaux du monde qui allie donn\u00e9es, design et culture mondiale, cette impression vous offre une mani\u00e8re structur\u00e9e et visuelle de voir les 246 drapeaux en m\u00eame temps.<\/p>","protected":false},"excerpt":{"rendered":"<p data-start=\"1316\" data-end=\"1408\">Une collection visuelle audacieuse des drapeaux du monde, donn\u00e9es de couleur trait\u00e9es.<\/p>","protected":false},"featured_media":7525,"comment_status":"open","ping_status":"closed","template":"","meta":{"_acf_changed":false},"product_brand":[],"product_cat":[16,51],"product_tag":[],"class_list":{"0":"post-260","1":"product","2":"type-product","3":"status-publish","4":"has-post-thumbnail","6":"product_cat-all-posters","7":"product_cat-data-art","9":"first","10":"instock","11":"shipping-taxable","12":"purchasable","13":"product-type-variable"},"acf":[],"tiered_pricing_type":"fixed","tiered_pricing_fixed_rules":[],"tiered_pricing_product_settings":{"layout":"default","base_unit_name":{"singular":null,"plural":null},"default_variation":null},"tiered_pricing_minimum_quantity":null,"tiered_pricing_roles_data":[],"tiered_pricing_percentage_rules":[],"tiered_pricing_maximum_quantity":null,"tiered_pricing_quantity_step":null,"_links":{"self":[{"href":"https:\/\/tapiocastudio.shop\/fr\/wp-json\/wp\/v2\/product\/260","targetHints":{"allow":["GET"]}}],"collection":[{"href":"https:\/\/tapiocastudio.shop\/fr\/wp-json\/wp\/v2\/product"}],"about":[{"href":"https:\/\/tapiocastudio.shop\/fr\/wp-json\/wp\/v2\/types\/product"}],"replies":[{"embeddable":true,"href":"https:\/\/tapiocastudio.shop\/fr\/wp-json\/wp\/v2\/comments?post=260"}],"version-history":[{"count":4,"href":"https:\/\/tapiocastudio.shop\/fr\/wp-json\/wp\/v2\/product\/260\/revisions"}],"predecessor-version":[{"id":6679,"href":"https:\/\/tapiocastudio.shop\/fr\/wp-json\/wp\/v2\/product\/260\/revisions\/6679"}],"wp:featuredmedia":[{"embeddable":true,"href":"https:\/\/tapiocastudio.shop\/fr\/wp-json\/wp\/v2\/media\/7525"}],"wp:attachment":[{"href":"https:\/\/tapiocastudio.shop\/fr\/wp-json\/wp\/v2\/media?parent=260"}],"wp:term":[{"taxonomy":"product_brand","embeddable":true,"href":"https:\/\/tapiocastudio.shop\/fr\/wp-json\/wp\/v2\/product_brand?post=260"},{"taxonomy":"product_cat","embeddable":true,"href":"https:\/\/tapiocastudio.shop\/fr\/wp-json\/wp\/v2\/product_cat?post=260"},{"taxonomy":"product_tag","embeddable":true,"href":"https:\/\/tapiocastudio.shop\/fr\/wp-json\/wp\/v2\/product_tag?post=260"}],"curies":[{"name":"wp","href":"https:\/\/api.w.org\/{rel}","templated":true}]}}