{"id":259,"date":"2025-10-27T23:17:33","date_gmt":"2025-10-27T23:17:33","guid":{"rendered":"http:\/\/tapiocastudio.shop:8080\/?post_type=product&#038;p=259"},"modified":"2026-04-09T12:00:04","modified_gmt":"2026-04-09T12:00:04","slug":"plan-de-la-ville-de-tokyo-impression-de-la-carte-de-tokyo-japon","status":"publish","type":"product","link":"https:\/\/tapiocastudio.shop\/fr\/product\/tokyo-city-map-print-map-print-of-tokyo-japan\/","title":{"rendered":"Carte de la ville de Tokyo imprim\u00e9e"},"content":{"rendered":"<p>Cette carte de Tokyo pr\u00e9sente le r\u00e9seau routier d\u00e9taill\u00e9 de la capitale japonaise dans un style \u00e9pur\u00e9 et minimaliste. Elle illustre la structure urbaine complexe de la ville avec un trac\u00e9 pr\u00e9cis des rues, les axes principaux et les quartiers clairement indiqu\u00e9s. Les coordonn\u00e9es g\u00e9ographiques permettent un rep\u00e9rage exact. Le choix du noir et blanc met en valeur le quadrillage caract\u00e9ristique de la ville et sa densit\u00e9.<\/p>\n<p>Id\u00e9al pour tous ceux qui ont v\u00e9cu \u00e0 Tokyo, l&#039;ont visit\u00e9e ou appr\u00e9cient simplement l&#039;urbanisme et les plans de ville. Un cadeau attentionn\u00e9 pour les voyageurs, les expatri\u00e9s ou toute personne ayant un lien avec la capitale japonaise. Son design \u00e9pur\u00e9 s&#039;int\u00e8gre parfaitement dans les maisons, les bureaux ou les espaces de travail o\u00f9 l&#039;on souhaite mettre en valeur des lieux importants.<\/p>\n<p>Disponible en quatre formats\u00a0: 70\u00a0\u00d7\u00a0100\u00a0cm, 60\u00a0\u00d7\u00a090\u00a0cm, 50\u00a0\u00d7\u00a070\u00a0cm et 40\u00a0\u00d7\u00a060\u00a0cm. Imprim\u00e9 sur papier mat premium 250\u00a0g\/m\u00b2 certifi\u00e9 FSC, avec une finition antireflet qui pr\u00e9serve la nettet\u00e9 et la lisibilit\u00e9 des d\u00e9tails les plus fins. D\u00e9lai de production\u00a0: 2 \u00e0 5\u00a0jours ouvr\u00e9s. Livraison internationale disponible.<\/p>","protected":false},"excerpt":{"rendered":"<div class=\"flex flex-col text-sm pb-25\">\n<article class=\"text-token-text-primary w-full focus:outline-none [--shadow-height:45px] has-data-writing-block:pointer-events-none has-data-writing-block:-mt-(--shadow-height) has-data-writing-block:pt-(--shadow-height) [&amp;:has([data-writing-block])&gt;*]:pointer-events-auto scroll-mt-[calc(var(--header-height)+min(200px,max(70px,20svh)))]\" dir=\"auto\" data-turn-id=\"request-69a4603a-ab70-839e-b057-68ca92ae6c3f-45\" data-testid=\"conversation-turn-64\" data-scroll-anchor=\"true\" data-turn=\"assistant\">\n<div class=\"text-base my-auto mx-auto pb-10 [--thread-content-margin:--spacing(4)] @w-sm\/main:[--thread-content-margin:--spacing(6)] @w-lg\/main:[--thread-content-margin:--spacing(16)] px-(--thread-content-margin)\">\n<div class=\"[--thread-content-max-width:40rem] @w-lg\/main:[--thread-content-max-width:48rem] mx-auto max-w-(--thread-content-max-width) flex-1 group\/turn-messages focus-visible:outline-hidden relative flex w-full min-w-0 flex-col agent-turn\" tabindex=\"-1\">\n<div class=\"flex max-w-full flex-col grow\">\n<div class=\"min-h-8 text-message relative flex w-full flex-col items-end gap-2 text-start break-words whitespace-normal [.text-message+&amp;]:mt-1\" dir=\"auto\" data-message-author-role=\"assistant\" data-message-id=\"60923e16-a0dc-4626-bb61-f5bbfd239f9b\" data-message-model-slug=\"gpt-5-2\">\n<div class=\"flex w-full flex-col gap-1 empty:hidden first:pt-[1px]\">\n<div class=\"markdown prose dark:prose-invert w-full wrap-break-word dark markdown-new-styling\">\n<p data-start=\"0\" data-end=\"160\" data-is-last-node=\"\" data-is-only-node=\"\">A minimalist Tokyo city map print featuring detailed street layout and coordinates, printed on premium 250gsm matte paper for sharp lines and a refined finish.<\/p>\n<\/div>\n<\/div>\n<\/div>\n<\/div>\n<\/div>\n<\/div>\n<\/article>\n<\/div>\n","protected":false},"featured_media":7761,"comment_status":"open","ping_status":"closed","template":"","meta":{"_acf_changed":false},"product_brand":[],"product_cat":[150,151],"product_tag":[],"class_list":{"0":"post-259","1":"product","2":"type-product","3":"status-publish","4":"has-post-thumbnail","6":"product_cat-bestsellers","7":"product_cat-city-maps","9":"first","10":"instock","11":"featured","12":"shipping-taxable","13":"purchasable","14":"product-type-variable"},"acf":[],"tiered_pricing_type":"fixed","tiered_pricing_fixed_rules":[],"tiered_pricing_product_settings":{"layout":"default","base_unit_name":{"singular":null,"plural":null},"default_variation":null},"tiered_pricing_minimum_quantity":null,"tiered_pricing_roles_data":[],"tiered_pricing_percentage_rules":[],"tiered_pricing_maximum_quantity":null,"tiered_pricing_quantity_step":null,"_links":{"self":[{"href":"https:\/\/tapiocastudio.shop\/fr\/wp-json\/wp\/v2\/product\/259","targetHints":{"allow":["GET"]}}],"collection":[{"href":"https:\/\/tapiocastudio.shop\/fr\/wp-json\/wp\/v2\/product"}],"about":[{"href":"https:\/\/tapiocastudio.shop\/fr\/wp-json\/wp\/v2\/types\/product"}],"replies":[{"embeddable":true,"href":"https:\/\/tapiocastudio.shop\/fr\/wp-json\/wp\/v2\/comments?post=259"}],"version-history":[{"count":12,"href":"https:\/\/tapiocastudio.shop\/fr\/wp-json\/wp\/v2\/product\/259\/revisions"}],"predecessor-version":[{"id":3058,"href":"https:\/\/tapiocastudio.shop\/fr\/wp-json\/wp\/v2\/product\/259\/revisions\/3058"}],"wp:featuredmedia":[{"embeddable":true,"href":"https:\/\/tapiocastudio.shop\/fr\/wp-json\/wp\/v2\/media\/7761"}],"wp:attachment":[{"href":"https:\/\/tapiocastudio.shop\/fr\/wp-json\/wp\/v2\/media?parent=259"}],"wp:term":[{"taxonomy":"product_brand","embeddable":true,"href":"https:\/\/tapiocastudio.shop\/fr\/wp-json\/wp\/v2\/product_brand?post=259"},{"taxonomy":"product_cat","embeddable":true,"href":"https:\/\/tapiocastudio.shop\/fr\/wp-json\/wp\/v2\/product_cat?post=259"},{"taxonomy":"product_tag","embeddable":true,"href":"https:\/\/tapiocastudio.shop\/fr\/wp-json\/wp\/v2\/product_tag?post=259"}],"curies":[{"name":"wp","href":"https:\/\/api.w.org\/{rel}","templated":true}]}}