{"id":256,"date":"2025-10-27T23:17:33","date_gmt":"2025-10-27T23:17:33","guid":{"rendered":"http:\/\/tapiocastudio.shop:8080\/?post_type=product&#038;p=256"},"modified":"2026-04-06T14:45:30","modified_gmt":"2026-04-06T14:45:30","slug":"plan-du-metro-de-paris-imprime","status":"publish","type":"product","link":"https:\/\/tapiocastudio.shop\/fr\/product\/paris-metro-map-print\/","title":{"rendered":"Plan du m\u00e9tro de Paris (impression)"},"content":{"rendered":"<p data-start=\"23\" data-end=\"115\">Affichez l&#039;int\u00e9gralit\u00e9 du r\u00e9seau du m\u00e9tro parisien sur votre mur gr\u00e2ce \u00e0 une carte des transports en commun nette et d\u00e9taill\u00e9e.<\/p>\n<p data-start=\"117\" data-end=\"320\">Cette affiche du plan du m\u00e9tro parisien pr\u00e9sente l&#039;ensemble des lignes et stations actuelles dans une disposition claire et structur\u00e9e. Sa conception simplifie le r\u00e9seau tout en conservant la pr\u00e9cision des trac\u00e9s et la facilit\u00e9 de rep\u00e9rage des correspondances.<\/p>\n<p data-start=\"322\" data-end=\"363\"><strong>Que comprend cette affiche du m\u00e9tro parisien\u00a0?<\/strong><\/p>\n<p data-start=\"365\" data-end=\"487\">\u2022 Toutes les lignes officielles du m\u00e9tro<br data-start=\"391\" data-end=\"394\" \/>\u2022 Toutes les stations actuelles<br data-start=\"451\" data-end=\"454\" \/>\u2022 Mise en page \u00e9quilibr\u00e9e et facile \u00e0 lire<\/p>\n<p data-start=\"489\" data-end=\"663\">Cette carte met en \u00e9vidence le r\u00e9seau des transports en commun parisiens, des p\u00f4les d&#039;\u00e9change centraux aux arrondissements p\u00e9riph\u00e9riques. Elle peut servir \u00e0 la fois de d\u00e9coration murale et d&#039;outil de r\u00e9f\u00e9rence pratique.<\/p>\n<p data-start=\"665\" data-end=\"692\"><strong>Cette impression est id\u00e9ale si vous :<\/strong><\/p>\n<p data-start=\"694\" data-end=\"849\">\u2022 Habiter \u00e0 Paris ou faire quotidiennement la navette<br data-start=\"734\" data-end=\"737\" \/>\u2022 A \u00e9tudi\u00e9 ou travaill\u00e9 dans la ville<br data-start=\"768\" data-end=\"771\" \/>\u2022 J&#039;adore les plans de transport en commun et l&#039;urbanisme<br data-start=\"807\" data-end=\"810\" \/>\u2022 Envie d&#039;un cadeau original sur le th\u00e8me de Paris ?<\/p>\n<p data-start=\"851\" data-end=\"1031\">Imprim\u00e9e sur papier mat de qualit\u00e9 sup\u00e9rieure, l&#039;affiche offre une grande nettet\u00e9 des d\u00e9tails et une lisibilit\u00e9 optimale des noms de stations. Sa finition antireflet garantit une lisibilit\u00e9 parfaite quelles que soient les conditions d&#039;\u00e9clairage.<\/p>\n<p data-start=\"1033\" data-end=\"1212\">Avertissement\u00a0: Cette affiche est une cr\u00e9ation ind\u00e9pendante de Tapioca Studio. Elle n\u2019est ni affili\u00e9e \u00e0, ni approuv\u00e9e par, ni li\u00e9e \u00e0 la RATP ou \u00e0 toute autre autorit\u00e9 officielle des transports parisiens.<\/p>\n<p data-start=\"1214\" data-end=\"1371\" data-is-last-node=\"\" data-is-only-node=\"\">Si vous recherchez une carte d\u00e9taill\u00e9e du m\u00e9tro parisien, \u00e0 la structure \u00e9pur\u00e9e et au design moderne, cette pi\u00e8ce fera entrer le r\u00e9seau de transport de la ville dans votre espace.<\/p>","protected":false},"excerpt":{"rendered":"<div class=\"flex flex-col text-sm pb-25\">\n<article class=\"text-token-text-primary w-full focus:outline-none [--shadow-height:45px] has-data-writing-block:pointer-events-none has-data-writing-block:-mt-(--shadow-height) has-data-writing-block:pt-(--shadow-height) [&amp;:has([data-writing-block])&gt;*]:pointer-events-auto scroll-mt-[calc(var(--header-height)+min(200px,max(70px,20svh)))]\" dir=\"auto\" data-turn-id=\"request-69a4603a-ab70-839e-b057-68ca92ae6c3f-42\" data-testid=\"conversation-turn-58\" data-scroll-anchor=\"true\" data-turn=\"assistant\">\n<div class=\"text-base my-auto mx-auto pb-10 [--thread-content-margin:--spacing(4)] @w-sm\/main:[--thread-content-margin:--spacing(6)] @w-lg\/main:[--thread-content-margin:--spacing(16)] px-(--thread-content-margin)\">\n<div class=\"[--thread-content-max-width:40rem] @w-lg\/main:[--thread-content-max-width:48rem] mx-auto max-w-(--thread-content-max-width) flex-1 group\/turn-messages focus-visible:outline-hidden relative flex w-full min-w-0 flex-col agent-turn\" tabindex=\"-1\">\n<div class=\"flex max-w-full flex-col grow\">\n<div class=\"min-h-8 text-message relative flex w-full flex-col items-end gap-2 text-start break-words whitespace-normal [.text-message+&amp;]:mt-1\" dir=\"auto\" data-message-author-role=\"assistant\" data-message-id=\"aec455e3-a787-4798-913c-1c090def6190\" data-message-model-slug=\"gpt-5-2\">\n<div class=\"flex w-full flex-col gap-1 empty:hidden first:pt-[1px]\">\n<div class=\"markdown prose dark:prose-invert w-full wrap-break-word dark markdown-new-styling\">\n<p data-start=\"292\" data-end=\"448\">A modern Paris M\u00e9tro map poster with all lines and stations clearly organized, printed on high quality 250gsm matte paper and shipped worldwide.<\/p>\n<\/div>\n<\/div>\n<\/div>\n<\/div>\n<div class=\"z-0 flex min-h-[46px] justify-start\"><\/div>\n<div class=\"mt-3 w-full empty:hidden\">\n<div class=\"text-center\"><\/div>\n<\/div>\n<\/div>\n<\/div>\n<\/article>\n<\/div>\n","protected":false},"featured_media":7543,"comment_status":"open","ping_status":"closed","template":"","meta":{"_acf_changed":false},"product_brand":[],"product_cat":[16,150,52],"product_tag":[70,73,80,83,81,82,68],"class_list":{"0":"post-256","1":"product","2":"type-product","3":"status-publish","4":"has-post-thumbnail","6":"product_cat-all-posters","7":"product_cat-bestsellers","8":"product_cat-transit-maps","9":"product_tag-city-map-decor","10":"product_tag-minimalist-map","11":"product_tag-paris-map-print","12":"product_tag-paris-metro-print","13":"product_tag-paris-poster","14":"product_tag-paris-subway","15":"product_tag-subway-map-print","17":"first","18":"instock","19":"shipping-taxable","20":"purchasable","21":"product-type-variable"},"acf":[],"tiered_pricing_type":"fixed","tiered_pricing_fixed_rules":[],"tiered_pricing_product_settings":{"layout":"default","base_unit_name":{"singular":null,"plural":null},"default_variation":null},"tiered_pricing_minimum_quantity":null,"tiered_pricing_roles_data":[],"tiered_pricing_percentage_rules":[],"tiered_pricing_maximum_quantity":null,"tiered_pricing_quantity_step":null,"_links":{"self":[{"href":"https:\/\/tapiocastudio.shop\/fr\/wp-json\/wp\/v2\/product\/256","targetHints":{"allow":["GET"]}}],"collection":[{"href":"https:\/\/tapiocastudio.shop\/fr\/wp-json\/wp\/v2\/product"}],"about":[{"href":"https:\/\/tapiocastudio.shop\/fr\/wp-json\/wp\/v2\/types\/product"}],"replies":[{"embeddable":true,"href":"https:\/\/tapiocastudio.shop\/fr\/wp-json\/wp\/v2\/comments?post=256"}],"version-history":[{"count":9,"href":"https:\/\/tapiocastudio.shop\/fr\/wp-json\/wp\/v2\/product\/256\/revisions"}],"predecessor-version":[{"id":7709,"href":"https:\/\/tapiocastudio.shop\/fr\/wp-json\/wp\/v2\/product\/256\/revisions\/7709"}],"wp:featuredmedia":[{"embeddable":true,"href":"https:\/\/tapiocastudio.shop\/fr\/wp-json\/wp\/v2\/media\/7543"}],"wp:attachment":[{"href":"https:\/\/tapiocastudio.shop\/fr\/wp-json\/wp\/v2\/media?parent=256"}],"wp:term":[{"taxonomy":"product_brand","embeddable":true,"href":"https:\/\/tapiocastudio.shop\/fr\/wp-json\/wp\/v2\/product_brand?post=256"},{"taxonomy":"product_cat","embeddable":true,"href":"https:\/\/tapiocastudio.shop\/fr\/wp-json\/wp\/v2\/product_cat?post=256"},{"taxonomy":"product_tag","embeddable":true,"href":"https:\/\/tapiocastudio.shop\/fr\/wp-json\/wp\/v2\/product_tag?post=256"}],"curies":[{"name":"wp","href":"https:\/\/api.w.org\/{rel}","templated":true}]}}