{"id":4954,"date":"2025-12-06T17:56:59","date_gmt":"2025-12-06T17:56:59","guid":{"rendered":"https:\/\/tapiocastudio.shop\/?page_id=4954"},"modified":"2025-12-06T18:54:28","modified_gmt":"2025-12-06T18:54:28","slug":"politique-dexpedition","status":"publish","type":"page","link":"https:\/\/tapiocastudio.shop\/fr\/shipping-policy\/","title":{"rendered":"Politique d&#039;exp\u00e9dition"},"content":{"rendered":"<div class=\"wp-block-stackable-columns alignfull stk-block-columns stk-block stk-dc595a3 stk-block-background\" data-block-id=\"dc595a3\"><style>.stk-dc595a3 {background-color:var(--theme-palette-color-6, #D9DADA) !important;padding-top:120px !important;padding-bottom:120px !important;margin-bottom:0px !important;}.stk-dc595a3:before{background-color:var(--theme-palette-color-6, #D9DADA) !important;}@media screen and (max-width:999px){.stk-dc595a3 {padding-top:80px !important;padding-bottom:80px !important;}}<\/style><div class=\"stk-row stk-inner-blocks stk-block-content stk-content-align stk-dc595a3-column\">\n<div class=\"wp-block-stackable-column stk-block-column stk-column stk-block stk-29e92bc\" data-v=\"4\" data-block-id=\"29e92bc\"><style>.stk-29e92bc-container{margin-top:0px !important;margin-right:0px !important;margin-bottom:0px !important;margin-left:0px !important;}<\/style><div class=\"stk-column-wrapper stk-block-column__content stk-container stk-29e92bc-container stk--no-background stk--no-padding\"><div class=\"stk-block-content stk-inner-blocks stk-29e92bc-inner-blocks\">\n<div class=\"wp-block-stackable-heading stk-block-heading stk-block-heading--v2 stk-block stk-2d08bbf\" id=\"shipping-policy\" data-block-id=\"2d08bbf\"><style>.stk-2d08bbf .stk-block-heading__text{font-size:80px !important;}@media screen and (max-width:999px){.stk-2d08bbf .stk-block-heading__text{font-size:45px !important;}}@media screen and (max-width:689px){.stk-2d08bbf .stk-block-heading__text{font-size:35px !important;}}<\/style><h2 class=\"stk-block-heading__text has-text-align-center\">Politique d&#039;exp\u00e9dition<\/h2><\/div>\n<\/div><\/div><\/div>\n<\/div><\/div>\n\n\n\n<h2 class=\"wp-block-heading\">Exp\u00e9dition internationale<\/h2>\n\n\n\n<p>La plupart de nos commandes sont trait\u00e9es sous 24 heures et exp\u00e9di\u00e9es sous 2 jours, gr\u00e2ce \u00e0 nos laboratoires d&#039;impression locaux r\u00e9partis dans le monde entier, notamment aux \u00c9tats-Unis, en Europe, au Royaume-Uni et en Australie.&nbsp;<\/p>\n\n\n\n<figure class=\"wp-block-table is-style-stripes\"><table class=\"has-palette-color-3-color has-text-color has-link-color has-fixed-layout\" style=\"border-style:none;border-width:0px\"><thead><tr><th>Destination<\/th><th>C\u00f4te<\/th><th>D\u00e9lai de livraison<\/th><\/tr><\/thead><tbody><tr><td>\u00c9tats-Unis<\/td><td>\u20ac 5,50<\/td><td>4 \u00e0 6 jours ouvrables<\/td><\/tr><tr><td>Europe<\/td><td>\u20ac 7,00<\/td><td>3 \u00e0 5 jours ouvrables<\/td><\/tr><tr><td>Royaume-Uni<\/td><td>\u20ac 5,50<\/td><td>3 \u00e0 4 jours ouvrables<\/td><\/tr><tr><td>Australie<\/td><td>\u20ac 8,00<\/td><td>4 \u00e0 5 jours ouvrables<\/td><\/tr><tr><td>Canada<\/td><td>\u20ac 10,00<\/td><td>4 \u00e0 5 jours ouvrables<\/td><\/tr><tr><td>Br\u00e9sil<\/td><td>\u20ac 5,00<\/td><td>4 \u00e0 7 jours ouvrables<\/td><\/tr><tr><td>Japon<\/td><td>\u20ac 7,00<\/td><td>6 jours ouvrables<\/td><\/tr><tr><td>Reste du monde<\/td><td>\u20ac 14,00<\/td><td>2 \u00e0 30 jours ouvrables<\/td><\/tr><\/tbody><\/table><\/figure>\n\n\n\n<p>Ces d\u00e9lais sont estim\u00e9s et peuvent \u00eatre plus longs, notamment en p\u00e9riode de forte affluence ou pendant les f\u00eates. Les frais de livraison sont calcul\u00e9s lors du paiement. Les tarifs peuvent varier selon la devise de paiement.<\/p>\n\n\n\n<h2 class=\"wp-block-heading\" id=\"h_028d07170c\">Calendrier des livraisons pour No\u00ebl 2025<\/h2>\n\n\n\n<p>Commandez avant les dates et heures suivantes pour recevoir vos articles \u00e0 temps pour No\u00ebl. (Ces dates sont susceptibles d&#039;\u00eatre modifi\u00e9es en fonction de la demande). Commandez avant 18h, heure locale, le dernier jour ouvrable.<\/p>\n\n\n\n<figure class=\"wp-block-table is-style-stripes\"><table class=\"has-palette-color-3-color has-text-color has-link-color has-fixed-layout\" style=\"border-style:none;border-width:0px\"><thead><tr><th>Destination<\/th><th>D\u00e9lai de livraison<\/th><\/tr><\/thead><tbody><tr><td>\u00c9tats-Unis<\/td><td>14 d\u00e9cembre<\/td><\/tr><tr><td>Europe<\/td><td>14 d\u00e9cembre<\/td><\/tr><tr><td>Royaume-Uni<\/td><td>16 d\u00e9cembre<\/td><\/tr><tr><td>Australie<\/td><td>16 d\u00e9cembre<\/td><\/tr><tr><td>Canada<\/td><td>13 d\u00e9cembre<\/td><\/tr><tr><td>Br\u00e9sil<\/td><td>12 d\u00e9cembre<\/td><\/tr><tr><td>Reste du monde<\/td><td>12 d\u00e9cembre<\/td><\/tr><\/tbody><\/table><\/figure>\n\n\n\n<p><\/p>","protected":false},"excerpt":{"rendered":"<p>Shipping policy Global Shipping Most of our orders are processed within 24 hours and shipped within 2 days, with local print labs dotted across the globe in the United States, Europe,&nbsp;United Kingdom and Australia&nbsp; Destination Coast Delivery time United States \u20ac 5,50 4-6 working days Europe \u20ac 7,00 3-5 working days United Kingdom \u20ac 5,50 [&hellip;]<\/p>\n","protected":false},"author":1,"featured_media":0,"parent":0,"menu_order":0,"comment_status":"closed","ping_status":"closed","template":"","meta":{"_acf_changed":false,"footnotes":""},"class_list":["post-4954","page","type-page","status-publish","hentry"],"blocksy_meta":{"has_hero_section":"disabled","styles_descriptor":{"styles":{"desktop":"","tablet":"","mobile":""},"google_fonts":[],"version":6}},"acf":[],"_links":{"self":[{"href":"https:\/\/tapiocastudio.shop\/fr\/wp-json\/wp\/v2\/pages\/4954","targetHints":{"allow":["GET"]}}],"collection":[{"href":"https:\/\/tapiocastudio.shop\/fr\/wp-json\/wp\/v2\/pages"}],"about":[{"href":"https:\/\/tapiocastudio.shop\/fr\/wp-json\/wp\/v2\/types\/page"}],"author":[{"embeddable":true,"href":"https:\/\/tapiocastudio.shop\/fr\/wp-json\/wp\/v2\/users\/1"}],"replies":[{"embeddable":true,"href":"https:\/\/tapiocastudio.shop\/fr\/wp-json\/wp\/v2\/comments?post=4954"}],"version-history":[{"count":4,"href":"https:\/\/tapiocastudio.shop\/fr\/wp-json\/wp\/v2\/pages\/4954\/revisions"}],"predecessor-version":[{"id":4962,"href":"https:\/\/tapiocastudio.shop\/fr\/wp-json\/wp\/v2\/pages\/4954\/revisions\/4962"}],"wp:attachment":[{"href":"https:\/\/tapiocastudio.shop\/fr\/wp-json\/wp\/v2\/media?parent=4954"}],"curies":[{"name":"wp","href":"https:\/\/api.w.org\/{rel}","templated":true}]}}