{"id":5993,"date":"2026-02-20T15:37:13","date_gmt":"2026-02-20T15:37:13","guid":{"rendered":"https:\/\/tapiocastudio.shop\/?post_type=product&#038;p=5993"},"modified":"2026-04-03T10:28:48","modified_gmt":"2026-04-03T10:28:48","slug":"poster-de-proyeccion-azimutal","status":"publish","type":"product","link":"https:\/\/tapiocastudio.shop\/es\/product\/azimuthal-projection-poster\/","title":{"rendered":"P\u00f3ster de proyecci\u00f3n azimutal"},"content":{"rendered":"<p data-start=\"563\" data-end=\"697\">Este cartel presenta dos proyecciones azimutales equidistantes de la Tierra.<br data-start=\"635\" data-end=\"638\" \/>Un globo est\u00e1 centrado a 90\u00b0 Norte. El otro a 90\u00b0 Sur.<\/p>\n<p data-start=\"699\" data-end=\"718\">En esta proyecci\u00f3n:<\/p>\n<p data-start=\"720\" data-end=\"875\">\u2022 Todas las distancias medidas desde el punto central est\u00e1n a escala real.<br data-start=\"784\" data-end=\"787\" \/>\u2022 La direcci\u00f3n desde el centro es precisa<br data-start=\"826\" data-end=\"829\" \/>\u2022 La distorsi\u00f3n aumenta hacia el borde exterior.<\/p>\n<p data-start=\"877\" data-end=\"1023\">Centrado en los polos, el c\u00edrculo exterior representa el ecuador. Las l\u00edneas de longitud irradian hacia afuera, y la latitud aparece como anillos conc\u00e9ntricos.<\/p>\n<p data-start=\"1025\" data-end=\"1131\">El resultado es una visi\u00f3n precisa y gr\u00e1fica de nuestro planeta que desaf\u00eda el familiar mapa mundial rectangular.<\/p>\n<p data-start=\"1133\" data-end=\"1264\">Dise\u00f1ada para interiores modernos, estudios, oficinas y aulas, esta impresi\u00f3n combina precisi\u00f3n matem\u00e1tica con un impacto visual audaz.<\/p>\n<h3 data-start=\"1266\" data-end=\"1273\">Detalles<\/h3>\n<p data-start=\"1275\" data-end=\"1465\">\u2022 Proyecci\u00f3n: Equidistante azimutal<br data-start=\"1310\" data-end=\"1313\" \/>\u2022 Polo Norte centrado a 90\u00b0 N<br data-start=\"1343\" data-end=\"1346\" \/>\u2022 Polo Sur centrado a 90\u00b0 S<br data-start=\"1376\" data-end=\"1379\" \/>\u2022 Dato: WGS84<br data-start=\"1421\" data-end=\"1424\" \/>\u2022 Impreso en papel mate de calidad de museo<\/p>\n<h3 data-start=\"1467\" data-end=\"1480\">\u00bfPara qui\u00e9n es?<\/h3>\n<p data-start=\"1482\" data-end=\"1610\">\u2022 Dise\u00f1adores y arquitectos<br data-start=\"1508\" data-end=\"1511\" \/>\u2022 Entusiastas de la geograf\u00eda<br data-start=\"1534\" data-end=\"1537\" \/>\u2022 Profesores y estudiantes<br data-start=\"1560\" data-end=\"1563\" \/>\u2022 Cualquier persona que aprecie el arte mural basado en datos<\/p>\n<p data-start=\"1612\" data-end=\"1634\">","protected":false},"excerpt":{"rendered":"<p>Observa el mundo desde arriba. Este p\u00f3ster con dos globos terr\u00e1queos presenta la Tierra en proyecci\u00f3n azimutal equidistante, centrada en los Polos Norte y Sur. Las distancias desde el centro se muestran a escala real, lo que revela una forma completamente diferente de comprender la geograf\u00eda global.<\/p>","protected":false},"featured_media":7516,"comment_status":"open","ping_status":"closed","template":"","meta":{"_acf_changed":false},"product_brand":[],"product_cat":[16,55],"product_tag":[],"class_list":{"0":"post-5993","1":"product","2":"type-product","3":"status-publish","4":"has-post-thumbnail","6":"product_cat-all-posters","7":"product_cat-world-maps","9":"first","10":"instock","11":"shipping-taxable","12":"purchasable","13":"product-type-variable"},"acf":[],"tiered_pricing_type":"fixed","tiered_pricing_fixed_rules":[],"tiered_pricing_product_settings":{"layout":"default","base_unit_name":{"singular":null,"plural":null},"default_variation":null},"tiered_pricing_minimum_quantity":null,"tiered_pricing_roles_data":[],"tiered_pricing_percentage_rules":[],"tiered_pricing_maximum_quantity":null,"tiered_pricing_quantity_step":null,"_links":{"self":[{"href":"https:\/\/tapiocastudio.shop\/es\/wp-json\/wp\/v2\/product\/5993","targetHints":{"allow":["GET"]}}],"collection":[{"href":"https:\/\/tapiocastudio.shop\/es\/wp-json\/wp\/v2\/product"}],"about":[{"href":"https:\/\/tapiocastudio.shop\/es\/wp-json\/wp\/v2\/types\/product"}],"replies":[{"embeddable":true,"href":"https:\/\/tapiocastudio.shop\/es\/wp-json\/wp\/v2\/comments?post=5993"}],"version-history":[{"count":4,"href":"https:\/\/tapiocastudio.shop\/es\/wp-json\/wp\/v2\/product\/5993\/revisions"}],"predecessor-version":[{"id":6534,"href":"https:\/\/tapiocastudio.shop\/es\/wp-json\/wp\/v2\/product\/5993\/revisions\/6534"}],"wp:featuredmedia":[{"embeddable":true,"href":"https:\/\/tapiocastudio.shop\/es\/wp-json\/wp\/v2\/media\/7516"}],"wp:attachment":[{"href":"https:\/\/tapiocastudio.shop\/es\/wp-json\/wp\/v2\/media?parent=5993"}],"wp:term":[{"taxonomy":"product_brand","embeddable":true,"href":"https:\/\/tapiocastudio.shop\/es\/wp-json\/wp\/v2\/product_brand?post=5993"},{"taxonomy":"product_cat","embeddable":true,"href":"https:\/\/tapiocastudio.shop\/es\/wp-json\/wp\/v2\/product_cat?post=5993"},{"taxonomy":"product_tag","embeddable":true,"href":"https:\/\/tapiocastudio.shop\/es\/wp-json\/wp\/v2\/product_tag?post=5993"}],"curies":[{"name":"wp","href":"https:\/\/api.w.org\/{rel}","templated":true}]}}