{"id":5435,"date":"2026-02-09T18:19:48","date_gmt":"2026-02-09T18:19:48","guid":{"rendered":"https:\/\/tapiocastudio.shop\/?post_type=product&#038;p=5435"},"modified":"2026-04-17T12:41:37","modified_gmt":"2026-04-17T12:41:37","slug":"poster-con-el-mapa-de-los-barrios-y-ciudades-de-tokio","status":"publish","type":"product","link":"https:\/\/tapiocastudio.shop\/es\/product\/tokyo-neighborhoods-map-poster-wards-and-cities-of-tokyo\/","title":{"rendered":"P\u00f3ster del mapa de los barrios de Tokio"},"content":{"rendered":"<p data-start=\"27\" data-end=\"114\">Lleve un mapa del mundo cl\u00e1sico a su espacio con esta impresi\u00f3n de proyecci\u00f3n detallada de Mercator.<\/p>\n<p data-start=\"116\" data-end=\"382\">Este p\u00f3ster del mapa mundial muestra los nombres de los pa\u00edses y las principales ciudades claramente identificados, lo que ofrece una visi\u00f3n estructurada e informativa del planeta. La proyecci\u00f3n Mercator conserva la direcci\u00f3n y la forma local, lo que la hace \u00fatil para comprender la navegaci\u00f3n y las rutas globales.<\/p>\n<p data-start=\"384\" data-end=\"426\">\u00bfQu\u00e9 incluye este mapa del mundo de Mercator?<\/p>\n<p data-start=\"428\" data-end=\"556\">\u2022 Todos los pa\u00edses etiquetados<br data-start=\"451\" data-end=\"454\" \/>\u2022 Ciudades principales marcadas<br data-start=\"475\" data-end=\"478\" \/>\u2022 Borrar cuadr\u00edcula de latitud y longitud<br data-start=\"513\" data-end=\"516\" \/>\u2022 Disposici\u00f3n del mundo rectangular tradicional<\/p>\n<p data-start=\"558\" data-end=\"749\">Dado que la proyecci\u00f3n Mercator conserva la orientaci\u00f3n, se ha utilizado durante mucho tiempo en mapas de navegaci\u00f3n y mar\u00edtimos. Esto la convierte en una referencia pr\u00e1ctica para aulas, salas de estudio en casa y oficinas.<\/p>\n<p data-start=\"751\" data-end=\"928\">El dise\u00f1o azul monocrom\u00e1tico crea una apariencia limpia y moderna que se integra f\u00e1cilmente en diferentes interiores. Funciona bien tanto como arte mural educativo como pieza visualmente impactante.<\/p>\n<p data-start=\"930\" data-end=\"1112\">Impreso en alta resoluci\u00f3n en papel mate premium, cada borde, l\u00ednea costera y etiqueta se mantiene n\u00edtido y f\u00e1cil de leer. El acabado antirreflectante permite ver los detalles con cualquier iluminaci\u00f3n.<\/p>\n<p data-start=\"1114\" data-end=\"1274\" data-is-last-node=\"\" data-is-only-node=\"\">Si est\u00e1 buscando un p\u00f3ster detallado del mapa mundial de Mercator con nombres de pa\u00edses y ciudades principales, esta impresi\u00f3n combina precisi\u00f3n geogr\u00e1fica con un dise\u00f1o atemporal.<\/p>","protected":false},"excerpt":{"rendered":"<p data-start=\"2729\" data-end=\"2843\">Barrios y distritos de Tokio dispuestos en una composici\u00f3n detallada y organizada.<\/p>","protected":false},"featured_media":7563,"comment_status":"open","ping_status":"closed","template":"","meta":{"_acf_changed":false},"product_brand":[],"product_cat":[16,51],"product_tag":[],"class_list":{"0":"post-5435","1":"product","2":"type-product","3":"status-publish","4":"has-post-thumbnail","6":"product_cat-all-posters","7":"product_cat-data-art","9":"first","10":"instock","11":"shipping-taxable","12":"purchasable","13":"product-type-variable"},"acf":[],"tiered_pricing_type":"fixed","tiered_pricing_fixed_rules":[],"tiered_pricing_product_settings":{"layout":"default","base_unit_name":{"singular":null,"plural":null},"default_variation":null},"tiered_pricing_minimum_quantity":null,"tiered_pricing_roles_data":[],"tiered_pricing_percentage_rules":[],"tiered_pricing_maximum_quantity":null,"tiered_pricing_quantity_step":null,"_links":{"self":[{"href":"https:\/\/tapiocastudio.shop\/es\/wp-json\/wp\/v2\/product\/5435","targetHints":{"allow":["GET"]}}],"collection":[{"href":"https:\/\/tapiocastudio.shop\/es\/wp-json\/wp\/v2\/product"}],"about":[{"href":"https:\/\/tapiocastudio.shop\/es\/wp-json\/wp\/v2\/types\/product"}],"replies":[{"embeddable":true,"href":"https:\/\/tapiocastudio.shop\/es\/wp-json\/wp\/v2\/comments?post=5435"}],"version-history":[{"count":7,"href":"https:\/\/tapiocastudio.shop\/es\/wp-json\/wp\/v2\/product\/5435\/revisions"}],"predecessor-version":[{"id":5451,"href":"https:\/\/tapiocastudio.shop\/es\/wp-json\/wp\/v2\/product\/5435\/revisions\/5451"}],"wp:featuredmedia":[{"embeddable":true,"href":"https:\/\/tapiocastudio.shop\/es\/wp-json\/wp\/v2\/media\/7563"}],"wp:attachment":[{"href":"https:\/\/tapiocastudio.shop\/es\/wp-json\/wp\/v2\/media?parent=5435"}],"wp:term":[{"taxonomy":"product_brand","embeddable":true,"href":"https:\/\/tapiocastudio.shop\/es\/wp-json\/wp\/v2\/product_brand?post=5435"},{"taxonomy":"product_cat","embeddable":true,"href":"https:\/\/tapiocastudio.shop\/es\/wp-json\/wp\/v2\/product_cat?post=5435"},{"taxonomy":"product_tag","embeddable":true,"href":"https:\/\/tapiocastudio.shop\/es\/wp-json\/wp\/v2\/product_tag?post=5435"}],"curies":[{"name":"wp","href":"https:\/\/api.w.org\/{rel}","templated":true}]}}