{"id":4985,"date":"2025-12-17T23:49:26","date_gmt":"2025-12-17T23:49:26","guid":{"rendered":"https:\/\/tapiocastudio.shop\/?post_type=product&#038;p=4985"},"modified":"2026-04-06T14:44:44","modified_gmt":"2026-04-06T14:44:44","slug":"impresion-del-metro-de-tokio","status":"publish","type":"product","link":"https:\/\/tapiocastudio.shop\/es\/product\/tokyo-subway-print\/","title":{"rendered":"Impresi\u00f3n del metro de Tokio"},"content":{"rendered":"<p data-start=\"25\" data-end=\"120\">Lleve la red completa del metro de Tokio a su espacio con una impresi\u00f3n de mapa de tr\u00e1nsito limpia y estructurada.<\/p>\n<p data-start=\"122\" data-end=\"353\">Este p\u00f3ster del mapa del metro de Tokio muestra las principales l\u00edneas y estaciones de metro en un dise\u00f1o claro y conciso. El dise\u00f1o simplifica uno de los sistemas de transporte m\u00e1s transitados del mundo, convirti\u00e9ndolo en una composici\u00f3n organizada, f\u00e1cil de seguir y visualmente equilibrada.<\/p>\n<p data-start=\"355\" data-end=\"398\"><strong>\u00bfQu\u00e9 incluye este p\u00f3ster del metro de Tokio?<\/strong><\/p>\n<p data-start=\"400\" data-end=\"567\">\u2022 Todas las l\u00edneas principales del metro de Tokio<br data-start=\"428\" data-end=\"431\" \/>\u2022 Estaciones y conexiones claramente marcadas<br data-start=\"472\" data-end=\"475\" \/>\u2022 Colores de l\u00ednea distintos para un reconocimiento r\u00e1pido<br data-start=\"519\" data-end=\"522\" \/>\u2022 Dise\u00f1o estructurado para un f\u00e1cil seguimiento de la ruta<\/p>\n<p data-start=\"569\" data-end=\"743\">El mapa destaca la densidad y precisi\u00f3n del sistema de transporte de Tokio. Puedes seguir tu trayecto diario, revisar viajes anteriores o explorar nuevas rutas directamente desde tu muro.<\/p>\n<p data-start=\"745\" data-end=\"774\"><strong>Esta impresi\u00f3n funciona bien si:<\/strong><\/p>\n<p data-start=\"776\" data-end=\"943\">\u2022 Vivir en Tokio o viajar all\u00ed habitualmente.<br data-start=\"816\" data-end=\"819\" \/>\u2022 Me encanta el dise\u00f1o japon\u00e9s y los sistemas urbanos.<br data-start=\"859\" data-end=\"862\" \/>\u2022 Recopilar carteles de mapas del metro o del transporte p\u00fablico.<br data-start=\"901\" data-end=\"904\" \/>\u2022 \u00bfQuieres un regalo significativo con tem\u00e1tica de Tokio?<\/p>\n<p data-start=\"945\" data-end=\"1143\">Printed on premium 250gsm matte paper, the poster delivers sharp line detail and accurate color reproduction. The non reflective finish keeps station names and connections readable in any lighting.<\/p>\n<p data-start=\"1145\" data-end=\"1301\" data-is-last-node=\"\" data-is-only-node=\"\">Si est\u00e1 buscando un p\u00f3ster detallado del mapa del metro de Tokio con una estructura limpia y un dise\u00f1o preciso, esta impresi\u00f3n convierte toda la red en arte mural moderno.<\/p>\n<p data-start=\"1145\" data-end=\"1345\">Aviso legal: Este p\u00f3ster es un dise\u00f1o independiente creado por Tapioca Studio. No est\u00e1 afiliado, respaldado ni conectado con Tokyo Metro, Toei Subway ni ninguna autoridad oficial de transporte de Tokio.<\/p>","protected":false},"excerpt":{"rendered":"<p data-start=\"2845\" data-end=\"2944\">La red de transporte p\u00fablico de Tokio traducida a un formato visual limpio y moderno.<\/p>","protected":false},"featured_media":7546,"comment_status":"open","ping_status":"closed","template":"","meta":{"_acf_changed":false},"product_brand":[],"product_cat":[16,150,52],"product_tag":[95,92,90,91,93,96,94],"class_list":{"0":"post-4985","1":"product","2":"type-product","3":"status-publish","4":"has-post-thumbnail","6":"product_cat-all-posters","7":"product_cat-bestsellers","8":"product_cat-transit-maps","9":"product_tag-japan-subway-print","10":"product_tag-tokyo-metro-map-art","11":"product_tag-tokyo-metro-poster","12":"product_tag-tokyo-subway-print","13":"product_tag-tokyo-train-map-poster","14":"product_tag-tokyo-travel-decor","15":"product_tag-tokyo-wall-art","17":"first","18":"instock","19":"shipping-taxable","20":"purchasable","21":"product-type-variable"},"acf":[],"tiered_pricing_type":"fixed","tiered_pricing_fixed_rules":[],"tiered_pricing_product_settings":{"layout":"default","base_unit_name":{"singular":null,"plural":null},"default_variation":null},"tiered_pricing_minimum_quantity":null,"tiered_pricing_roles_data":[],"tiered_pricing_percentage_rules":[],"tiered_pricing_maximum_quantity":null,"tiered_pricing_quantity_step":null,"_links":{"self":[{"href":"https:\/\/tapiocastudio.shop\/es\/wp-json\/wp\/v2\/product\/4985","targetHints":{"allow":["GET"]}}],"collection":[{"href":"https:\/\/tapiocastudio.shop\/es\/wp-json\/wp\/v2\/product"}],"about":[{"href":"https:\/\/tapiocastudio.shop\/es\/wp-json\/wp\/v2\/types\/product"}],"replies":[{"embeddable":true,"href":"https:\/\/tapiocastudio.shop\/es\/wp-json\/wp\/v2\/comments?post=4985"}],"version-history":[{"count":7,"href":"https:\/\/tapiocastudio.shop\/es\/wp-json\/wp\/v2\/product\/4985\/revisions"}],"predecessor-version":[{"id":7700,"href":"https:\/\/tapiocastudio.shop\/es\/wp-json\/wp\/v2\/product\/4985\/revisions\/7700"}],"wp:featuredmedia":[{"embeddable":true,"href":"https:\/\/tapiocastudio.shop\/es\/wp-json\/wp\/v2\/media\/7546"}],"wp:attachment":[{"href":"https:\/\/tapiocastudio.shop\/es\/wp-json\/wp\/v2\/media?parent=4985"}],"wp:term":[{"taxonomy":"product_brand","embeddable":true,"href":"https:\/\/tapiocastudio.shop\/es\/wp-json\/wp\/v2\/product_brand?post=4985"},{"taxonomy":"product_cat","embeddable":true,"href":"https:\/\/tapiocastudio.shop\/es\/wp-json\/wp\/v2\/product_cat?post=4985"},{"taxonomy":"product_tag","embeddable":true,"href":"https:\/\/tapiocastudio.shop\/es\/wp-json\/wp\/v2\/product_tag?post=4985"}],"curies":[{"name":"wp","href":"https:\/\/api.w.org\/{rel}","templated":true}]}}