{"id":2947,"date":"2025-11-04T00:19:33","date_gmt":"2025-11-04T00:19:33","guid":{"rendered":"https:\/\/tapiocastudio.shop\/?post_type=product&#038;p=2947"},"modified":"2026-04-03T10:44:10","modified_gmt":"2026-04-03T10:44:10","slug":"mapa-del-metro-de-la-ciudad-de-nueva-york","status":"publish","type":"product","link":"https:\/\/tapiocastudio.shop\/es\/product\/new-york-city-subway-map\/","title":{"rendered":"P\u00f3ster monocrom\u00e1tico del mapa del metro de Nueva York"},"content":{"rendered":"<p data-start=\"189\" data-end=\"298\">Agregue una vista limpia y estructurada del sistema de metro de Nueva York a su pared con esta impresi\u00f3n de mapa de tr\u00e1nsito monocrom\u00e1tico.<\/p>\n<p data-start=\"300\" data-end=\"554\">Este p\u00f3ster del mapa del metro de Nueva York presenta la red completa de la MTA en una paleta monocrom\u00e1tica, centr\u00e1ndose en la estructura de las l\u00edneas y las conexiones entre estaciones. El dise\u00f1o simplificado facilita la lectura y el equilibrio visual de uno de los sistemas de transporte m\u00e1s complejos del mundo.<\/p>\n<p data-start=\"556\" data-end=\"594\"><strong>\u00bfQu\u00e9 incluye este mapa del metro de Nueva York?<\/strong><\/p>\n<p data-start=\"596\" data-end=\"746\">\u2022 Red completa del metro de la ciudad de Nueva York<br data-start=\"635\" data-end=\"638\" \/>\u2022 L\u00edneas y puntos de transferencia claramente definidos<br data-start=\"681\" data-end=\"684\" \/>\u2022 Conexiones entre estaciones principales<br data-start=\"711\" data-end=\"714\" \/>\u2022 Dise\u00f1o monocrom\u00e1tico minimalista<\/p>\n<p data-start=\"748\" data-end=\"867\">El enfoque de un solo tono le da al cartel un aspecto moderno que se adapta bien a oficinas, estudios e interiores contempor\u00e1neos.<\/p>\n<p data-start=\"869\" data-end=\"1039\">Impreso en papel mate premium, el dise\u00f1o mantiene las l\u00edneas finas n\u00edtidas y los nombres de las estaciones claros. El acabado antirreflectante garantiza la legibilidad en diferentes condiciones de iluminaci\u00f3n.<\/p>\n<p data-start=\"1041\" data-end=\"1258\">Aviso legal: Este p\u00f3ster es un dise\u00f1o independiente creado por Tapioca Studio. No est\u00e1 afiliado, respaldado ni conectado con la Autoridad Metropolitana de Transporte ni con ninguna autoridad de transporte oficial de Nueva York.<\/p>\n<p data-start=\"1260\" data-end=\"1418\" data-is-last-node=\"\" data-is-only-node=\"\">Si est\u00e1 buscando un p\u00f3ster monocrom\u00e1tico del mapa del metro de Nueva York con una estructura limpia y detalles precisos, esta impresi\u00f3n convierte la red MTA en arte de pared moderno.<\/p>","protected":false},"excerpt":{"rendered":"<p data-start=\"2056\" data-end=\"2173\">Una versi\u00f3n gr\u00e1fica del sistema de metro de Nueva York en un dise\u00f1o monocrom\u00e1tico limpio.<\/p>","protected":false},"featured_media":7538,"comment_status":"open","ping_status":"closed","template":"","meta":{"_acf_changed":false},"product_brand":[],"product_cat":[16,150,52],"product_tag":[74,77,70,73,79,71,72,67,78,76,69,68,75],"class_list":{"0":"post-2947","1":"product","2":"type-product","3":"status-publish","4":"has-post-thumbnail","6":"product_cat-all-posters","7":"product_cat-bestsellers","8":"product_cat-transit-maps","9":"product_tag-blue-wall-decor","10":"product_tag-city-lover-gift","11":"product_tag-city-map-decor","12":"product_tag-minimalist-map","13":"product_tag-modern-city-print","14":"product_tag-modern-travel-print","15":"product_tag-new-york-art","16":"product_tag-new-york-city-poster","17":"product_tag-new-york-home-decor","18":"product_tag-nyc-subway-art","19":"product_tag-nyc-wall-art","20":"product_tag-subway-map-print","21":"product_tag-urban-design-poster","23":"first","24":"instock","25":"shipping-taxable","26":"purchasable","27":"product-type-variable"},"acf":[],"tiered_pricing_type":"fixed","tiered_pricing_fixed_rules":[],"tiered_pricing_product_settings":{"layout":"default","base_unit_name":{"singular":null,"plural":null},"default_variation":null},"tiered_pricing_minimum_quantity":null,"tiered_pricing_roles_data":[],"tiered_pricing_percentage_rules":[],"tiered_pricing_maximum_quantity":null,"tiered_pricing_quantity_step":null,"_links":{"self":[{"href":"https:\/\/tapiocastudio.shop\/es\/wp-json\/wp\/v2\/product\/2947","targetHints":{"allow":["GET"]}}],"collection":[{"href":"https:\/\/tapiocastudio.shop\/es\/wp-json\/wp\/v2\/product"}],"about":[{"href":"https:\/\/tapiocastudio.shop\/es\/wp-json\/wp\/v2\/types\/product"}],"replies":[{"embeddable":true,"href":"https:\/\/tapiocastudio.shop\/es\/wp-json\/wp\/v2\/comments?post=2947"}],"version-history":[{"count":13,"href":"https:\/\/tapiocastudio.shop\/es\/wp-json\/wp\/v2\/product\/2947\/revisions"}],"predecessor-version":[{"id":6651,"href":"https:\/\/tapiocastudio.shop\/es\/wp-json\/wp\/v2\/product\/2947\/revisions\/6651"}],"wp:featuredmedia":[{"embeddable":true,"href":"https:\/\/tapiocastudio.shop\/es\/wp-json\/wp\/v2\/media\/7538"}],"wp:attachment":[{"href":"https:\/\/tapiocastudio.shop\/es\/wp-json\/wp\/v2\/media?parent=2947"}],"wp:term":[{"taxonomy":"product_brand","embeddable":true,"href":"https:\/\/tapiocastudio.shop\/es\/wp-json\/wp\/v2\/product_brand?post=2947"},{"taxonomy":"product_cat","embeddable":true,"href":"https:\/\/tapiocastudio.shop\/es\/wp-json\/wp\/v2\/product_cat?post=2947"},{"taxonomy":"product_tag","embeddable":true,"href":"https:\/\/tapiocastudio.shop\/es\/wp-json\/wp\/v2\/product_tag?post=2947"}],"curies":[{"name":"wp","href":"https:\/\/api.w.org\/{rel}","templated":true}]}}