{"id":259,"date":"2025-10-27T23:17:33","date_gmt":"2025-10-27T23:17:33","guid":{"rendered":"http:\/\/tapiocastudio.shop:8080\/?post_type=product&#038;p=259"},"modified":"2026-04-09T12:00:04","modified_gmt":"2026-04-09T12:00:04","slug":"mapa-de-la-ciudad-de-tokio-japon-impresion","status":"publish","type":"product","link":"https:\/\/tapiocastudio.shop\/es\/product\/tokyo-city-map-print-map-print-of-tokyo-japan\/","title":{"rendered":"Imprimir mapa de la ciudad de Tokio"},"content":{"rendered":"<p>Este mapa de Tokio muestra la detallada red de calles de la capital japonesa con un dise\u00f1o limpio y minimalista. El mapa representa la compleja estructura urbana de Tokio con trazados precisos de calles, avenidas principales y barrios claramente marcados. Incluye coordenadas geogr\u00e1ficas para una referencia exacta. El dise\u00f1o en blanco y negro resalta la singular cuadr\u00edcula y la densidad de la ciudad.<\/p>\n<p>Ideal para quienes han vivido o visitado Tokio, o simplemente aprecian el dise\u00f1o urbano y los mapas de la ciudad. Es un regalo perfecto para viajeros, expatriados o cualquier persona con alg\u00fan v\u00ednculo con la capital de Jap\u00f3n. Su dise\u00f1o minimalista queda muy bien en hogares, oficinas o espacios de estudio donde se desee exhibir lugares significativos.<\/p>\n<p>Disponible en cuatro tama\u00f1os: 70\u00d7100 cm \/ 28\u00d740\u2033, 60\u00d790 cm \/ 24\u00d736\u2033, 50\u00d770 cm \/ 20\u00d728\u2033 y 40\u00d760 cm \/ 16\u00d724\u2033. Impreso en papel mate premium de 250 g\/m\u00b2 con certificaci\u00f3n FSC y acabado antirreflectante que mantiene los detalles n\u00edtidos y legibles. El tiempo de producci\u00f3n es de 2 a 5 d\u00edas h\u00e1biles y se realizan env\u00edos a todo el mundo.<\/p>","protected":false},"excerpt":{"rendered":"<div class=\"flex flex-col text-sm pb-25\">\n<article class=\"text-token-text-primary w-full focus:outline-none [--shadow-height:45px] has-data-writing-block:pointer-events-none has-data-writing-block:-mt-(--shadow-height) has-data-writing-block:pt-(--shadow-height) [&amp;:has([data-writing-block])&gt;*]:pointer-events-auto scroll-mt-[calc(var(--header-height)+min(200px,max(70px,20svh)))]\" dir=\"auto\" data-turn-id=\"request-69a4603a-ab70-839e-b057-68ca92ae6c3f-45\" data-testid=\"conversation-turn-64\" data-scroll-anchor=\"true\" data-turn=\"assistant\">\n<div class=\"text-base my-auto mx-auto pb-10 [--thread-content-margin:--spacing(4)] @w-sm\/main:[--thread-content-margin:--spacing(6)] @w-lg\/main:[--thread-content-margin:--spacing(16)] px-(--thread-content-margin)\">\n<div class=\"[--thread-content-max-width:40rem] @w-lg\/main:[--thread-content-max-width:48rem] mx-auto max-w-(--thread-content-max-width) flex-1 group\/turn-messages focus-visible:outline-hidden relative flex w-full min-w-0 flex-col agent-turn\" tabindex=\"-1\">\n<div class=\"flex max-w-full flex-col grow\">\n<div class=\"min-h-8 text-message relative flex w-full flex-col items-end gap-2 text-start break-words whitespace-normal [.text-message+&amp;]:mt-1\" dir=\"auto\" data-message-author-role=\"assistant\" data-message-id=\"60923e16-a0dc-4626-bb61-f5bbfd239f9b\" data-message-model-slug=\"gpt-5-2\">\n<div class=\"flex w-full flex-col gap-1 empty:hidden first:pt-[1px]\">\n<div class=\"markdown prose dark:prose-invert w-full wrap-break-word dark markdown-new-styling\">\n<p data-start=\"0\" data-end=\"160\" data-is-last-node=\"\" data-is-only-node=\"\">A minimalist Tokyo city map print featuring detailed street layout and coordinates, printed on premium 250gsm matte paper for sharp lines and a refined finish.<\/p>\n<\/div>\n<\/div>\n<\/div>\n<\/div>\n<\/div>\n<\/div>\n<\/article>\n<\/div>\n","protected":false},"featured_media":7761,"comment_status":"open","ping_status":"closed","template":"","meta":{"_acf_changed":false},"product_brand":[],"product_cat":[150,151],"product_tag":[],"class_list":{"0":"post-259","1":"product","2":"type-product","3":"status-publish","4":"has-post-thumbnail","6":"product_cat-bestsellers","7":"product_cat-city-maps","9":"first","10":"instock","11":"featured","12":"shipping-taxable","13":"purchasable","14":"product-type-variable"},"acf":[],"tiered_pricing_type":"fixed","tiered_pricing_fixed_rules":[],"tiered_pricing_product_settings":{"layout":"default","base_unit_name":{"singular":null,"plural":null},"default_variation":null},"tiered_pricing_minimum_quantity":null,"tiered_pricing_roles_data":[],"tiered_pricing_percentage_rules":[],"tiered_pricing_maximum_quantity":null,"tiered_pricing_quantity_step":null,"_links":{"self":[{"href":"https:\/\/tapiocastudio.shop\/es\/wp-json\/wp\/v2\/product\/259","targetHints":{"allow":["GET"]}}],"collection":[{"href":"https:\/\/tapiocastudio.shop\/es\/wp-json\/wp\/v2\/product"}],"about":[{"href":"https:\/\/tapiocastudio.shop\/es\/wp-json\/wp\/v2\/types\/product"}],"replies":[{"embeddable":true,"href":"https:\/\/tapiocastudio.shop\/es\/wp-json\/wp\/v2\/comments?post=259"}],"version-history":[{"count":12,"href":"https:\/\/tapiocastudio.shop\/es\/wp-json\/wp\/v2\/product\/259\/revisions"}],"predecessor-version":[{"id":3058,"href":"https:\/\/tapiocastudio.shop\/es\/wp-json\/wp\/v2\/product\/259\/revisions\/3058"}],"wp:featuredmedia":[{"embeddable":true,"href":"https:\/\/tapiocastudio.shop\/es\/wp-json\/wp\/v2\/media\/7761"}],"wp:attachment":[{"href":"https:\/\/tapiocastudio.shop\/es\/wp-json\/wp\/v2\/media?parent=259"}],"wp:term":[{"taxonomy":"product_brand","embeddable":true,"href":"https:\/\/tapiocastudio.shop\/es\/wp-json\/wp\/v2\/product_brand?post=259"},{"taxonomy":"product_cat","embeddable":true,"href":"https:\/\/tapiocastudio.shop\/es\/wp-json\/wp\/v2\/product_cat?post=259"},{"taxonomy":"product_tag","embeddable":true,"href":"https:\/\/tapiocastudio.shop\/es\/wp-json\/wp\/v2\/product_tag?post=259"}],"curies":[{"name":"wp","href":"https:\/\/api.w.org\/{rel}","templated":true}]}}