{"id":5095,"date":"2026-01-27T12:17:54","date_gmt":"2026-01-27T12:17:54","guid":{"rendered":"https:\/\/tapiocastudio.shop\/?page_id=5095"},"modified":"2026-01-27T12:17:58","modified_gmt":"2026-01-27T12:17:58","slug":"terminos-y-condiciones","status":"publish","type":"page","link":"https:\/\/tapiocastudio.shop\/es\/terms-and-conditions\/","title":{"rendered":"T\u00e9rminos y condiciones"},"content":{"rendered":"<div class=\"wp-block-stackable-columns alignfull stk-block-columns stk-block stk-dc595a3 stk-block-background\" data-block-id=\"dc595a3\"><style>.stk-dc595a3 {background-color:var(--theme-palette-color-6, #D9DADA) !important;padding-top:120px !important;padding-bottom:120px !important;margin-bottom:0px !important;}.stk-dc595a3:before{background-color:var(--theme-palette-color-6, #D9DADA) !important;}@media screen and (max-width:999px){.stk-dc595a3 {padding-top:80px !important;padding-bottom:80px !important;}}<\/style><div class=\"stk-row stk-inner-blocks stk-block-content stk-content-align stk-dc595a3-column\">\n<div class=\"wp-block-stackable-column stk-block-column stk-column stk-block stk-29e92bc\" data-v=\"4\" data-block-id=\"29e92bc\"><style>.stk-29e92bc-container{margin-top:0px !important;margin-right:0px !important;margin-bottom:0px !important;margin-left:0px !important;}<\/style><div class=\"stk-column-wrapper stk-block-column__content stk-container stk-29e92bc-container stk--no-background stk--no-padding\"><div class=\"stk-block-content stk-inner-blocks stk-29e92bc-inner-blocks\">\n<div class=\"wp-block-stackable-heading stk-block-heading stk-block-heading--v2 stk-block stk-2d08bbf\" id=\"terms-and-conditions\" data-block-id=\"2d08bbf\"><style>.stk-2d08bbf .stk-block-heading__text{font-size:80px !important;}@media screen and (max-width:999px){.stk-2d08bbf .stk-block-heading__text{font-size:45px !important;}}@media screen and (max-width:689px){.stk-2d08bbf .stk-block-heading__text{font-size:35px !important;}}<\/style><h2 class=\"stk-block-heading__text has-text-align-center\">T\u00e9rminos y condiciones<\/h2><\/div>\n<\/div><\/div><\/div>\n<\/div><\/div>\n\n\n\n<h2 class=\"wp-block-heading\"><\/h2>\n\n\n\n<p>Estos T\u00e9rminos y Condiciones se aplican a todas las compras y al uso de tapiocastudio.shop. Al acceder a este sitio web o realizar un pedido, usted acepta los t\u00e9rminos que se detallan a continuaci\u00f3n.<br><\/p>\n\n\n\n<h3 class=\"wp-block-heading\">Acerca de la tienda<\/h3>\n\n\n\n<p>Tapioca Studio es un estudio de dise\u00f1o independiente que vende productos impresos personalizados por encargo. Todos los productos se fabrican tras la compra.<\/p>\n\n\n\n<h3 class=\"wp-block-heading\">Productos<\/h3>\n\n\n\n<p>Todos los productos se imprimen a medida seg\u00fan las opciones seleccionadas por el cliente. Las im\u00e1genes son solo de referencia. Los colores finales pueden variar ligeramente debido a la configuraci\u00f3n de la pantalla y el proceso de impresi\u00f3n.<\/p>\n\n\n\n<h3 class=\"wp-block-heading\">Pedidos y pagos<\/h3>\n\n\n\n<p>Los pedidos se procesan \u00fanicamente tras la finalizaci\u00f3n correcta del pago. Nos reservamos el derecho de cancelar o rechazar un pedido en caso de informaci\u00f3n incorrecta, sospecha de fraude o errores t\u00e9cnicos. Si se cancela un pedido, se reembolsar\u00e1 el pago recibido.<\/p>\n\n\n\n<h3 class=\"wp-block-heading\">Precios<\/h3>\n\n\n\n<p>Todos los precios se muestran en euros, salvo indicaci\u00f3n contraria. Los precios pueden cambiar en cualquier momento. Los cambios de precio no afectan a los pedidos ya confirmados.<\/p>\n\n\n\n<h3 class=\"wp-block-heading\">Env\u00edo<\/h3>\n\n\n\n<p>Los tiempos de producci\u00f3n, m\u00e9todos de env\u00edo, plazos de entrega estimados y costos de env\u00edo se describen en nuestra p\u00e1gina de Pol\u00edtica de Env\u00edos. Los plazos de entrega son estimados y no est\u00e1n garantizados.<\/p>\n\n\n\n<h3 class=\"wp-block-heading\">Devoluciones y reembolsos<\/h3>\n\n\n\n<p>La elegibilidad, las condiciones y los procedimientos de devoluci\u00f3n se describen en nuestra p\u00e1gina de Pol\u00edtica de Devoluciones y Reembolsos. Los productos personalizados se fabrican bajo pedido y solo se pueden reembolsar en caso de da\u00f1os o defectos.<\/p>\n\n\n\n<h3 class=\"wp-block-heading\">Propiedad intelectual<\/h3>\n\n\n\n<p>Todos los dise\u00f1os, ilustraciones, im\u00e1genes y contenido de este sitio web son propiedad de Tapioca Studio. No se permite copiar, reproducir, distribuir ni revender ning\u00fan contenido sin autorizaci\u00f3n previa por escrito.<\/p>\n\n\n\n<h3 class=\"wp-block-heading\">Uso del sitio web<\/h3>\n\n\n\n<p>Usted acepta no hacer mal uso de este sitio web, intentar acceder a \u00e9l sin autorizaci\u00f3n o interferir con su funcionalidad.<\/p>\n\n\n\n<h3 class=\"wp-block-heading\">Limitaci\u00f3n de responsabilidad<\/h3>\n\n\n\n<p>Tapioca Studio no es responsable por retrasos o problemas causados por transportistas, procesamiento de aduanas, informaci\u00f3n de entrega incorrecta proporcionada por el cliente o eventos fuera de nuestro control.<\/p>\n\n\n\n<h3 class=\"wp-block-heading\">Ley aplicable<\/h3>\n\n\n\n<p>Estos t\u00e9rminos se rigen por las leyes de la Uni\u00f3n Europea y las regulaciones locales aplicables.<\/p>\n\n\n\n<h3 class=\"wp-block-heading\">Contacto<\/h3>\n\n\n\n<p>Para preguntas sobre estos T\u00e9rminos y Condiciones, cont\u00e1ctenos en <a>contact@tapiocastudio.shop<\/a>.<\/p>","protected":false},"excerpt":{"rendered":"<p>Terms and Conditions These Terms and Conditions apply to all purchases and use of tapiocastudio.shop. By accessing this website or placing an order, you agree to the terms below. About the store Tapioca Studio is an independent design studio selling custom printed products made to order. All products are produced after purchase. Products All products [&hellip;]<\/p>\n","protected":false},"author":1,"featured_media":0,"parent":0,"menu_order":0,"comment_status":"closed","ping_status":"closed","template":"","meta":{"_acf_changed":false,"footnotes":""},"class_list":["post-5095","page","type-page","status-publish","hentry"],"blocksy_meta":{"has_hero_section":"disabled","styles_descriptor":{"styles":{"desktop":"","tablet":"","mobile":""},"google_fonts":[],"version":6}},"acf":[],"_links":{"self":[{"href":"https:\/\/tapiocastudio.shop\/es\/wp-json\/wp\/v2\/pages\/5095","targetHints":{"allow":["GET"]}}],"collection":[{"href":"https:\/\/tapiocastudio.shop\/es\/wp-json\/wp\/v2\/pages"}],"about":[{"href":"https:\/\/tapiocastudio.shop\/es\/wp-json\/wp\/v2\/types\/page"}],"author":[{"embeddable":true,"href":"https:\/\/tapiocastudio.shop\/es\/wp-json\/wp\/v2\/users\/1"}],"replies":[{"embeddable":true,"href":"https:\/\/tapiocastudio.shop\/es\/wp-json\/wp\/v2\/comments?post=5095"}],"version-history":[{"count":2,"href":"https:\/\/tapiocastudio.shop\/es\/wp-json\/wp\/v2\/pages\/5095\/revisions"}],"predecessor-version":[{"id":5097,"href":"https:\/\/tapiocastudio.shop\/es\/wp-json\/wp\/v2\/pages\/5095\/revisions\/5097"}],"wp:attachment":[{"href":"https:\/\/tapiocastudio.shop\/es\/wp-json\/wp\/v2\/media?parent=5095"}],"curies":[{"name":"wp","href":"https:\/\/api.w.org\/{rel}","templated":true}]}}