{"id":5089,"date":"2026-01-27T12:09:20","date_gmt":"2026-01-27T12:09:20","guid":{"rendered":"https:\/\/tapiocastudio.shop\/?page_id=5089"},"modified":"2026-01-27T12:11:43","modified_gmt":"2026-01-27T12:11:43","slug":"politica-de-privacidad","status":"publish","type":"page","link":"https:\/\/tapiocastudio.shop\/es\/privacy-policy\/","title":{"rendered":"pol\u00edtica de privacidad"},"content":{"rendered":"<div class=\"wp-block-stackable-columns alignfull stk-block-columns stk-block stk-dc595a3 stk-block-background\" data-block-id=\"dc595a3\"><style>.stk-dc595a3 {background-color:var(--theme-palette-color-6, #D9DADA) !important;padding-top:120px !important;padding-bottom:120px !important;margin-bottom:0px !important;}.stk-dc595a3:before{background-color:var(--theme-palette-color-6, #D9DADA) !important;}@media screen and (max-width:999px){.stk-dc595a3 {padding-top:80px !important;padding-bottom:80px !important;}}<\/style><div class=\"stk-row stk-inner-blocks stk-block-content stk-content-align stk-dc595a3-column\">\n<div class=\"wp-block-stackable-column stk-block-column stk-column stk-block stk-29e92bc\" data-v=\"4\" data-block-id=\"29e92bc\"><style>.stk-29e92bc-container{margin-top:0px !important;margin-right:0px !important;margin-bottom:0px !important;margin-left:0px !important;}<\/style><div class=\"stk-column-wrapper stk-block-column__content stk-container stk-29e92bc-container stk--no-background stk--no-padding\"><div class=\"stk-block-content stk-inner-blocks stk-29e92bc-inner-blocks\">\n<div class=\"wp-block-stackable-heading stk-block-heading stk-block-heading--v2 stk-block stk-2d08bbf\" id=\"privacy-policy\" data-block-id=\"2d08bbf\"><style>.stk-2d08bbf .stk-block-heading__text{font-size:80px !important;}@media screen and (max-width:999px){.stk-2d08bbf .stk-block-heading__text{font-size:45px !important;}}@media screen and (max-width:689px){.stk-2d08bbf .stk-block-heading__text{font-size:35px !important;}}<\/style><h2 class=\"stk-block-heading__text has-text-align-center\">pol\u00edtica de privacidad<\/h2><\/div>\n<\/div><\/div><\/div>\n<\/div><\/div>\n\n\n\n<h2 class=\"wp-block-heading\"><\/h2>\n\n\n\n<p>Esta Pol\u00edtica de privacidad explica c\u00f3mo Tapioca Studio recopila, usa y protege su informaci\u00f3n personal cuando visita o realiza una compra en tapiocastudio.shop.<\/p>\n\n\n\n<h3 class=\"wp-block-heading\">Informaci\u00f3n que recopilamos<\/h3>\n\n\n\n<p>Al realizar un pedido, recopilamos su nombre, direcci\u00f3n de facturaci\u00f3n, direcci\u00f3n de env\u00edo, correo electr\u00f3nico, n\u00famero de tel\u00e9fono y datos de pago. Los pagos se procesan de forma segura por proveedores externos y nunca se almacenan en nuestros servidores.<\/p>\n\n\n\n<p>Tambi\u00e9n recopilamos datos t\u00e9cnicos limitados, como la direcci\u00f3n IP, el tipo de navegador y las p\u00e1ginas visitadas, para mejorar el rendimiento, la seguridad y el an\u00e1lisis del sitio.<\/p>\n\n\n\n<h3 class=\"wp-block-heading\">C\u00f3mo usamos su informaci\u00f3n<\/h3>\n\n\n\n<p>Utilizamos su informaci\u00f3n para:<\/p>\n\n\n\n<ul class=\"wp-block-list\">\n<li>Procesar y cumplir pedidos<\/li>\n\n\n\n<li>Comunicarnos con usted sobre compras<\/li>\n\n\n\n<li>Proporcionar soporte al cliente<\/li>\n\n\n\n<li>Cumplir con las obligaciones legales y fiscales<\/li>\n<\/ul>\n\n\n\n<p>No vendemos, alquilamos ni comercializamos sus datos personales.<\/p>\n\n\n\n<h3 class=\"wp-block-heading\"><strong>Galletas<\/strong><\/h3>\n\n\n\n<p>Este sitio web utiliza cookies para garantizar su correcto funcionamiento y realizar an\u00e1lisis b\u00e1sicos de tr\u00e1fico. Puede desactivar las cookies en la configuraci\u00f3n de su navegador, pero algunas funciones podr\u00edan no funcionar correctamente.<\/p>\n\n\n\n<h3 class=\"wp-block-heading\"><strong>Servicios de terceros<\/strong><\/h3>\n\n\n\n<p>Compartimos \u00fanicamente la informaci\u00f3n necesaria con servicios confiables, como procesadores de pagos, proveedores de env\u00edo, herramientas de an\u00e1lisis y plataformas de correo electr\u00f3nico, para operar nuestro negocio.<\/p>\n\n\n\n<h3 class=\"wp-block-heading\"><strong>Sus derechos<\/strong><\/h3>\n\n\n\n<p>Si se encuentra en la Uni\u00f3n Europea, tiene derecho a acceder, corregir o solicitar la eliminaci\u00f3n de sus datos personales. Para ejercer estos derechos, cont\u00e1ctenos por correo electr\u00f3nico.<\/p>\n\n\n\n<h3 class=\"wp-block-heading\">Contacto<\/h3>\n\n\n\n<p>Para preguntas relacionadas con la privacidad, cont\u00e1ctenos en <a>contact@tapiocastudio.shop<\/a>.<\/p>\n\n\n\n<p><\/p>","protected":false},"excerpt":{"rendered":"<p>Privacy Policy This Privacy Policy explains how Tapioca Studio collects, uses, and protects your personal information when you visit or make a purchase from tapiocastudio.shop. Information we collect When you place an order, we collect your name, billing address, shipping address, email address, phone number, and payment details. Payments are processed securely by third party [&hellip;]<\/p>\n","protected":false},"author":1,"featured_media":0,"parent":0,"menu_order":0,"comment_status":"closed","ping_status":"closed","template":"","meta":{"_acf_changed":false,"footnotes":""},"class_list":["post-5089","page","type-page","status-publish","hentry"],"blocksy_meta":{"has_hero_section":"disabled","styles_descriptor":{"styles":{"desktop":"","tablet":"","mobile":""},"google_fonts":[],"version":6}},"acf":[],"_links":{"self":[{"href":"https:\/\/tapiocastudio.shop\/es\/wp-json\/wp\/v2\/pages\/5089","targetHints":{"allow":["GET"]}}],"collection":[{"href":"https:\/\/tapiocastudio.shop\/es\/wp-json\/wp\/v2\/pages"}],"about":[{"href":"https:\/\/tapiocastudio.shop\/es\/wp-json\/wp\/v2\/types\/page"}],"author":[{"embeddable":true,"href":"https:\/\/tapiocastudio.shop\/es\/wp-json\/wp\/v2\/users\/1"}],"replies":[{"embeddable":true,"href":"https:\/\/tapiocastudio.shop\/es\/wp-json\/wp\/v2\/comments?post=5089"}],"version-history":[{"count":4,"href":"https:\/\/tapiocastudio.shop\/es\/wp-json\/wp\/v2\/pages\/5089\/revisions"}],"predecessor-version":[{"id":5094,"href":"https:\/\/tapiocastudio.shop\/es\/wp-json\/wp\/v2\/pages\/5089\/revisions\/5094"}],"wp:attachment":[{"href":"https:\/\/tapiocastudio.shop\/es\/wp-json\/wp\/v2\/media?parent=5089"}],"curies":[{"name":"wp","href":"https:\/\/api.w.org\/{rel}","templated":true}]}}