{"id":4967,"date":"2025-12-07T15:37:31","date_gmt":"2025-12-07T15:37:31","guid":{"rendered":"https:\/\/tapiocastudio.shop\/?page_id=4967"},"modified":"2025-12-07T15:54:29","modified_gmt":"2025-12-07T15:54:29","slug":"guia-de-tamanos-de-marcos","status":"publish","type":"page","link":"https:\/\/tapiocastudio.shop\/es\/framing-size-guide\/","title":{"rendered":"Gu\u00eda de tama\u00f1os de enmarcado"},"content":{"rendered":"<div class=\"wp-block-stackable-columns alignfull stk-block-columns stk-block stk-dc595a3 stk-block-background\" data-block-id=\"dc595a3\"><style>.stk-dc595a3 {background-color:var(--theme-palette-color-6, #D9DADA) !important;padding-top:120px !important;padding-bottom:120px !important;margin-bottom:0px !important;}.stk-dc595a3:before{background-color:var(--theme-palette-color-6, #D9DADA) !important;}@media screen and (max-width:999px){.stk-dc595a3 {padding-top:80px !important;padding-bottom:80px !important;}}<\/style><div class=\"stk-row stk-inner-blocks stk-block-content stk-content-align stk-dc595a3-column\">\n<div class=\"wp-block-stackable-column stk-block-column stk-column stk-block stk-29e92bc\" data-v=\"4\" data-block-id=\"29e92bc\"><style>.stk-29e92bc-container{margin-top:0px !important;margin-right:0px !important;margin-bottom:0px !important;margin-left:0px !important;}<\/style><div class=\"stk-column-wrapper stk-block-column__content stk-container stk-29e92bc-container stk--no-background stk--no-padding\"><div class=\"stk-block-content stk-inner-blocks stk-29e92bc-inner-blocks\">\n<div class=\"wp-block-stackable-heading stk-block-heading stk-block-heading--v2 stk-block stk-2d08bbf\" id=\"framing-size-guide\" data-block-id=\"2d08bbf\"><style>.stk-2d08bbf .stk-block-heading__text{font-size:80px !important;}@media screen and (max-width:999px){.stk-2d08bbf .stk-block-heading__text{font-size:45px !important;}}@media screen and (max-width:689px){.stk-2d08bbf .stk-block-heading__text{font-size:35px !important;}}<\/style><h2 class=\"stk-block-heading__text has-text-align-center\">Gu\u00eda de tama\u00f1os de enmarcado<\/h2><\/div>\n<\/div><\/div><\/div>\n<\/div><\/div>\n\n\n\n<div class=\"wp-block-stackable-spacer stk-block-spacer stk--no-padding stk-block stk-e3dd6f1\" data-block-id=\"e3dd6f1\"><style>.stk-e3dd6f1 {height:120px !important;}<\/style><\/div>\n\n\n\n<div class=\"wp-block-stackable-heading stk-block-heading stk-block-heading--v2 stk-block stk-f357e88\" id=\"find-the-perfect-size-for-your-space\" data-block-id=\"f357e88\"><style>.stk-f357e88 {margin-bottom:0px !important;}<\/style><h2 class=\"stk-block-heading__text\">Encuentra el tama\u00f1o perfecto para tu espacio<\/h2><\/div>\n\n\n\n<div class=\"wp-block-stackable-text stk-block-text stk-block stk-b5170b0\" data-block-id=\"b5170b0\"><style>.stk-b5170b0 {margin-bottom:60px !important;}<\/style><p class=\"stk-block-text__text\">Nuestras impresiones est\u00e1n disponibles en una amplia selecci\u00f3n de formatos que se adaptan a cualquier espacio, distribuci\u00f3n o visi\u00f3n creativa: desde piezas compactas y llamativas hasta grandes obras de arte envolventes. Tanto si creas una pared de galer\u00eda como si creas un punto focal \u00fanico y llamativo, hay un tama\u00f1o que se adapta a tu estilo.<\/p><\/div>\n\n\n\n<figure data-wp-context=\"{&quot;imageId&quot;:&quot;69deb7dbebab4&quot;}\" data-wp-interactive=\"core\/image\" data-wp-key=\"69deb7dbebab4\" class=\"wp-block-image size-full has-custom-border wp-lightbox-container\"><img decoding=\"async\" width=\"2560\" height=\"1344\" data-wp-class--hide=\"state.isContentHidden\" data-wp-class--show=\"state.isContentVisible\" data-wp-init=\"callbacks.setButtonStyles\" data-wp-on--click=\"actions.showLightbox\" data-wp-on--load=\"callbacks.setButtonStyles\" data-wp-on-window--resize=\"callbacks.setButtonStyles\" src=\"https:\/\/tapiocastudio.shop\/wp-content\/uploads\/2025\/12\/Size2.jpg\" alt=\"Una infograf\u00eda que muestra varios tama\u00f1os de marcos, etiquetados como A0, A1, A2, A3 y A4, junto a un sof\u00e1 de tres plazas de 200 cm de largo. Los marcos se representan como rect\u00e1ngulos vac\u00edos para comparar tama\u00f1os.\" class=\"wp-image-4968\" style=\"border-top-left-radius:32px;border-top-right-radius:32px;border-bottom-left-radius:32px;border-bottom-right-radius:32px\" srcset=\"https:\/\/tapiocastudio.shop\/wp-content\/uploads\/2025\/12\/Size2.jpg 2560w, https:\/\/tapiocastudio.shop\/wp-content\/uploads\/2025\/12\/Size2-300x158.jpg 300w, https:\/\/tapiocastudio.shop\/wp-content\/uploads\/2025\/12\/Size2-1024x538.jpg 1024w, https:\/\/tapiocastudio.shop\/wp-content\/uploads\/2025\/12\/Size2-768x403.jpg 768w, https:\/\/tapiocastudio.shop\/wp-content\/uploads\/2025\/12\/Size2-1536x806.jpg 1536w, https:\/\/tapiocastudio.shop\/wp-content\/uploads\/2025\/12\/Size2-2048x1075.jpg 2048w, https:\/\/tapiocastudio.shop\/wp-content\/uploads\/2025\/12\/Size2-18x9.jpg 18w, https:\/\/tapiocastudio.shop\/wp-content\/uploads\/2025\/12\/Size2-1320x693.jpg 1320w, https:\/\/tapiocastudio.shop\/wp-content\/uploads\/2025\/12\/Size2-1200x630.jpg 1200w\" sizes=\"(max-width: 2560px) 100vw, 2560px\" \/><button\n\t\t\tclass=\"lightbox-trigger\"\n\t\t\ttype=\"button\"\n\t\t\taria-haspopup=\"dialog\"\n\t\t\taria-label=\"Agrandar\"\n\t\t\tdata-wp-init=\"callbacks.initTriggerButton\"\n\t\t\tdata-wp-on--click=\"actions.showLightbox\"\n\t\t\tdata-wp-style--right=\"state.imageButtonRight\"\n\t\t\tdata-wp-style--top=\"state.imageButtonTop\"\n\t\t>\n\t\t\t<svg xmlns=\"http:\/\/www.w3.org\/2000\/svg\" width=\"12\" height=\"12\" fill=\"none\" viewbox=\"0 0 12 12\">\n\t\t\t\t<path fill=\"#fff\" d=\"M2 0a2 2 0 0 0-2 2v2h1.5V2a.5.5 0 0 1 .5-.5h2V0H2Zm2 10.5H2a.5.5 0 0 1-.5-.5V8H0v2a2 2 0 0 0 2 2h2v-1.5ZM8 12v-1.5h2a.5.5 0 0 0 .5-.5V8H12v2a2 2 0 0 1-2 2H8Zm2-12a2 2 0 0 1 2 2v2h-1.5V2a.5.5 0 0 0-.5-.5H8V0h2Z\" \/>\n\t\t\t<\/svg>\n\t\t<\/button><\/figure>\n\n\n\n<div class=\"wp-block-stackable-heading stk-block-heading stk-block-heading--v2 stk-block stk-aeb8369\" id=\"strong-small-formats-a-3-to-40-50-cm-strong\" data-block-id=\"aeb8369\"><style>.stk-aeb8369 {margin-top:60px !important;margin-bottom:0px !important;}<\/style><h5 class=\"stk-block-heading__text\"><strong>Formatos peque\u00f1os: de A3 a 40\u00d750 cm<\/strong><\/h5><\/div>\n\n\n\n<div class=\"wp-block-stackable-text stk-block-text stk-block stk-90f296f\" data-block-id=\"90f296f\"><p class=\"stk-block-text__text\">Perfectos para estanter\u00edas, escritorios y galer\u00edas de pared. Estos vers\u00e1tiles tama\u00f1os son ideales para regalar o combinar con l\u00e1minas m\u00e1s grandes para crear exhibiciones en capas.<\/p><\/div>\n\n\n\n<div class=\"wp-block-stackable-text stk-block-text stk-block stk-ef1df46\" data-block-id=\"ef1df46\"><p class=\"stk-block-text__text\">\u2022 A3 (29,7\u00d742 cm) <br>\u2022 30\u00d740 cm \/ 12\u00d716\u2033 <br>\u2022 30\u00d745 cm \/ 12\u00d718\u2033 <br>\u2022 40\u00d750 cm \/ 16\u00d720\u2033<\/p><\/div>\n\n\n\n<div class=\"wp-block-stackable-heading stk-block-heading stk-block-heading--v2 stk-block stk-3e22672\" id=\"strong-medium-formats-40-60-to-50-70-cm-strong\" data-block-id=\"3e22672\"><style>.stk-3e22672 {margin-bottom:0px !important;}<\/style><h5 class=\"stk-block-heading__text\"><strong>Formatos medianos \u2014 40\u00d760 a 50\u00d770 cm<\/strong><\/h5><\/div>\n\n\n\n<div class=\"wp-block-stackable-text stk-block-text stk-block stk-c24a9c4\" data-block-id=\"c24a9c4\"><p class=\"stk-block-text__text\">Ideal para pasillos, dormitorios y espacios de trabajo. Los estampados medianos ofrecen un impacto equilibrado: lo suficientemente grandes como para lucirse solos, pero lo suficientemente flexibles como para combinarlos con otras piezas.<\/p><\/div>\n\n\n\n<p>\u2022 40\u00d760 cm \/ 16\u00d724\u2033 <br>\u2022 A2 (42\u00d759,4 cm) <br>\u2022 45\u00d760 cm \/ 18\u00d724\u2033<br>\u2022 50\u00d770 cm \/ 20\u00d728\u2033 <\/p>\n\n\n\n<div class=\"wp-block-stackable-heading stk-block-heading stk-block-heading--v2 stk-block stk-0c8f6a9\" id=\"strong-large-formats-a-1-to-70-100-cm-strong\" data-block-id=\"0c8f6a9\"><style>.stk-0c8f6a9 {margin-bottom:0px !important;}<\/style><h5 class=\"stk-block-heading__text\"><strong>Formatos grandes: A1 a 70\u00d7100 cm<\/strong><\/h5><\/div>\n\n\n\n<div class=\"wp-block-stackable-text stk-block-text stk-block stk-9fa4e78\" data-block-id=\"9fa4e78\"><p class=\"stk-block-text__text\">Atrevidos y expresivos, estos tama\u00f1os son ideales para colocar sobre sof\u00e1s, camas o comedores. Crean un centro visual impactante sin sobrecargar la habitaci\u00f3n.<\/p><\/div>\n\n\n\n<div class=\"wp-block-stackable-text stk-block-text stk-block stk-b59c996\" data-block-id=\"b59c996\"><p class=\"stk-block-text__text\">\u2022 A1 (59,4\u00d784,1 cm) <br>\u2022 60\u00d780 cm \/ 24\u00d732\u2033 <br>\u2022 60\u00d790 cm \/ 24\u00d736\u2033 <\/p><\/div>\n\n\n\n<div class=\"wp-block-stackable-heading stk-block-heading stk-block-heading--v2 stk-block stk-f31a0ef\" id=\"strong-extra-large-formats-70-100-cm-to-a-0-strong\" data-block-id=\"f31a0ef\"><style>.stk-f31a0ef {margin-bottom:0px !important;}<\/style><h5 class=\"stk-block-heading__text\"><strong>Formatos extra grandes: 70\u00d7100 cm a A0<\/strong><\/h5><\/div>\n\n\n\n<div class=\"wp-block-stackable-text stk-block-text stk-block stk-4e02f45\" data-block-id=\"4e02f45\"><p class=\"stk-block-text__text\">Para una presencia m\u00e1xima. Estos estampados de gran tama\u00f1o transforman espaciosas salas de estar, estudios u oficinas en ambientes impactantes y bien dise\u00f1ados.<\/p><\/div>\n\n\n\n<div class=\"wp-block-stackable-text stk-block-text stk-block stk-9d8956b\" data-block-id=\"9d8956b\"><p class=\"stk-block-text__text\">\u2022 70\u00d7100 cm \/ 28\u00d740\u2033 <br>\u2022 75\u00d7100 cm \/ 30\u00d740\u2033 <br>\u2022 A0 (84,1\u00d7118,9 cm)<br><\/p><\/div>\n\n\n\n<div class=\"wp-block-stackable-text stk-block-text stk-block stk-0763776\" data-block-id=\"0763776\"><style>.stk-0763776 .stk-block-text__text{font-size:1em !important;}@media screen and (max-width:999px){.stk-0763776 .stk-block-text__text{font-size:1em !important;}}<\/style><p class=\"stk-block-text__text\"><strong>Elige el tama\u00f1o que se adapte a tu espacio y al impacto que quieres crear<\/strong>.<\/p><\/div>\n\n\n\n<div class=\"wp-block-stackable-spacer stk-block-spacer stk--no-padding stk-block stk-04681fc\" data-block-id=\"04681fc\"><style>.stk-04681fc {height:120px !important;}<\/style><\/div>\n\n\n\n<p><\/p>","protected":false},"excerpt":{"rendered":"<p>Framing size guide Find the Perfect Size for Your Space Our prints are available in a wide selection of formats to suit any room, layout, or creative vision\u2014from compact statement pieces to large, immersive artworks. Whether you&#8217;re building a gallery wall or creating a single bold focal point, there\u2019s a size that fits your style. [&hellip;]<\/p>\n","protected":false},"author":1,"featured_media":0,"parent":0,"menu_order":0,"comment_status":"closed","ping_status":"closed","template":"","meta":{"_acf_changed":false,"footnotes":""},"class_list":["post-4967","page","type-page","status-publish","hentry"],"blocksy_meta":{"has_hero_section":"disabled","styles_descriptor":{"styles":{"desktop":"","tablet":"","mobile":""},"google_fonts":[],"version":6}},"acf":[],"_links":{"self":[{"href":"https:\/\/tapiocastudio.shop\/es\/wp-json\/wp\/v2\/pages\/4967","targetHints":{"allow":["GET"]}}],"collection":[{"href":"https:\/\/tapiocastudio.shop\/es\/wp-json\/wp\/v2\/pages"}],"about":[{"href":"https:\/\/tapiocastudio.shop\/es\/wp-json\/wp\/v2\/types\/page"}],"author":[{"embeddable":true,"href":"https:\/\/tapiocastudio.shop\/es\/wp-json\/wp\/v2\/users\/1"}],"replies":[{"embeddable":true,"href":"https:\/\/tapiocastudio.shop\/es\/wp-json\/wp\/v2\/comments?post=4967"}],"version-history":[{"count":8,"href":"https:\/\/tapiocastudio.shop\/es\/wp-json\/wp\/v2\/pages\/4967\/revisions"}],"predecessor-version":[{"id":4978,"href":"https:\/\/tapiocastudio.shop\/es\/wp-json\/wp\/v2\/pages\/4967\/revisions\/4978"}],"wp:attachment":[{"href":"https:\/\/tapiocastudio.shop\/es\/wp-json\/wp\/v2\/media?parent=4967"}],"curies":[{"name":"wp","href":"https:\/\/api.w.org\/{rel}","templated":true}]}}