{"id":4954,"date":"2025-12-06T17:56:59","date_gmt":"2025-12-06T17:56:59","guid":{"rendered":"https:\/\/tapiocastudio.shop\/?page_id=4954"},"modified":"2025-12-06T18:54:28","modified_gmt":"2025-12-06T18:54:28","slug":"politica-de-envio","status":"publish","type":"page","link":"https:\/\/tapiocastudio.shop\/es\/shipping-policy\/","title":{"rendered":"Pol\u00edtica de env\u00edos"},"content":{"rendered":"<div class=\"wp-block-stackable-columns alignfull stk-block-columns stk-block stk-dc595a3 stk-block-background\" data-block-id=\"dc595a3\"><style>.stk-dc595a3 {background-color:var(--theme-palette-color-6, #D9DADA) !important;padding-top:120px !important;padding-bottom:120px !important;margin-bottom:0px !important;}.stk-dc595a3:before{background-color:var(--theme-palette-color-6, #D9DADA) !important;}@media screen and (max-width:999px){.stk-dc595a3 {padding-top:80px !important;padding-bottom:80px !important;}}<\/style><div class=\"stk-row stk-inner-blocks stk-block-content stk-content-align stk-dc595a3-column\">\n<div class=\"wp-block-stackable-column stk-block-column stk-column stk-block stk-29e92bc\" data-v=\"4\" data-block-id=\"29e92bc\"><style>.stk-29e92bc-container{margin-top:0px !important;margin-right:0px !important;margin-bottom:0px !important;margin-left:0px !important;}<\/style><div class=\"stk-column-wrapper stk-block-column__content stk-container stk-29e92bc-container stk--no-background stk--no-padding\"><div class=\"stk-block-content stk-inner-blocks stk-29e92bc-inner-blocks\">\n<div class=\"wp-block-stackable-heading stk-block-heading stk-block-heading--v2 stk-block stk-2d08bbf\" id=\"shipping-policy\" data-block-id=\"2d08bbf\"><style>.stk-2d08bbf .stk-block-heading__text{font-size:80px !important;}@media screen and (max-width:999px){.stk-2d08bbf .stk-block-heading__text{font-size:45px !important;}}@media screen and (max-width:689px){.stk-2d08bbf .stk-block-heading__text{font-size:35px !important;}}<\/style><h2 class=\"stk-block-heading__text has-text-align-center\">Pol\u00edtica de env\u00edos<\/h2><\/div>\n<\/div><\/div><\/div>\n<\/div><\/div>\n\n\n\n<h2 class=\"wp-block-heading\">Env\u00edos globales<\/h2>\n\n\n\n<p>La mayor\u00eda de nuestros pedidos se procesan dentro de las 24 horas y se env\u00edan dentro de los 2 d\u00edas, con laboratorios de impresi\u00f3n locales repartidos por todo el mundo en Estados Unidos, Europa, Reino Unido y Australia.&nbsp;<\/p>\n\n\n\n<figure class=\"wp-block-table is-style-stripes\"><table class=\"has-palette-color-3-color has-text-color has-link-color has-fixed-layout\" style=\"border-style:none;border-width:0px\"><thead><tr><th>Destino<\/th><th>Costa<\/th><th>El tiempo de entrega<\/th><\/tr><\/thead><tbody><tr><td>Estados Unidos<\/td><td>\u20ac 5,50<\/td><td>4-6 d\u00edas laborables<\/td><\/tr><tr><td>Europa<\/td><td>\u20ac 7,00<\/td><td>3-5 d\u00edas laborables<\/td><\/tr><tr><td>Reino Unido<\/td><td>\u20ac 5,50<\/td><td>3-4 d\u00edas laborables<\/td><\/tr><tr><td>Australia<\/td><td>\u20ac 8,00<\/td><td>4-5 d\u00edas laborables<\/td><\/tr><tr><td>Canad\u00e1<\/td><td>\u20ac 10,00<\/td><td>4-5 d\u00edas laborables<\/td><\/tr><tr><td>Brasil<\/td><td>\u20ac 5,00<\/td><td>4-7 d\u00edas laborables<\/td><\/tr><tr><td>Jap\u00f3n<\/td><td>\u20ac 7,00<\/td><td>6 d\u00edas laborables<\/td><\/tr><tr><td>Resto del mundo<\/td><td>\u20ac 14,00<\/td><td>2-30 d\u00edas laborables<\/td><\/tr><\/tbody><\/table><\/figure>\n\n\n\n<p>*Estos plazos son estimados y pueden ser mayores, especialmente en temporada alta o festivos. Los gastos de env\u00edo se calculan al finalizar la compra. Las tarifas pueden variar seg\u00fan la moneda de pago.<\/p>\n\n\n\n<h2 class=\"wp-block-heading\" id=\"h_028d07170c\">Calendario de entregas de Navidad 2025<\/h2>\n\n\n\n<p>Haga su pedido antes de las siguientes fechas y horarios para recibir sus art\u00edculos a tiempo para Navidad. (Sujeto a cambios seg\u00fan la demanda). Haga su pedido antes de las 18:00 h en su hora local del \u00faltimo d\u00eda de pedido.<\/p>\n\n\n\n<figure class=\"wp-block-table is-style-stripes\"><table class=\"has-palette-color-3-color has-text-color has-link-color has-fixed-layout\" style=\"border-style:none;border-width:0px\"><thead><tr><th>Destino<\/th><th>El tiempo de entrega<\/th><\/tr><\/thead><tbody><tr><td>Estados Unidos<\/td><td>14 de diciembre<\/td><\/tr><tr><td>Europa<\/td><td>14 de diciembre<\/td><\/tr><tr><td>Reino Unido<\/td><td>16 de diciembre<\/td><\/tr><tr><td>Australia<\/td><td>16 de diciembre<\/td><\/tr><tr><td>Canad\u00e1<\/td><td>13 de diciembre<\/td><\/tr><tr><td>Brasil<\/td><td>12 de diciembre<\/td><\/tr><tr><td>Resto del mundo<\/td><td>12 de diciembre<\/td><\/tr><\/tbody><\/table><\/figure>\n\n\n\n<p><\/p>","protected":false},"excerpt":{"rendered":"<p>Shipping policy Global Shipping Most of our orders are processed within 24 hours and shipped within 2 days, with local print labs dotted across the globe in the United States, Europe,&nbsp;United Kingdom and Australia&nbsp; Destination Coast Delivery time United States \u20ac 5,50 4-6 working days Europe \u20ac 7,00 3-5 working days United Kingdom \u20ac 5,50 [&hellip;]<\/p>\n","protected":false},"author":1,"featured_media":0,"parent":0,"menu_order":0,"comment_status":"closed","ping_status":"closed","template":"","meta":{"_acf_changed":false,"footnotes":""},"class_list":["post-4954","page","type-page","status-publish","hentry"],"blocksy_meta":{"has_hero_section":"disabled","styles_descriptor":{"styles":{"desktop":"","tablet":"","mobile":""},"google_fonts":[],"version":6}},"acf":[],"_links":{"self":[{"href":"https:\/\/tapiocastudio.shop\/es\/wp-json\/wp\/v2\/pages\/4954","targetHints":{"allow":["GET"]}}],"collection":[{"href":"https:\/\/tapiocastudio.shop\/es\/wp-json\/wp\/v2\/pages"}],"about":[{"href":"https:\/\/tapiocastudio.shop\/es\/wp-json\/wp\/v2\/types\/page"}],"author":[{"embeddable":true,"href":"https:\/\/tapiocastudio.shop\/es\/wp-json\/wp\/v2\/users\/1"}],"replies":[{"embeddable":true,"href":"https:\/\/tapiocastudio.shop\/es\/wp-json\/wp\/v2\/comments?post=4954"}],"version-history":[{"count":4,"href":"https:\/\/tapiocastudio.shop\/es\/wp-json\/wp\/v2\/pages\/4954\/revisions"}],"predecessor-version":[{"id":4962,"href":"https:\/\/tapiocastudio.shop\/es\/wp-json\/wp\/v2\/pages\/4954\/revisions\/4962"}],"wp:attachment":[{"href":"https:\/\/tapiocastudio.shop\/es\/wp-json\/wp\/v2\/media?parent=4954"}],"curies":[{"name":"wp","href":"https:\/\/api.w.org\/{rel}","templated":true}]}}