{"id":4936,"date":"2025-12-06T11:35:39","date_gmt":"2025-12-06T11:35:39","guid":{"rendered":"https:\/\/tapiocastudio.shop\/?page_id=4936"},"modified":"2026-04-05T09:59:04","modified_gmt":"2026-04-05T09:59:04","slug":"hoja-informativa","status":"publish","type":"page","link":"https:\/\/tapiocastudio.shop\/es\/newsletter\/","title":{"rendered":"Bolet\u00edn"},"content":{"rendered":"<div class=\"wp-block-stackable-spacer stk-block-spacer stk--no-padding stk-block stk-938bbb3\" data-block-id=\"938bbb3\"><style>.stk-938bbb3 {height:120px !important;}@media screen and (max-width:999px){.stk-938bbb3 {height:80px !important;}}<\/style><\/div>\n\n\n\n<div class=\"wp-block-stackable-columns stk-block-columns stk-block stk-a25dc6b\" data-block-id=\"a25dc6b\"><style>.stk-a25dc6b {margin-bottom:0px !important;}.stk-a25dc6b-column{--stk-column-gap:100px !important;row-gap:50px !important;}<\/style><div class=\"stk-row stk-inner-blocks stk-block-content stk-content-align stk-a25dc6b-column\">\n<div class=\"wp-block-stackable-column stk-block-column stk-column stk-block stk-2039561\" data-v=\"4\" data-block-id=\"2039561\"><style>.stk-2039561-container{margin-top:0px !important;margin-right:0px !important;margin-bottom:0px !important;margin-left:0px !important;}.stk-2039561 {align-self:center !important;}.stk-2039561-inner-blocks{row-gap:0px !important;}@media screen and (min-width:690px){.stk-2039561 {flex:var(--stk-flex-grow, 1) 1 calc(47% - var(--stk-column-gap, 0px) * 1 \/ 2 ) !important;}}@media screen and (min-width:690px) and (max-width:999px){.stk-2039561 {flex:var(--stk-flex-grow, 1) 1 calc(100% - var(--stk-column-gap, 0px) * 0 \/ 1 ) !important;}}<\/style><div class=\"stk-column-wrapper stk-block-column__content stk-container stk-2039561-container stk--no-background stk--no-padding\"><div class=\"stk-block-content stk-inner-blocks stk-2039561-inner-blocks\">\n<div class=\"wp-block-stackable-heading stk-block-heading stk-block-heading--v2 stk-block stk-b61712c\" id=\"get-15-off\" data-block-id=\"b61712c\"><style>.stk-b61712c {padding-top:0px !important;padding-right:0px !important;padding-bottom:0px !important;padding-left:0px !important;margin-bottom:0px !important;}.stk-b61712c .stk-block-heading__text{font-size:40px !important;line-height:0.8em !important;}@media screen and (max-width:999px){.stk-b61712c .stk-block-heading__text{font-size:30px !important;}}<\/style><h1 class=\"stk-block-heading__text has-text-align-center-mobile\">Obtenga 15% de descuento<\/h1><\/div>\n\n\n\n<p>Suscr\u00edbete a nuestra newsletter para mantenerte al d\u00eda y ser el primero en conocer nuevos lanzamientos, ofertas exclusivas y novedades de dise\u00f1o.<\/p>\n\n\n\n<p>1. Suscr\u00edbete a continuaci\u00f3n<br>2. Recibir un correo electr\u00f3nico con el c\u00f3digo de descuento 15%<br>3. Ordena y decora tu espacio<\/p>\n\n\n\n<div class=\"klaviyo-form-WnHiPy\"><\/div>\n<\/div><\/div><\/div>\n\n\n\n<div class=\"wp-block-stackable-column stk-block-column stk-column stk-block stk-637db20\" data-v=\"4\" data-block-id=\"637db20\"><style>.stk-637db20-container{margin-top:0px !important;margin-right:0px !important;margin-bottom:0px !important;margin-left:0px !important;}@media screen and (min-width:690px){.stk-637db20 {flex:var(--stk-flex-grow, 1) 1 calc(53% - var(--stk-column-gap, 0px) * 1 \/ 2 ) !important;}}@media screen and (min-width:690px) and (max-width:999px){.stk-637db20 {flex:var(--stk-flex-grow, 1) 1 calc(100% - var(--stk-column-gap, 0px) * 0 \/ 1 ) !important;}}<\/style><div class=\"stk-column-wrapper stk-block-column__content stk-container stk-637db20-container stk--no-background stk--no-padding\"><div class=\"stk-block-content stk-inner-blocks stk-637db20-inner-blocks\">\n<div class=\"wp-block-stackable-image stk-block-image stk-block stk-f0f863f\" data-block-id=\"f0f863f\"><style>.stk-f0f863f .stk-img-wrapper{width:100% !important;height:633px !important;}.stk-f0f863f .stk-img-wrapper img{border-radius:24px !important;}@media screen and (max-width:999px){.stk-f0f863f .stk-img-wrapper{height:600px !important;}.stk-f0f863f .stk-img-wrapper img{object-position:49% 1% !important;}}@media screen and (max-width:689px){.stk-f0f863f .stk-img-wrapper{height:500px !important;}}<\/style><figure><span class=\"stk-img-wrapper stk-image--shape-stretch\"><img decoding=\"async\" class=\"stk-img wp-image-2594\" src=\"https:\/\/tapiocastudio.shop\/wp-content\/uploads\/2025\/10\/Video-Listing_2.gif\" width=\"800\" height=\"450\" alt=\"Galer\u00eda de pared con carteles de Tapioca Studio\"\/><\/span><\/figure><\/div>\n<\/div><\/div><\/div>\n<\/div><\/div>\n\n\n\n<div class=\"wp-block-stackable-spacer stk-block-spacer stk--no-padding stk-block stk-27caeb1\" data-block-id=\"27caeb1\"><style>.stk-27caeb1 {height:70px !important;}@media screen and (max-width:999px){.stk-27caeb1 {height:50px !important;}}<\/style><\/div>\n\n\n\n<div class=\"wp-block-stackable-spacer stk-block-spacer stk--no-padding stk-block stk-e2a2e99\" data-block-id=\"e2a2e99\"><style>.stk-e2a2e99 {height:120px !important;}@media screen and (max-width:999px){.stk-e2a2e99 {height:80px !important;}}<\/style><\/div>\n\n\n\n<div class=\"wp-block-stackable-columns alignfull stk-block-columns stk-block stk-9b2b95e stk-block-background\" data-block-id=\"9b2b95e\"><style>.stk-9b2b95e {background-color:var(--theme-palette-color-3, #2a2b30) !important;padding-top:160px !important;padding-bottom:160px !important;margin-bottom:0px !important;}.stk-9b2b95e:before{background-color:var(--theme-palette-color-3, #2a2b30) !important;}@media screen and (max-width:999px){.stk-9b2b95e {padding-top:80px !important;padding-bottom:80px !important;}}<\/style><div class=\"stk-row stk-inner-blocks stk-block-content stk-content-align stk-9b2b95e-column\">\n<div class=\"wp-block-stackable-column stk-block-column stk-column stk-block stk-cbf8d64\" data-v=\"4\" data-block-id=\"cbf8d64\"><style>.stk-cbf8d64-container{margin-top:0px !important;margin-right:auto !important;margin-bottom:0px !important;margin-left:auto !important;max-width:650px !important;min-width:auto !important;}<\/style><div class=\"stk-column-wrapper stk-block-column__content stk-container stk-cbf8d64-container stk--no-background stk--no-padding\"><div class=\"stk-block-content stk-inner-blocks stk-cbf8d64-inner-blocks\"><\/div><\/div><\/div>\n<\/div><\/div>\n\n\n\n<p><\/p>","protected":false},"excerpt":{"rendered":"<p>Get 15% Off Join our newsletter to stay up to date and be the first to know about new releases, exclusive offers, and design news. 1. Subscribe below2. Receive an email with the 15% off code3. Order &amp; decorate your space<\/p>","protected":false},"author":1,"featured_media":0,"parent":0,"menu_order":0,"comment_status":"closed","ping_status":"closed","template":"","meta":{"_acf_changed":false,"footnotes":""},"class_list":["post-4936","page","type-page","status-publish","hentry"],"blocksy_meta":{"styles_descriptor":{"styles":{"desktop":"","tablet":"","mobile":""},"google_fonts":[],"version":6},"page_title_panel":"","has_hero_section":"disabled","4a6c26e3489cfc452f0c7089ef3cf078":"","hero_section":"type-1","hero_elements":[{"id":"custom_title","enabled":true,"heading_tag":"h1","title":"Inicio","__id":"jv4NqOfJJaDD1pCg6-5pZ"},{"id":"custom_description","enabled":true,"description_visibility":{"desktop":true,"tablet":true,"mobile":false},"__id":"90FMXYfC1-5bhHtDUOy0b"},{"id":"custom_meta","enabled":false,"meta_elements":[{"id":"author","enabled":true,"label":"By","has_author_avatar":"yes","avatar_size":25},{"id":"post_date","enabled":true,"label":"On","date_format_source":"default","date_format":"M j, Y"},{"id":"updated_date","enabled":false,"label":"On","date_format_source":"default","date_format":"M j, Y"},{"id":"categories","enabled":false,"label":"In","style":"simple"},{"id":"comments","enabled":true}],"page_meta_elements":{"joined":true,"articles_count":true,"comments":true},"__id":"BRnXi5Yx39490QKdinmGT"},{"id":"breadcrumbs","enabled":false,"__id":"jUcYPNqk0TipoVpu9UdVP"}],"fe562f922a7890432068950dda17c488":"","hero_alignment1":"CT_CSS_SKIP_RULE","hero_margin":40,"hero_alignment2":"center","hero_vertical_alignment":"center","21ff91474bdbf7e3262b971e98d91af2":"","hero_structure":"narrow","efbca305c45ecabd3d17e2c3bd7c910d":"","page_title_bg_type":"featured_image","custom_hero_background":{"attachment_id":null},"page_title_image_size":"full","parallax":{"desktop":false,"tablet":false,"mobile":false},"5ba28e80c5f05ca70537edad0eefaf73":"","hero_height":"250px","pageTitleFont":{"family":"Default","variation":"Default","size":"30px","line-height":"CT_CSS_SKIP_RULE","letter-spacing":"CT_CSS_SKIP_RULE","text-transform":"CT_CSS_SKIP_RULE","text-decoration":"CT_CSS_SKIP_RULE"},"pageTitleFontColor":{"default":{"color":"CT_CSS_SKIP_RULEDEFAULT"}},"pageMetaFont":{"family":"Default","variation":"n6","size":"12px","line-height":"1.3","letter-spacing":"CT_CSS_SKIP_RULE","text-transform":"uppercase","text-decoration":"CT_CSS_SKIP_RULE"},"pageMetaFontColor":{"default":{"color":"CT_CSS_SKIP_RULEDEFAULT"},"hover":{"color":"CT_CSS_SKIP_RULEDEFAULT"}},"page_meta_button_type_font_colors":{"default":{"color":"CT_CSS_SKIP_RULEDEFAULT"},"hover":{"color":"CT_CSS_SKIP_RULEDEFAULT"}},"page_meta_button_type_background_colors":{"default":{"color":"CT_CSS_SKIP_RULEDEFAULT"},"hover":{"color":"CT_CSS_SKIP_RULEDEFAULT"}},"pageExcerptFont":{"family":"Default","variation":"Default","size":"CT_CSS_SKIP_RULE","line-height":"CT_CSS_SKIP_RULE","letter-spacing":"CT_CSS_SKIP_RULE","text-transform":"CT_CSS_SKIP_RULE","text-decoration":"CT_CSS_SKIP_RULE"},"pageExcerptColor":{"default":{"color":"CT_CSS_SKIP_RULEDEFAULT"}},"breadcrumbsFont":{"family":"Default","variation":"Default","size":"CT_CSS_SKIP_RULE","line-height":"CT_CSS_SKIP_RULE","letter-spacing":"CT_CSS_SKIP_RULE","text-transform":"CT_CSS_SKIP_RULE","text-decoration":"CT_CSS_SKIP_RULE"},"breadcrumbsFontColor":{"default":{"color":"CT_CSS_SKIP_RULEDEFAULT"},"initial":{"color":"CT_CSS_SKIP_RULEDEFAULT"},"hover":{"color":"CT_CSS_SKIP_RULEDEFAULT"}},"pageTitleOverlay":{"background_type":"color","background_pattern":"type-1","background_image":{"attachment_id":null,"x":0,"y":0},"gradient":"linear-gradient(135deg,rgba(6,147,227,1) 0%,rgb(155,81,224) 100%)","background_repeat":"repeat","background_size":"auto","background_attachment":"scroll","patternColor":{"default":{"color":"#e5e7ea"}},"overlayColor":{"default":{"color":"CT_CSS_SKIP_RULE"}},"backgroundColor":{"default":{"color":"CT_CSS_SKIP_RULE"}}},"pageTitleBackground":{"background_type":"color","background_pattern":"type-1","background_image":{"attachment_id":null,"x":0,"y":0},"gradient":"linear-gradient(135deg,rgba(6,147,227,1) 0%,rgb(155,81,224) 100%)","background_repeat":"repeat","background_size":"auto","background_attachment":"scroll","patternColor":{"default":{"color":"#e5e7ea"}},"overlayColor":{"default":{"color":"CT_CSS_SKIP_RULE"}},"backgroundColor":{"default":{"color":"var(--theme-palette-color-6)"}}},"pageTitlePadding":{"top":"50px","bottom":"50px","left":"auto","right":"auto","linked":true},"a271f1d3e5a6bce1f48f7d72e3fe62cd":"","page_structure_type":"default","ac8f391930b733f81c8c2034fe54f4c4":"","content_style_source":"inherit","content_style":"wide","vertical_spacing_source":"custom","content_area_spacing":"none","background":{"background_type":"color","background_pattern":"type-1","background_image":{"attachment_id":null,"x":0,"y":0},"gradient":"linear-gradient(135deg,rgba(6,147,227,1) 0%,rgb(155,81,224) 100%)","background_repeat":"repeat","background_size":"auto","background_attachment":"scroll","patternColor":{"default":{"color":"#e5e7ea"}},"overlayColor":{"default":{"color":"CT_CSS_SKIP_RULE"}},"backgroundColor":{"default":{"color":"CT_CSS_SKIP_RULE"}}},"content_background":{"background_type":"color","background_pattern":"type-1","background_image":{"attachment_id":null,"x":0,"y":0},"gradient":"linear-gradient(135deg,rgba(6,147,227,1) 0%,rgb(155,81,224) 100%)","background_repeat":"repeat","background_size":"auto","background_attachment":"scroll","patternColor":{"default":{"color":"#e5e7ea"}},"overlayColor":{"default":{"color":"CT_CSS_SKIP_RULE"}},"backgroundColor":{"default":{"color":"var(--theme-palette-color-8)"}}},"content_boxed_shadow":{"inherit":false,"blur":18,"spread":-6,"v_offset":12,"h_offset":0,"inset":false,"enable":true,"color":{"color":"rgba(34, 56, 101, 0.04)"}},"boxed_content_spacing":{"desktop":{"top":"40px","bottom":"40px","left":"40px","right":"40px","linked":true},"tablet":{"top":"35px","bottom":"35px","left":"35px","right":"35px","linked":true},"mobile":{"top":"20px","bottom":"20px","left":"20px","right":"20px","linked":true}},"content_boxed_radius":{"top":"3px","bottom":"3px","left":"3px","right":"3px","linked":true},"a38c1b35b8d2e65b9d89492d033c438a":"","disable_featured_image":"no","disable_share_box":"no","disable_header":"no","disable_footer":"no"},"acf":[],"_links":{"self":[{"href":"https:\/\/tapiocastudio.shop\/es\/wp-json\/wp\/v2\/pages\/4936","targetHints":{"allow":["GET"]}}],"collection":[{"href":"https:\/\/tapiocastudio.shop\/es\/wp-json\/wp\/v2\/pages"}],"about":[{"href":"https:\/\/tapiocastudio.shop\/es\/wp-json\/wp\/v2\/types\/page"}],"author":[{"embeddable":true,"href":"https:\/\/tapiocastudio.shop\/es\/wp-json\/wp\/v2\/users\/1"}],"replies":[{"embeddable":true,"href":"https:\/\/tapiocastudio.shop\/es\/wp-json\/wp\/v2\/comments?post=4936"}],"version-history":[{"count":9,"href":"https:\/\/tapiocastudio.shop\/es\/wp-json\/wp\/v2\/pages\/4936\/revisions"}],"predecessor-version":[{"id":7581,"href":"https:\/\/tapiocastudio.shop\/es\/wp-json\/wp\/v2\/pages\/4936\/revisions\/7581"}],"wp:attachment":[{"href":"https:\/\/tapiocastudio.shop\/es\/wp-json\/wp\/v2\/media?parent=4936"}],"curies":[{"name":"wp","href":"https:\/\/api.w.org\/{rel}","templated":true}]}}