{"id":5416,"date":"2026-02-09T17:29:52","date_gmt":"2026-02-09T17:29:52","guid":{"rendered":"https:\/\/tapiocastudio.shop\/?post_type=product&#038;p=5416"},"modified":"2026-04-06T14:44:15","modified_gmt":"2026-04-06T14:44:15","slug":"berlin-kieze-karte-poster-alle-stadtteile-von-berlin","status":"publish","type":"product","link":"https:\/\/tapiocastudio.shop\/de\/product\/berlin-kieze-map-poster-all-neighborhoods-of-berlin\/","title":{"rendered":"Berlin Kieze Plan Poster"},"content":{"rendered":"<p data-start=\"198\" data-end=\"516\">Dieses Poster zeigt alle offiziellen Berliner Stadtteile in einem \u00fcbersichtlichen, modernen Kartenlayout. Jeder Ortsteil ist klar definiert und beschriftet und bietet so einen detaillierten \u00dcberblick \u00fcber die st\u00e4dtische Struktur. Das Design legt Wert auf Klarheit, Ausgewogenheit und Lesbarkeit und eignet sich daher sowohl als Wanddekoration als auch als Orientierungskarte.<\/p>\n<p data-start=\"518\" data-end=\"754\">Sie erhalten einen umfassenden \u00dcberblick \u00fcber Berlin, von der dichten Innenstadt bis zu den Au\u00dfenbezirken. Es passt perfekt in Wohnzimmer, Studios, B\u00fcros und Arbeitsbereiche. Ideal f\u00fcr alle, die in Berlin leben, gelebt haben oder sich einfach f\u00fcr St\u00e4dte und Karten interessieren.<\/p>\n<p data-start=\"756\" data-end=\"884\">Gedruckt auf hochwertigem, mattem Papier mit glatter, nicht reflektierender Oberfl\u00e4che. Farben bleiben scharf, Linien klar, selbst in hellen R\u00e4umen.<\/p>\n<h3 data-start=\"886\" data-end=\"1082\">Details<\/h3>\n<p data-start=\"886\" data-end=\"1082\">\u2022 Minimalistisches, kartenorientiertes Design<br data-start=\"972\" data-end=\"975\" \/>\u2022 Hochwertiges mattes Papier, 250 g\/m\u00b2<br data-start=\"1005\" data-end=\"1008\" \/>\u2022 Nicht reflektierende Oberfl\u00e4che<br data-start=\"1031\" data-end=\"1034\" \/>\u2022 Verschiedene Gr\u00f6\u00dfen erh\u00e4ltlich<br data-start=\"1060\" data-end=\"1063\" \/>\u2022 Gedruckt auf Anfrage<\/p>","protected":false},"excerpt":{"rendered":"<p data-start=\"374\" data-end=\"494\">Alle Berliner Stadtteile in einer detailreichen Komposition. Eine Hommage an den lokalen Charakter der Stadt.<\/p>\n<p data-start=\"496\" data-end=\"619\">","protected":false},"featured_media":7577,"comment_status":"open","ping_status":"closed","template":"","meta":{"_acf_changed":false},"product_brand":[],"product_cat":[16,51],"product_tag":[],"class_list":{"0":"post-5416","1":"product","2":"type-product","3":"status-publish","4":"has-post-thumbnail","6":"product_cat-all-posters","7":"product_cat-data-art","9":"first","10":"instock","11":"shipping-taxable","12":"purchasable","13":"product-type-variable"},"acf":[],"tiered_pricing_type":"fixed","tiered_pricing_fixed_rules":[],"tiered_pricing_product_settings":{"layout":"default","base_unit_name":{"singular":null,"plural":null},"default_variation":null},"tiered_pricing_minimum_quantity":null,"tiered_pricing_roles_data":[],"tiered_pricing_percentage_rules":[],"tiered_pricing_maximum_quantity":null,"tiered_pricing_quantity_step":null,"_links":{"self":[{"href":"https:\/\/tapiocastudio.shop\/de\/wp-json\/wp\/v2\/product\/5416","targetHints":{"allow":["GET"]}}],"collection":[{"href":"https:\/\/tapiocastudio.shop\/de\/wp-json\/wp\/v2\/product"}],"about":[{"href":"https:\/\/tapiocastudio.shop\/de\/wp-json\/wp\/v2\/types\/product"}],"replies":[{"embeddable":true,"href":"https:\/\/tapiocastudio.shop\/de\/wp-json\/wp\/v2\/comments?post=5416"}],"version-history":[{"count":5,"href":"https:\/\/tapiocastudio.shop\/de\/wp-json\/wp\/v2\/product\/5416\/revisions"}],"predecessor-version":[{"id":7695,"href":"https:\/\/tapiocastudio.shop\/de\/wp-json\/wp\/v2\/product\/5416\/revisions\/7695"}],"wp:featuredmedia":[{"embeddable":true,"href":"https:\/\/tapiocastudio.shop\/de\/wp-json\/wp\/v2\/media\/7577"}],"wp:attachment":[{"href":"https:\/\/tapiocastudio.shop\/de\/wp-json\/wp\/v2\/media?parent=5416"}],"wp:term":[{"taxonomy":"product_brand","embeddable":true,"href":"https:\/\/tapiocastudio.shop\/de\/wp-json\/wp\/v2\/product_brand?post=5416"},{"taxonomy":"product_cat","embeddable":true,"href":"https:\/\/tapiocastudio.shop\/de\/wp-json\/wp\/v2\/product_cat?post=5416"},{"taxonomy":"product_tag","embeddable":true,"href":"https:\/\/tapiocastudio.shop\/de\/wp-json\/wp\/v2\/product_tag?post=5416"}],"curies":[{"name":"wp","href":"https:\/\/api.w.org\/{rel}","templated":true}]}}