{"id":3074,"date":"2025-11-06T16:16:02","date_gmt":"2025-11-06T16:16:02","guid":{"rendered":"https:\/\/tapiocastudio.shop\/?post_type=product&#038;p=3074"},"modified":"2026-04-06T14:44:58","modified_gmt":"2026-04-06T14:44:58","slug":"lateinamerika-karte-als-poster-moderne-farbenfrohe-wandkunst","status":"publish","type":"product","link":"https:\/\/tapiocastudio.shop\/de\/product\/latin-america-map-poster-modern-colorful-wall-art\/","title":{"rendered":"Lateinamerika-Kartenposter"},"content":{"rendered":"<p data-start=\"27\" data-end=\"131\">Feiern Sie Lateinamerika mit einem ausdrucksstarken, modernen Kartendruck, der die gesamte Region auf einen Blick zeigt.<\/p>\n<p data-start=\"133\" data-end=\"345\">Dieses Poster mit einer Karte von Lateinamerika enth\u00e4lt alle L\u00e4ndergrenzen. Das Layout vereint eine ausdrucksstarke Typografie mit einer klaren Struktur und bietet so sowohl geografische Details als auch modernes Design in einem.<\/p>\n<p data-start=\"347\" data-end=\"388\"><strong>Was beinhaltet diese Karte von Lateinamerika?<\/strong><\/p>\n<p data-start=\"390\" data-end=\"518\">\u2022 Alle lateinamerikanischen L\u00e4nder<br data-start=\"420\" data-end=\"423\" \/>\u2022 Klar definierte nationale Grenzen<br data-start=\"483\" data-end=\"486\" \/>\u2022 Ausgewogene, moderne Komposition<\/p>\n<p data-start=\"520\" data-end=\"549\"><strong>Dieser Druck eignet sich gut, wenn Sie:<\/strong><\/p>\n<p data-start=\"551\" data-end=\"740\">\u2022 M\u00f6chten Sie Ihre lateinamerikanischen Wurzeln feiern?<br data-start=\"587\" data-end=\"590\" \/>\u2022 Ich liebe die lateinamerikanische Kultur und das Reisen.<br data-start=\"630\" data-end=\"633\" \/>\u2022 Sie ben\u00f6tigen ein aussagekr\u00e4ftiges St\u00fcck f\u00fcr Ihr Wohnzimmer oder Ihren Arbeitsbereich?<br data-start=\"692\" data-end=\"695\" \/>\u2022 Suchen Sie nach einer Geschenkidee aus Lateinamerika?<\/p>\n<p data-start=\"742\" data-end=\"930\">Jedes Poster wird in Museumsqualit\u00e4t auf dickem, mattem 250-g\/m\u00b2-Papier gedruckt. Das Ergebnis sind satte Farben, gestochen scharfer Text und eine reflexionsarme Oberfl\u00e4che, die Details bei jedem Licht klar erkennbar h\u00e4lt.<\/p>\n<p data-start=\"932\" data-end=\"1077\">Es stehen verschiedene Farbvarianten zur Auswahl, passend zu Ihrer Einrichtung. Gerne k\u00f6nnen Sie auch eine individuelle Anpassung anfragen, falls Sie einen dezenteren oder kr\u00e4ftigeren Look bevorzugen.<\/p>\n<p data-start=\"1079\" data-end=\"1245\" data-is-last-node=\"\" data-is-only-node=\"\">Wenn Sie auf der Suche nach einem detaillierten Lateinamerika-Kartenposter mit L\u00e4ndergrenzen und Hauptst\u00e4dten sind, bietet Ihnen dieses Design eine klare und moderne Darstellung der Region.<\/p>","protected":false},"excerpt":{"rendered":"<p data-start=\"1410\" data-end=\"1516\">Eine moderne Karte Lateinamerikas, vereinfacht f\u00fcr optimale \u00dcbersichtlichkeit und starke visuelle Wirkung. Weltweiter Versand innerhalb von 1\u20133 Werktagen.<\/p>","protected":false},"featured_media":7514,"comment_status":"open","ping_status":"closed","template":"","meta":{"_acf_changed":false},"product_brand":[],"product_cat":[16,150,55],"product_tag":[],"class_list":{"0":"post-3074","1":"product","2":"type-product","3":"status-publish","4":"has-post-thumbnail","6":"product_cat-all-posters","7":"product_cat-bestsellers","8":"product_cat-world-maps","10":"first","11":"instock","12":"shipping-taxable","13":"purchasable","14":"product-type-variable"},"acf":[],"tiered_pricing_type":"fixed","tiered_pricing_fixed_rules":[],"tiered_pricing_product_settings":{"layout":"default","base_unit_name":{"singular":null,"plural":null},"default_variation":null},"tiered_pricing_minimum_quantity":null,"tiered_pricing_roles_data":[],"tiered_pricing_percentage_rules":[],"tiered_pricing_maximum_quantity":null,"tiered_pricing_quantity_step":null,"_links":{"self":[{"href":"https:\/\/tapiocastudio.shop\/de\/wp-json\/wp\/v2\/product\/3074","targetHints":{"allow":["GET"]}}],"collection":[{"href":"https:\/\/tapiocastudio.shop\/de\/wp-json\/wp\/v2\/product"}],"about":[{"href":"https:\/\/tapiocastudio.shop\/de\/wp-json\/wp\/v2\/types\/product"}],"replies":[{"embeddable":true,"href":"https:\/\/tapiocastudio.shop\/de\/wp-json\/wp\/v2\/comments?post=3074"}],"version-history":[{"count":6,"href":"https:\/\/tapiocastudio.shop\/de\/wp-json\/wp\/v2\/product\/3074\/revisions"}],"predecessor-version":[{"id":7703,"href":"https:\/\/tapiocastudio.shop\/de\/wp-json\/wp\/v2\/product\/3074\/revisions\/7703"}],"wp:featuredmedia":[{"embeddable":true,"href":"https:\/\/tapiocastudio.shop\/de\/wp-json\/wp\/v2\/media\/7514"}],"wp:attachment":[{"href":"https:\/\/tapiocastudio.shop\/de\/wp-json\/wp\/v2\/media?parent=3074"}],"wp:term":[{"taxonomy":"product_brand","embeddable":true,"href":"https:\/\/tapiocastudio.shop\/de\/wp-json\/wp\/v2\/product_brand?post=3074"},{"taxonomy":"product_cat","embeddable":true,"href":"https:\/\/tapiocastudio.shop\/de\/wp-json\/wp\/v2\/product_cat?post=3074"},{"taxonomy":"product_tag","embeddable":true,"href":"https:\/\/tapiocastudio.shop\/de\/wp-json\/wp\/v2\/product_tag?post=3074"}],"curies":[{"name":"wp","href":"https:\/\/api.w.org\/{rel}","templated":true}]}}