{"id":2947,"date":"2025-11-04T00:19:33","date_gmt":"2025-11-04T00:19:33","guid":{"rendered":"https:\/\/tapiocastudio.shop\/?post_type=product&#038;p=2947"},"modified":"2026-04-03T10:44:10","modified_gmt":"2026-04-03T10:44:10","slug":"u-bahn-plan-von-new-york-city","status":"publish","type":"product","link":"https:\/\/tapiocastudio.shop\/de\/product\/new-york-city-subway-map\/","title":{"rendered":"New Yorker U-Bahn-Plan, Schwarzwei\u00dfposter"},"content":{"rendered":"<p data-start=\"189\" data-end=\"298\">Verleihen Sie Ihrer Wand mit diesem monochromen Liniennetzplan einen klaren und \u00fcbersichtlichen \u00dcberblick \u00fcber das New Yorker U-Bahn-System.<\/p>\n<p data-start=\"300\" data-end=\"554\">Dieses Poster mit dem New Yorker U-Bahn-Plan pr\u00e4sentiert das gesamte MTA-Netz in monochromer Farbgebung und legt den Fokus auf Linienf\u00fchrung und Stationsverbindungen. Das vereinfachte Layout macht eines der komplexesten Nahverkehrssysteme der Welt \u00fcbersichtlicher und optisch ansprechender.<\/p>\n<p data-start=\"556\" data-end=\"594\"><strong>Was beinhaltet dieser U-Bahn-Plan von New York?<\/strong><\/p>\n<p data-start=\"596\" data-end=\"746\">\u2022 Komplettes U-Bahn-Netz von New York City<br data-start=\"635\" data-end=\"638\" \/>\u2022 Klar definierte Linien und Umsteigepunkte<br data-start=\"681\" data-end=\"684\" \/>\u2022 Wichtige Bahnhofsverbindungen<br data-start=\"711\" data-end=\"714\" \/>\u2022 Minimalistisches monochromes Design<\/p>\n<p data-start=\"748\" data-end=\"867\">Die einfarbige Gestaltung verleiht dem Poster einen modernen Look, der gut in B\u00fcros, Studios und zeitgen\u00f6ssische Interieurs passt.<\/p>\n<p data-start=\"869\" data-end=\"1039\">Gedruckt auf hochwertigem, mattem Papier, bleiben feine Linien scharf und Stationsnamen klar erkennbar. Die reflexionsarme Oberfl\u00e4che gew\u00e4hrleistet optimale Lesbarkeit bei unterschiedlichen Lichtverh\u00e4ltnissen.<\/p>\n<p data-start=\"1041\" data-end=\"1258\">Haftungsausschluss: Dieses Poster ist ein unabh\u00e4ngiges Design von Tapioca Studio. Es steht in keiner Verbindung zur Metropolitan Transportation Authority oder einer anderen offiziellen New Yorker Verkehrsbeh\u00f6rde und wird von diesen weder unterst\u00fctzt noch empfohlen.<\/p>\n<p data-start=\"1260\" data-end=\"1418\" data-is-last-node=\"\" data-is-only-node=\"\">Wenn Sie auf der Suche nach einem monochromen Poster mit einer Karte der New Yorker U-Bahn, klarer Struktur und pr\u00e4zisen Details sind, verwandelt dieser Druck das MTA-Netz in moderne Wandkunst.<\/p>","protected":false},"excerpt":{"rendered":"<p data-start=\"2056\" data-end=\"2173\">Eine grafische Interpretation des New Yorker U-Bahn-Systems in einem klaren monochromen Design.<\/p>","protected":false},"featured_media":7538,"comment_status":"open","ping_status":"closed","template":"","meta":{"_acf_changed":false},"product_brand":[],"product_cat":[16,150,52],"product_tag":[74,77,70,73,79,71,72,67,78,76,69,68,75],"class_list":{"0":"post-2947","1":"product","2":"type-product","3":"status-publish","4":"has-post-thumbnail","6":"product_cat-all-posters","7":"product_cat-bestsellers","8":"product_cat-transit-maps","9":"product_tag-blue-wall-decor","10":"product_tag-city-lover-gift","11":"product_tag-city-map-decor","12":"product_tag-minimalist-map","13":"product_tag-modern-city-print","14":"product_tag-modern-travel-print","15":"product_tag-new-york-art","16":"product_tag-new-york-city-poster","17":"product_tag-new-york-home-decor","18":"product_tag-nyc-subway-art","19":"product_tag-nyc-wall-art","20":"product_tag-subway-map-print","21":"product_tag-urban-design-poster","23":"first","24":"instock","25":"shipping-taxable","26":"purchasable","27":"product-type-variable"},"acf":[],"tiered_pricing_type":"fixed","tiered_pricing_fixed_rules":[],"tiered_pricing_product_settings":{"layout":"default","base_unit_name":{"singular":null,"plural":null},"default_variation":null},"tiered_pricing_minimum_quantity":null,"tiered_pricing_roles_data":[],"tiered_pricing_percentage_rules":[],"tiered_pricing_maximum_quantity":null,"tiered_pricing_quantity_step":null,"_links":{"self":[{"href":"https:\/\/tapiocastudio.shop\/de\/wp-json\/wp\/v2\/product\/2947","targetHints":{"allow":["GET"]}}],"collection":[{"href":"https:\/\/tapiocastudio.shop\/de\/wp-json\/wp\/v2\/product"}],"about":[{"href":"https:\/\/tapiocastudio.shop\/de\/wp-json\/wp\/v2\/types\/product"}],"replies":[{"embeddable":true,"href":"https:\/\/tapiocastudio.shop\/de\/wp-json\/wp\/v2\/comments?post=2947"}],"version-history":[{"count":13,"href":"https:\/\/tapiocastudio.shop\/de\/wp-json\/wp\/v2\/product\/2947\/revisions"}],"predecessor-version":[{"id":6651,"href":"https:\/\/tapiocastudio.shop\/de\/wp-json\/wp\/v2\/product\/2947\/revisions\/6651"}],"wp:featuredmedia":[{"embeddable":true,"href":"https:\/\/tapiocastudio.shop\/de\/wp-json\/wp\/v2\/media\/7538"}],"wp:attachment":[{"href":"https:\/\/tapiocastudio.shop\/de\/wp-json\/wp\/v2\/media?parent=2947"}],"wp:term":[{"taxonomy":"product_brand","embeddable":true,"href":"https:\/\/tapiocastudio.shop\/de\/wp-json\/wp\/v2\/product_brand?post=2947"},{"taxonomy":"product_cat","embeddable":true,"href":"https:\/\/tapiocastudio.shop\/de\/wp-json\/wp\/v2\/product_cat?post=2947"},{"taxonomy":"product_tag","embeddable":true,"href":"https:\/\/tapiocastudio.shop\/de\/wp-json\/wp\/v2\/product_tag?post=2947"}],"curies":[{"name":"wp","href":"https:\/\/api.w.org\/{rel}","templated":true}]}}