{"id":5095,"date":"2026-01-27T12:17:54","date_gmt":"2026-01-27T12:17:54","guid":{"rendered":"https:\/\/tapiocastudio.shop\/?page_id=5095"},"modified":"2026-01-27T12:17:58","modified_gmt":"2026-01-27T12:17:58","slug":"geschaftsbedingungen","status":"publish","type":"page","link":"https:\/\/tapiocastudio.shop\/de\/terms-and-conditions\/","title":{"rendered":"Gesch\u00e4ftsbedingungen"},"content":{"rendered":"<div class=\"wp-block-stackable-columns alignfull stk-block-columns stk-block stk-dc595a3 stk-block-background\" data-block-id=\"dc595a3\"><style>.stk-dc595a3 {background-color:var(--theme-palette-color-6, #D9DADA) !important;padding-top:120px !important;padding-bottom:120px !important;margin-bottom:0px !important;}.stk-dc595a3:before{background-color:var(--theme-palette-color-6, #D9DADA) !important;}@media screen and (max-width:999px){.stk-dc595a3 {padding-top:80px !important;padding-bottom:80px !important;}}<\/style><div class=\"stk-row stk-inner-blocks stk-block-content stk-content-align stk-dc595a3-column\">\n<div class=\"wp-block-stackable-column stk-block-column stk-column stk-block stk-29e92bc\" data-v=\"4\" data-block-id=\"29e92bc\"><style>.stk-29e92bc-container{margin-top:0px !important;margin-right:0px !important;margin-bottom:0px !important;margin-left:0px !important;}<\/style><div class=\"stk-column-wrapper stk-block-column__content stk-container stk-29e92bc-container stk--no-background stk--no-padding\"><div class=\"stk-block-content stk-inner-blocks stk-29e92bc-inner-blocks\">\n<div class=\"wp-block-stackable-heading stk-block-heading stk-block-heading--v2 stk-block stk-2d08bbf\" id=\"terms-and-conditions\" data-block-id=\"2d08bbf\"><style>.stk-2d08bbf .stk-block-heading__text{font-size:80px !important;}@media screen and (max-width:999px){.stk-2d08bbf .stk-block-heading__text{font-size:45px !important;}}@media screen and (max-width:689px){.stk-2d08bbf .stk-block-heading__text{font-size:35px !important;}}<\/style><h2 class=\"stk-block-heading__text has-text-align-center\">Gesch\u00e4ftsbedingungen<\/h2><\/div>\n<\/div><\/div><\/div>\n<\/div><\/div>\n\n\n\n<h2 class=\"wp-block-heading\"><\/h2>\n\n\n\n<p>Diese Allgemeinen Gesch\u00e4ftsbedingungen gelten f\u00fcr alle K\u00e4ufe und die Nutzung von tapiocastudio.shop. Durch den Zugriff auf diese Website oder die Aufgabe einer Bestellung erkl\u00e4ren Sie sich mit den nachfolgenden Bedingungen einverstanden.<br><\/p>\n\n\n\n<h3 class=\"wp-block-heading\">\u00dcber den Laden<\/h3>\n\n\n\n<p>Tapioca Studio ist ein unabh\u00e4ngiges Designstudio, das individuell bedruckte Produkte auf Bestellung verkauft. Alle Produkte werden erst nach der Bestellung gefertigt.<\/p>\n\n\n\n<h3 class=\"wp-block-heading\">Produkte<\/h3>\n\n\n\n<p>Alle Produkte werden individuell nach den vom Kunden gew\u00e4hlten Optionen bedruckt. Produktbilder dienen nur als Referenz. Die endg\u00fcltigen Farben k\u00f6nnen aufgrund von Bildschirmeinstellungen und Druckverfahren leicht abweichen.<\/p>\n\n\n\n<h3 class=\"wp-block-heading\">Bestellungen und Zahlung<\/h3>\n\n\n\n<p>Bestellungen werden erst nach erfolgreicher Zahlung bearbeitet. Wir behalten uns das Recht vor, Bestellungen bei fehlerhaften Angaben, Betrugsverdacht oder technischen Fehlern zu stornieren oder abzulehnen. Im Falle einer Stornierung wird die bereits geleistete Zahlung zur\u00fcckerstattet.<\/p>\n\n\n\n<h3 class=\"wp-block-heading\">Preisgestaltung<\/h3>\n\n\n\n<p>Alle Preise verstehen sich in Euro, sofern nicht anders angegeben. Preis\u00e4nderungen sind jederzeit m\u00f6glich. Bereits best\u00e4tigte Bestellungen sind von Preis\u00e4nderungen nicht betroffen.<\/p>\n\n\n\n<h3 class=\"wp-block-heading\">Versand<\/h3>\n\n\n\n<p>Produktionszeiten, Versandarten, voraussichtliche Lieferzeiten und Versandkosten sind auf unserer Seite \u201eVersandrichtlinien\u201c beschrieben. Lieferzeiten sind Sch\u00e4tzungen und k\u00f6nnen nicht garantiert werden.<\/p>\n\n\n\n<h3 class=\"wp-block-heading\">R\u00fcckgabe und Erstattung<\/h3>\n\n\n\n<p>Die R\u00fcckgabebedingungen und das R\u00fcckgabeverfahren sind auf unserer Seite \u201eR\u00fcckgabe- und Erstattungsrichtlinien\u201c beschrieben. Sonderanfertigungen werden auf Bestellung gefertigt und k\u00f6nnen nur bei Besch\u00e4digung oder M\u00e4ngeln erstattet werden.<\/p>\n\n\n\n<h3 class=\"wp-block-heading\">Geistiges Eigentum<\/h3>\n\n\n\n<p>Alle Designs, Illustrationen, Bilder und Inhalte dieser Website sind Eigentum von Tapioca Studio. Ohne vorherige schriftliche Genehmigung ist es Ihnen nicht gestattet, Inhalte zu kopieren, zu vervielf\u00e4ltigen, zu verbreiten oder weiterzuverkaufen.<\/p>\n\n\n\n<h3 class=\"wp-block-heading\">Website-Nutzung<\/h3>\n\n\n\n<p>Sie stimmen zu, diese Website nicht zu missbrauchen, keinen unbefugten Zugriff zu versuchen und ihre Funktionalit\u00e4t nicht zu beeintr\u00e4chtigen.<\/p>\n\n\n\n<h3 class=\"wp-block-heading\">Haftungsbeschr\u00e4nkung<\/h3>\n\n\n\n<p>Tapioca Studio \u00fcbernimmt keine Verantwortung f\u00fcr Verz\u00f6gerungen oder Probleme, die durch Versandunternehmen, Zollabfertigung, vom Kunden bereitgestellte falsche Lieferinformationen oder Ereignisse au\u00dferhalb unserer Kontrolle verursacht werden.<\/p>\n\n\n\n<h3 class=\"wp-block-heading\">Anwendbares Recht<\/h3>\n\n\n\n<p>Diese Bedingungen unterliegen den geltenden Gesetzen der Europ\u00e4ischen Union und den lokalen Vorschriften.<\/p>\n\n\n\n<h3 class=\"wp-block-heading\">Kontakt<\/h3>\n\n\n\n<p>Bei Fragen zu diesen Allgemeinen Gesch\u00e4ftsbedingungen kontaktieren Sie uns bitte unter <a>contact@tapiocastudio.shop<\/a>.<\/p>","protected":false},"excerpt":{"rendered":"<p>Terms and Conditions These Terms and Conditions apply to all purchases and use of tapiocastudio.shop. By accessing this website or placing an order, you agree to the terms below. About the store Tapioca Studio is an independent design studio selling custom printed products made to order. All products are produced after purchase. Products All products [&hellip;]<\/p>\n","protected":false},"author":1,"featured_media":0,"parent":0,"menu_order":0,"comment_status":"closed","ping_status":"closed","template":"","meta":{"_acf_changed":false,"footnotes":""},"class_list":["post-5095","page","type-page","status-publish","hentry"],"blocksy_meta":{"has_hero_section":"disabled","styles_descriptor":{"styles":{"desktop":"","tablet":"","mobile":""},"google_fonts":[],"version":6}},"acf":[],"_links":{"self":[{"href":"https:\/\/tapiocastudio.shop\/de\/wp-json\/wp\/v2\/pages\/5095","targetHints":{"allow":["GET"]}}],"collection":[{"href":"https:\/\/tapiocastudio.shop\/de\/wp-json\/wp\/v2\/pages"}],"about":[{"href":"https:\/\/tapiocastudio.shop\/de\/wp-json\/wp\/v2\/types\/page"}],"author":[{"embeddable":true,"href":"https:\/\/tapiocastudio.shop\/de\/wp-json\/wp\/v2\/users\/1"}],"replies":[{"embeddable":true,"href":"https:\/\/tapiocastudio.shop\/de\/wp-json\/wp\/v2\/comments?post=5095"}],"version-history":[{"count":2,"href":"https:\/\/tapiocastudio.shop\/de\/wp-json\/wp\/v2\/pages\/5095\/revisions"}],"predecessor-version":[{"id":5097,"href":"https:\/\/tapiocastudio.shop\/de\/wp-json\/wp\/v2\/pages\/5095\/revisions\/5097"}],"wp:attachment":[{"href":"https:\/\/tapiocastudio.shop\/de\/wp-json\/wp\/v2\/media?parent=5095"}],"curies":[{"name":"wp","href":"https:\/\/api.w.org\/{rel}","templated":true}]}}